{"id":970,"date":"2021-04-17T10:07:33","date_gmt":"2021-04-17T10:07:33","guid":{"rendered":"https:\/\/sadccae.wpengine.com\/?page_id=970"},"modified":"2024-01-26T13:41:26","modified_gmt":"2024-01-26T18:41:26","slug":"services-offerts","status":"publish","type":"page","link":"https:\/\/sadcdev.picard.ca\/fr\/services-offerts\/","title":{"rendered":"Services offerts"},"content":{"rendered":"<div class=\"text_serv\">UN R\u00c9SEAU QUI OFFRE DES SERVICES EN <a href=\"#dev-economique-local\"><span style=\"text-decoration: underline; color: #69a517;\">D\u00c9VELOPPEMENT LOCAL<\/span><\/a> AINSI QUE DE <a href=\"#aide-technique\"><span style=\"text-decoration: underline; color: #69a517;\">L\u2019AIDE-TECHNIQUE<\/span><\/a> ET DU <a href=\"#financement\"><span style=\"text-decoration: underline; color: #69a517;\">FINANCEMENT<\/span><\/a> AUX ENTREPRISES.<\/div>\n","protected":false},"excerpt":{"rendered":"<p>UN R\u00c9SEAU QUI OFFRE DES SERVICES EN D\u00c9VELOPPEMENT LOCAL AINSI QUE DE L\u2019AIDE-TECHNIQUE ET DU FINANCEMENT AUX ENTREPRISES.<\/p>\n","protected":false},"author":2,"featured_media":0,"parent":0,"menu_order":0,"comment_status":"closed","ping_status":"closed","template":"template-parts\/services.php","meta":{"_acf_changed":false,"footnotes":""},"class_list":["post-970","page","type-page","status-publish","hentry"],"acf":[],"yoast_head":"<!-- This site is optimized with the Yoast SEO plugin v26.8 - https:\/\/yoast.com\/product\/yoast-seo-wordpress\/ -->\n<title>R\u00e9seau des SADC et CAE - Services offerts<\/title>\n<meta name=\"description\" content=\"Propulsez votre entreprise ou votre projet local vers la r\u00e9ussite. Contactez la SADC ou le CAE de votre r\u00e9gion \/ Accompagnement et financement.\" \/>\n<meta name=\"robots\" content=\"noindex, follow, max-snippet:-1, max-image-preview:large, max-video-preview:-1\" \/>\n<meta property=\"og:locale\" content=\"fr_FR\" \/>\n<meta property=\"og:type\" content=\"article\" \/>\n<meta property=\"og:title\" content=\"R\u00e9seau des SADC et CAE - Services offerts\" \/>\n<meta property=\"og:description\" content=\"Propulsez votre entreprise ou votre projet local vers la r\u00e9ussite. Contactez la SADC ou le CAE de votre r\u00e9gion \/ Accompagnement et financement.\" \/>\n<meta property=\"og:url\" content=\"https:\/\/sadcdev.picard.ca\/services-offerts\/\" \/>\n<meta property=\"og:site_name\" content=\"R\u00e9seau des SADC et CAE\" \/>\n<meta property=\"article:modified_time\" content=\"2024-01-26T18:41:26+00:00\" \/>\n<meta property=\"og:image\" content=\"https:\/\/sadcdev.picard.ca\/wp-content\/uploads\/2024\/09\/image-partage-sadc.png\" \/>\n\t<meta property=\"og:image:width\" content=\"1408\" \/>\n\t<meta property=\"og:image:height\" content=\"812\" \/>\n\t<meta property=\"og:image:type\" content=\"image\/png\" \/>\n<meta name=\"twitter:card\" content=\"summary_large_image\" \/>\n<meta name=\"twitter:label1\" content=\"Dur\u00e9e de lecture estim\u00e9e\" \/>\n\t<meta name=\"twitter:data1\" content=\"1 minute\" \/>\n<script type=\"application\/ld+json\" class=\"yoast-schema-graph\">{\"@context\":\"https:\/\/schema.org\",\"@graph\":[{\"@type\":\"WebPage\",\"@id\":\"https:\/\/sadcdev.picard.ca\/services-offerts\/\",\"url\":\"https:\/\/sadcdev.picard.ca\/services-offerts\/\",\"name\":\"R\u00e9seau des SADC et CAE - Services offerts\",\"isPartOf\":{\"@id\":\"https:\/\/sadcdev.picard.ca\/fr\/#website\"},\"datePublished\":\"2021-04-17T10:07:33+00:00\",\"dateModified\":\"2024-01-26T18:41:26+00:00\",\"description\":\"Propulsez votre entreprise ou votre projet local vers la r\u00e9ussite. Contactez la SADC ou le CAE de votre r\u00e9gion \/ Accompagnement et financement.\",\"breadcrumb\":{\"@id\":\"https:\/\/sadcdev.picard.ca\/services-offerts\/#breadcrumb\"},\"inLanguage\":\"fr-FR\",\"potentialAction\":[{\"@type\":\"ReadAction\",\"target\":[\"https:\/\/sadcdev.picard.ca\/services-offerts\/\"]}]},{\"@type\":\"BreadcrumbList\",\"@id\":\"https:\/\/sadcdev.picard.ca\/services-offerts\/#breadcrumb\",\"itemListElement\":[{\"@type\":\"ListItem\",\"position\":1,\"name\":\"Accueil\",\"item\":\"https:\/\/sadcdev.picard.ca\/\"},{\"@type\":\"ListItem\",\"position\":2,\"name\":\"Services offerts\"}]},{\"@type\":\"WebSite\",\"@id\":\"https:\/\/sadcdev.picard.ca\/fr\/#website\",\"url\":\"https:\/\/sadcdev.picard.ca\/fr\/\",\"name\":\"CAE Laprade Trois-Rivi\u00e8res\",\"description\":\"On soutient et finance vos projets locaux\",\"publisher\":{\"@id\":\"https:\/\/sadcdev.picard.ca\/fr\/#organization\"},\"potentialAction\":[{\"@type\":\"SearchAction\",\"target\":{\"@type\":\"EntryPoint\",\"urlTemplate\":\"https:\/\/sadcdev.picard.ca\/fr\/?s={search_term_string}\"},\"query-input\":{\"@type\":\"PropertyValueSpecification\",\"valueRequired\":true,\"valueName\":\"search_term_string\"}}],\"inLanguage\":\"fr-FR\"},{\"@type\":\"Organization\",\"@id\":\"https:\/\/sadcdev.picard.ca\/fr\/#organization\",\"name\":\"CAE Laprade Trois-Rivi\u00e8res Inc.\",\"url\":\"https:\/\/sadcdev.picard.ca\/fr\/\",\"logo\":{\"@type\":\"ImageObject\",\"inLanguage\":\"fr-FR\",\"@id\":\"https:\/\/sadcdev.picard.ca\/fr\/#\/schema\/logo\/image\/\",\"url\":\"https:\/\/sadcdev.picard.ca\/wp-content\/uploads\/2024\/09\/SADC_Facebook_PhotoProfil.jpg\",\"contentUrl\":\"https:\/\/sadcdev.picard.ca\/wp-content\/uploads\/2024\/09\/SADC_Facebook_PhotoProfil.jpg\",\"width\":640,\"height\":640,\"caption\":\"CAE Laprade Trois-Rivi\u00e8res Inc.\"},\"image\":{\"@id\":\"https:\/\/sadcdev.picard.ca\/fr\/#\/schema\/logo\/image\/\"}}]}<\/script>\n<!-- \/ Yoast SEO plugin. -->","yoast_head_json":{"title":"R\u00e9seau des SADC et CAE - Services offerts","description":"Propulsez votre entreprise ou votre projet local vers la r\u00e9ussite. Contactez la SADC ou le CAE de votre r\u00e9gion \/ Accompagnement et financement.","robots":{"index":"noindex","follow":"follow","max-snippet":"max-snippet:-1","max-image-preview":"max-image-preview:large","max-video-preview":"max-video-preview:-1"},"og_locale":"fr_FR","og_type":"article","og_title":"R\u00e9seau des SADC et CAE - Services offerts","og_description":"Propulsez votre entreprise ou votre projet local vers la r\u00e9ussite. Contactez la SADC ou le CAE de votre r\u00e9gion \/ Accompagnement et financement.","og_url":"https:\/\/sadcdev.picard.ca\/services-offerts\/","og_site_name":"R\u00e9seau des SADC et CAE","article_modified_time":"2024-01-26T18:41:26+00:00","og_image":[{"width":1408,"height":812,"url":"https:\/\/sadcdev.picard.ca\/wp-content\/uploads\/2024\/09\/image-partage-sadc.png","type":"image\/png"}],"twitter_card":"summary_large_image","twitter_misc":{"Dur\u00e9e de lecture estim\u00e9e":"1 minute"},"schema":{"@context":"https:\/\/schema.org","@graph":[{"@type":"WebPage","@id":"https:\/\/sadcdev.picard.ca\/services-offerts\/","url":"https:\/\/sadcdev.picard.ca\/services-offerts\/","name":"R\u00e9seau des SADC et CAE - Services offerts","isPartOf":{"@id":"https:\/\/sadcdev.picard.ca\/fr\/#website"},"datePublished":"2021-04-17T10:07:33+00:00","dateModified":"2024-01-26T18:41:26+00:00","description":"Propulsez votre entreprise ou votre projet local vers la r\u00e9ussite. Contactez la SADC ou le CAE de votre r\u00e9gion \/ Accompagnement et financement.","breadcrumb":{"@id":"https:\/\/sadcdev.picard.ca\/services-offerts\/#breadcrumb"},"inLanguage":"fr-FR","potentialAction":[{"@type":"ReadAction","target":["https:\/\/sadcdev.picard.ca\/services-offerts\/"]}]},{"@type":"BreadcrumbList","@id":"https:\/\/sadcdev.picard.ca\/services-offerts\/#breadcrumb","itemListElement":[{"@type":"ListItem","position":1,"name":"Accueil","item":"https:\/\/sadcdev.picard.ca\/"},{"@type":"ListItem","position":2,"name":"Services offerts"}]},{"@type":"WebSite","@id":"https:\/\/sadcdev.picard.ca\/fr\/#website","url":"https:\/\/sadcdev.picard.ca\/fr\/","name":"CAE Laprade Trois-Rivi\u00e8res","description":"On soutient et finance vos projets locaux","publisher":{"@id":"https:\/\/sadcdev.picard.ca\/fr\/#organization"},"potentialAction":[{"@type":"SearchAction","target":{"@type":"EntryPoint","urlTemplate":"https:\/\/sadcdev.picard.ca\/fr\/?s={search_term_string}"},"query-input":{"@type":"PropertyValueSpecification","valueRequired":true,"valueName":"search_term_string"}}],"inLanguage":"fr-FR"},{"@type":"Organization","@id":"https:\/\/sadcdev.picard.ca\/fr\/#organization","name":"CAE Laprade Trois-Rivi\u00e8res Inc.","url":"https:\/\/sadcdev.picard.ca\/fr\/","logo":{"@type":"ImageObject","inLanguage":"fr-FR","@id":"https:\/\/sadcdev.picard.ca\/fr\/#\/schema\/logo\/image\/","url":"https:\/\/sadcdev.picard.ca\/wp-content\/uploads\/2024\/09\/SADC_Facebook_PhotoProfil.jpg","contentUrl":"https:\/\/sadcdev.picard.ca\/wp-content\/uploads\/2024\/09\/SADC_Facebook_PhotoProfil.jpg","width":640,"height":640,"caption":"CAE Laprade Trois-Rivi\u00e8res Inc."},"image":{"@id":"https:\/\/sadcdev.picard.ca\/fr\/#\/schema\/logo\/image\/"}}]}},"_links":{"self":[{"href":"https:\/\/sadcdev.picard.ca\/fr\/wp-json\/wp\/v2\/pages\/970","targetHints":{"allow":["GET"]}}],"collection":[{"href":"https:\/\/sadcdev.picard.ca\/fr\/wp-json\/wp\/v2\/pages"}],"about":[{"href":"https:\/\/sadcdev.picard.ca\/fr\/wp-json\/wp\/v2\/types\/page"}],"author":[{"embeddable":true,"href":"https:\/\/sadcdev.picard.ca\/fr\/wp-json\/wp\/v2\/users\/2"}],"replies":[{"embeddable":true,"href":"https:\/\/sadcdev.picard.ca\/fr\/wp-json\/wp\/v2\/comments?post=970"}],"version-history":[{"count":0,"href":"https:\/\/sadcdev.picard.ca\/fr\/wp-json\/wp\/v2\/pages\/970\/revisions"}],"wp:attachment":[{"href":"https:\/\/sadcdev.picard.ca\/fr\/wp-json\/wp\/v2\/media?parent=970"}],"curies":[{"name":"wp","href":"https:\/\/api.w.org\/{rel}","templated":true}]}}