{"id":913,"date":"2021-04-15T23:58:01","date_gmt":"2021-04-15T23:58:01","guid":{"rendered":"https:\/\/sadcdev.picard.ca\/?page_id=913"},"modified":"2024-10-04T10:35:03","modified_gmt":"2024-10-04T14:35:03","slug":"transfert-et-releve-repreneuriat","status":"publish","type":"page","link":"https:\/\/sadcdev.picard.ca\/fr\/transfert-et-releve-repreneuriat\/","title":{"rendered":"Transfert d&rsquo;entreprise \/ repreneuriat"},"content":{"rendered":"\t\t<div data-elementor-type=\"wp-page\" data-elementor-id=\"913\" class=\"elementor elementor-913\" data-elementor-post-type=\"page\">\n\t\t\t\t\t\t<section class=\"elementor-section elementor-top-section elementor-element elementor-element-9243659 elementor-section-boxed elementor-section-height-default elementor-section-height-default\" data-id=\"9243659\" data-element_type=\"section\" data-e-type=\"section\" data-settings=\"{&quot;background_background&quot;:&quot;classic&quot;}\">\n\t\t\t\t\t\t<div class=\"elementor-container elementor-column-gap-default\">\n\t\t\t\t\t<div class=\"elementor-column elementor-col-100 elementor-top-column elementor-element elementor-element-081bb18\" data-id=\"081bb18\" data-element_type=\"column\" data-e-type=\"column\">\n\t\t\t<div class=\"elementor-widget-wrap elementor-element-populated\">\n\t\t\t\t\t\t<section class=\"elementor-section elementor-inner-section elementor-element elementor-element-84bb300 elementor-section-boxed elementor-section-height-default elementor-section-height-default\" data-id=\"84bb300\" data-element_type=\"section\" data-e-type=\"section\">\n\t\t\t\t\t\t<div class=\"elementor-container elementor-column-gap-default\">\n\t\t\t\t\t<div class=\"elementor-column elementor-col-50 elementor-inner-column elementor-element elementor-element-20a7e88\" data-id=\"20a7e88\" data-element_type=\"column\" data-e-type=\"column\">\n\t\t\t<div class=\"elementor-widget-wrap elementor-element-populated\">\n\t\t\t\t\t\t<div class=\"elementor-element elementor-element-f88d0ab elementor-widget__width-initial elementor-widget elementor-widget-heading\" data-id=\"f88d0ab\" data-element_type=\"widget\" data-e-type=\"widget\" data-widget_type=\"heading.default\">\n\t\t\t\t\t<div class=\"elementor-heading-title elementor-size-default\">Transfert d&rsquo;entreprise \/ repreneuriat<\/div>\t\t\t\t<\/div>\n\t\t\t\t<div class=\"elementor-element elementor-element-b4ee3ad elementor-widget elementor-widget-heading\" data-id=\"b4ee3ad\" data-element_type=\"widget\" data-e-type=\"widget\" data-widget_type=\"heading.default\">\n\t\t\t\t\t<div class=\"elementor-heading-title elementor-size-default\">Diriger une entreprise afin de maximiser son potentiel humain et mat\u00e9riel est un d\u00e9fi d\u2019envergure. B\u00e9n\u00e9ficiez de services-conseils en management pour assurer l\u2019atteinte de vos objectifs et de vos r\u00e9sultats.<\/div>\t\t\t\t<\/div>\n\t\t\t\t\t<\/div>\n\t\t<\/div>\n\t\t\t\t<div class=\"elementor-column elementor-col-50 elementor-inner-column elementor-element elementor-element-248dfad\" data-id=\"248dfad\" data-element_type=\"column\" data-e-type=\"column\">\n\t\t\t<div class=\"elementor-widget-wrap elementor-element-populated\">\n\t\t\t\t\t\t<div class=\"elementor-element elementor-element-107f6fc elementor-widget__width-auto elementor-widget elementor-widget-button\" data-id=\"107f6fc\" data-element_type=\"widget\" data-e-type=\"widget\" data-widget_type=\"button.default\">\n\t\t\t\t\t\t\t\t\t\t<a class=\"elementor-button elementor-button-link elementor-size-sm\" href=\"\/fr\/trouvez-votre-sadc-cae\/\">\n\t\t\t\t\t\t<span class=\"elementor-button-content-wrapper\">\n\t\t\t\t\t\t\t\t\t<span class=\"elementor-button-text\">Trouvez votre SADC+CAE<\/span>\n\t\t\t\t\t<\/span>\n\t\t\t\t\t<\/a>\n\t\t\t\t\t\t\t\t<\/div>\n\t\t\t\t\t<\/div>\n\t\t<\/div>\n\t\t\t\t\t<\/div>\n\t\t<\/section>\n\t\t\t\t<div class=\"elementor-element elementor-element-05daa32 elementor-widget elementor-widget-image\" data-id=\"05daa32\" data-element_type=\"widget\" data-e-type=\"widget\" data-widget_type=\"image.default\">\n\t\t\t\t\t\t\t\t\t\t\t\t\t\t\t<img fetchpriority=\"high\" decoding=\"async\" width=\"1312\" height=\"669\" src=\"https:\/\/sadcdev.picard.ca\/wp-content\/uploads\/2024\/07\/sadc-cae-frame.png\" class=\"attachment-full size-full wp-image-5578\" alt=\"\" srcset=\"https:\/\/sadcdev.picard.ca\/wp-content\/uploads\/2024\/07\/sadc-cae-frame.png 1312w, https:\/\/sadcdev.picard.ca\/wp-content\/uploads\/2024\/07\/sadc-cae-frame-300x153.png 300w, https:\/\/sadcdev.picard.ca\/wp-content\/uploads\/2024\/07\/sadc-cae-frame-1024x522.png 1024w, https:\/\/sadcdev.picard.ca\/wp-content\/uploads\/2024\/07\/sadc-cae-frame-768x392.png 768w\" sizes=\"(max-width: 1312px) 100vw, 1312px\" \/>\t\t\t\t\t\t\t\t\t\t\t\t\t\t\t<\/div>\n\t\t\t\t\t<\/div>\n\t\t<\/div>\n\t\t\t\t\t<\/div>\n\t\t<\/section>\n\t\t\t\t<section class=\"elementor-section elementor-top-section elementor-element elementor-element-b7c3ae4 elementor-section-boxed elementor-section-height-default elementor-section-height-default\" data-id=\"b7c3ae4\" data-element_type=\"section\" data-e-type=\"section\" data-settings=\"{&quot;background_background&quot;:&quot;classic&quot;}\">\n\t\t\t\t\t\t<div class=\"elementor-container elementor-column-gap-default\">\n\t\t\t\t\t<div class=\"elementor-column elementor-col-50 elementor-top-column elementor-element elementor-element-5baa8d2\" data-id=\"5baa8d2\" data-element_type=\"column\" data-e-type=\"column\">\n\t\t\t<div class=\"elementor-widget-wrap elementor-element-populated\">\n\t\t\t\t\t\t<div class=\"elementor-element elementor-element-7b48b32 elementor-widget__width-auto elementor-widget elementor-widget-heading\" data-id=\"7b48b32\" data-element_type=\"widget\" data-e-type=\"widget\" data-widget_type=\"heading.default\">\n\t\t\t\t\t<div class=\"elementor-heading-title elementor-size-default\">Pour r\u00e9ussir votre transfert<\/div>\t\t\t\t<\/div>\n\t\t\t\t\t<\/div>\n\t\t<\/div>\n\t\t\t\t<div class=\"elementor-column elementor-col-50 elementor-top-column elementor-element elementor-element-d8a2dff column-listing\" data-id=\"d8a2dff\" data-element_type=\"column\" data-e-type=\"column\">\n\t\t\t<div class=\"elementor-widget-wrap elementor-element-populated\">\n\t\t\t\t\t\t<div class=\"elementor-element elementor-element-90ce366 elementor-widget elementor-widget-text-editor\" data-id=\"90ce366\" data-element_type=\"widget\" data-e-type=\"widget\" data-widget_type=\"text-editor.default\">\n\t\t\t\t\t\t\t\t\t<p>Les SADC et CAE sont l\u00e0 pour faciliter vos d\u00e9marches. Que vous soyez le propri\u00e9taire c\u00e9dant ou le nouveau releveur, il vous faut un plan de rel\u00e8ve. Le transfert de propri\u00e9taire ne se limite pas \u00e0 la fiscalit\u00e9 et au financement, et la SADC ou le CAE de votre r\u00e9gion connait bien toutes les \u00e9tapes \u00e0 franchir pour r\u00e9ussir harmonieusement votre transfert.<\/p>\t\t\t\t\t\t\t\t<\/div>\n\t\t\t\t\t<\/div>\n\t\t<\/div>\n\t\t\t\t\t<\/div>\n\t\t<\/section>\n\t\t\t\t<section class=\"elementor-section elementor-top-section elementor-element elementor-element-18bc3e2 elementor-section-boxed elementor-section-height-default elementor-section-height-default\" data-id=\"18bc3e2\" data-element_type=\"section\" data-e-type=\"section\" data-settings=\"{&quot;background_background&quot;:&quot;classic&quot;}\">\n\t\t\t\t\t\t<div class=\"elementor-container elementor-column-gap-default\">\n\t\t\t\t\t<div class=\"elementor-column elementor-col-50 elementor-top-column elementor-element elementor-element-935895b\" data-id=\"935895b\" data-element_type=\"column\" data-e-type=\"column\">\n\t\t\t<div class=\"elementor-widget-wrap elementor-element-populated\">\n\t\t\t\t\t\t<div class=\"elementor-element elementor-element-d517a4b elementor-widget__width-auto elementor-widget elementor-widget-heading\" data-id=\"d517a4b\" data-element_type=\"widget\" data-e-type=\"widget\" data-widget_type=\"heading.default\">\n\t\t\t\t\t<div class=\"elementor-heading-title elementor-size-default\">Notre expertise<\/div>\t\t\t\t<\/div>\n\t\t\t\t\t<\/div>\n\t\t<\/div>\n\t\t\t\t<div class=\"elementor-column elementor-col-50 elementor-top-column elementor-element elementor-element-e7fbc94 column-listing\" data-id=\"e7fbc94\" data-element_type=\"column\" data-e-type=\"column\">\n\t\t\t<div class=\"elementor-widget-wrap elementor-element-populated\">\n\t\t\t\t\t\t<div class=\"elementor-element elementor-element-005df06 elementor-widget elementor-widget-text-editor\" data-id=\"005df06\" data-element_type=\"widget\" data-e-type=\"widget\" data-widget_type=\"text-editor.default\">\n\t\t\t\t\t\t\t\t\t<p>Vous pouvez b\u00e9n\u00e9ficier d\u2019un soutien continu et vous pourrez:<\/p><ul><li>Avoir acc\u00e8s \u00e0 des consultants sp\u00e9cialis\u00e9s<\/li><li>Obtenir du financement sp\u00e9cifique<\/li><li>Suivre de la formation<\/li><li>Obtenir de l\u2019accompagnement apr\u00e8s le transfert<\/li><\/ul>\t\t\t\t\t\t\t\t<\/div>\n\t\t\t\t\t<\/div>\n\t\t<\/div>\n\t\t\t\t\t<\/div>\n\t\t<\/section>\n\t\t\t\t<section class=\"elementor-section elementor-top-section elementor-element elementor-element-f5ab469 elementor-section-boxed elementor-section-height-default elementor-section-height-default\" data-id=\"f5ab469\" data-element_type=\"section\" data-e-type=\"section\" data-settings=\"{&quot;background_background&quot;:&quot;classic&quot;}\">\n\t\t\t\t\t\t<div class=\"elementor-container elementor-column-gap-default\">\n\t\t\t\t\t<div class=\"elementor-column elementor-col-100 elementor-top-column elementor-element elementor-element-f322df8\" data-id=\"f322df8\" data-element_type=\"column\" data-e-type=\"column\">\n\t\t\t<div class=\"elementor-widget-wrap elementor-element-populated\">\n\t\t\t\t\t\t<section class=\"elementor-section elementor-inner-section elementor-element elementor-element-ce1e579 elementor-section-boxed elementor-section-height-default elementor-section-height-default\" data-id=\"ce1e579\" data-element_type=\"section\" data-e-type=\"section\">\n\t\t\t\t\t\t<div class=\"elementor-container elementor-column-gap-default\">\n\t\t\t\t\t<div class=\"elementor-column elementor-col-33 elementor-inner-column elementor-element elementor-element-674e2ab\" data-id=\"674e2ab\" data-element_type=\"column\" data-e-type=\"column\" data-settings=\"{&quot;background_background&quot;:&quot;classic&quot;}\">\n\t\t\t<div class=\"elementor-widget-wrap elementor-element-populated\">\n\t\t\t\t\t\t<div class=\"elementor-element elementor-element-b6e1383 elementor-widget elementor-widget-image\" data-id=\"b6e1383\" data-element_type=\"widget\" data-e-type=\"widget\" data-widget_type=\"image.default\">\n\t\t\t\t\t\t\t\t\t\t\t\t\t\t\t<img decoding=\"async\" width=\"462\" height=\"462\" src=\"https:\/\/sadcdev.picard.ca\/wp-content\/uploads\/2024\/03\/triangle.svg\" class=\"attachment-large size-large wp-image-4656\" alt=\"\" \/>\t\t\t\t\t\t\t\t\t\t\t\t\t\t\t<\/div>\n\t\t\t\t\t<\/div>\n\t\t<\/div>\n\t\t\t\t<div class=\"elementor-column elementor-col-33 elementor-inner-column elementor-element elementor-element-8ff06cb\" data-id=\"8ff06cb\" data-element_type=\"column\" data-e-type=\"column\">\n\t\t\t<div class=\"elementor-widget-wrap\">\n\t\t\t\t\t\t\t<\/div>\n\t\t<\/div>\n\t\t\t\t<div class=\"elementor-column elementor-col-33 elementor-inner-column elementor-element elementor-element-453148f\" data-id=\"453148f\" data-element_type=\"column\" data-e-type=\"column\">\n\t\t\t<div class=\"elementor-widget-wrap elementor-element-populated\">\n\t\t\t\t\t\t<div class=\"elementor-element elementor-element-736cb37 elementor-widget elementor-widget-heading\" data-id=\"736cb37\" data-element_type=\"widget\" data-e-type=\"widget\" data-widget_type=\"heading.default\">\n\t\t\t\t\t<div class=\"elementor-heading-title elementor-size-default\">Conseils : Transfert et rel\u00e8ve d\u2019entreprise<\/div>\t\t\t\t<\/div>\n\t\t\t\t<div class=\"elementor-element elementor-element-30a42a0 elementor-widget elementor-widget-heading\" data-id=\"30a42a0\" data-element_type=\"widget\" data-e-type=\"widget\" data-widget_type=\"heading.default\">\n\t\t\t\t\t<div class=\"elementor-heading-title elementor-size-default\">\u00c0 toutes les \u00e9tapes du d\u00e9marrage d\u2019une entreprise, les bons conseils peuvent grandement faciliter vos d\u00e9marches.\n<\/div>\t\t\t\t<\/div>\n\t\t\t\t<div class=\"elementor-element elementor-element-0a9a209 elementor-widget elementor-widget-button\" data-id=\"0a9a209\" data-element_type=\"widget\" data-e-type=\"widget\" data-widget_type=\"button.default\">\n\t\t\t\t\t\t\t\t\t\t<a class=\"elementor-button elementor-button-link elementor-size-sm\" href=\"\/fr\/conseils-et-outils\/transfert-et-releve\/\">\n\t\t\t\t\t\t<span class=\"elementor-button-content-wrapper\">\n\t\t\t\t\t\t\t\t\t<span class=\"elementor-button-text\">En savoir plus<\/span>\n\t\t\t\t\t<\/span>\n\t\t\t\t\t<\/a>\n\t\t\t\t\t\t\t\t<\/div>\n\t\t\t\t\t<\/div>\n\t\t<\/div>\n\t\t\t\t\t<\/div>\n\t\t<\/section>\n\t\t\t\t\t<\/div>\n\t\t<\/div>\n\t\t\t\t\t<\/div>\n\t\t<\/section>\n\t\t\t\t<section class=\"elementor-section elementor-top-section elementor-element elementor-element-9a2bd49 elementor-hidden-mobile elementor-section-boxed elementor-section-height-default elementor-section-height-default\" data-id=\"9a2bd49\" data-element_type=\"section\" data-e-type=\"section\" data-settings=\"{&quot;background_background&quot;:&quot;classic&quot;}\">\n\t\t\t\t\t\t\t<div class=\"elementor-background-overlay\"><\/div>\n\t\t\t\t\t\t\t<div class=\"elementor-container elementor-column-gap-default\">\n\t\t\t\t\t<div class=\"elementor-column elementor-col-100 elementor-top-column elementor-element elementor-element-adb9b37 video-slider-wrapper\" data-id=\"adb9b37\" data-element_type=\"column\" data-e-type=\"column\">\n\t\t\t<div class=\"elementor-widget-wrap elementor-element-populated\">\n\t\t\t\t\t\t<section class=\"elementor-section elementor-inner-section elementor-element elementor-element-87f17c3 elementor-section-height-min-height elementor-section-content-bottom video-wrapper elementor-section-boxed elementor-section-height-default\" data-id=\"87f17c3\" data-element_type=\"section\" data-e-type=\"section\" data-settings=\"{&quot;background_background&quot;:&quot;classic&quot;}\">\n\t\t\t\t\t\t\t<div class=\"elementor-background-overlay\"><\/div>\n\t\t\t\t\t\t\t<div class=\"elementor-container elementor-column-gap-no\">\n\t\t\t\t\t<div class=\"elementor-column elementor-col-100 elementor-inner-column elementor-element elementor-element-d5406ed\" data-id=\"d5406ed\" data-element_type=\"column\" data-e-type=\"column\">\n\t\t\t<div class=\"elementor-widget-wrap elementor-element-populated\">\n\t\t\t\t\t\t<div class=\"elementor-element elementor-element-3034b4c elementor-widget elementor-widget-heading\" data-id=\"3034b4c\" data-element_type=\"widget\" data-e-type=\"widget\" data-widget_type=\"heading.default\">\n\t\t\t\t\t<div class=\"elementor-heading-title elementor-size-default\">De nouveaux horizons pour Viandes Lafrance<\/div>\t\t\t\t<\/div>\n\t\t\t\t<div class=\"elementor-element elementor-element-21db958 elementor-widget__width-initial elementor-widget elementor-widget-text-editor\" data-id=\"21db958\" data-element_type=\"widget\" data-e-type=\"widget\" data-widget_type=\"text-editor.default\">\n\t\t\t\t\t\t\t\t\t<p><i><span style=\"font-family: arial, sans-serif;\">Choisir le repreneuriat pour faire prosp\u00e9rer une entreprise et le travail de ceux qui ont pr\u00e9c\u00e9d\u00e9.<\/span><\/i><\/p>\t\t\t\t\t\t\t\t<\/div>\n\t\t\t\t<div class=\"elementor-element elementor-element-d6dfc58 elementor-widget elementor-widget-video\" data-id=\"d6dfc58\" data-element_type=\"widget\" data-e-type=\"widget\" data-settings=\"{&quot;youtube_url&quot;:&quot;https:\\\/\\\/youtu.be\\\/PKTUftH25yI&quot;,&quot;video_type&quot;:&quot;youtube&quot;,&quot;controls&quot;:&quot;yes&quot;}\" data-widget_type=\"video.default\">\n\t\t\t\t\t\t\t<div class=\"elementor-wrapper elementor-open-inline\">\n\t\t\t<div class=\"elementor-video\"><\/div>\t\t<\/div>\n\t\t\t\t\t\t<\/div>\n\t\t\t\t<div class=\"elementor-element elementor-element-edbeee3 video-play elementor-widget__width-auto elementor-absolute elementor-widget elementor-widget-image\" data-id=\"edbeee3\" data-element_type=\"widget\" data-e-type=\"widget\" data-settings=\"{&quot;_position&quot;:&quot;absolute&quot;}\" data-widget_type=\"image.default\">\n\t\t\t\t\t\t\t\t\t\t\t\t\t\t\t<img decoding=\"async\" width=\"102\" height=\"102\" src=\"https:\/\/sadcdev.picard.ca\/wp-content\/uploads\/2022\/02\/play-video.png\" class=\"attachment-large size-large wp-image-2629\" alt=\"\" \/>\t\t\t\t\t\t\t\t\t\t\t\t\t\t\t<\/div>\n\t\t\t\t\t<\/div>\n\t\t<\/div>\n\t\t\t\t\t<\/div>\n\t\t<\/section>\n\t\t\t\t\t<\/div>\n\t\t<\/div>\n\t\t\t\t\t<\/div>\n\t\t<\/section>\n\t\t\t\t<\/div>\n\t\t","protected":false},"excerpt":{"rendered":"<p>Diriger une entreprise afin de maximiser son potentiel humain et mat\u00e9riel est un d\u00e9fi d\u2019envergure. B\u00e9n\u00e9ficiez de services-conseils en management pour assurer l\u2019atteinte de vos objectifs et de vos r\u00e9sultats. Trouvez votre SADC+CAE Pour r\u00e9ussir votre transfert Les SADC et CAE sont l\u00e0 pour faciliter vos d\u00e9marches. Que vous soyez le propri\u00e9taire c\u00e9dant ou le [&hellip;]<\/p>\n","protected":false},"author":2,"featured_media":0,"parent":0,"menu_order":0,"comment_status":"closed","ping_status":"closed","template":"","meta":{"_acf_changed":false,"footnotes":""},"class_list":["post-913","page","type-page","status-publish","hentry","services-accompagnement-aux-entreprises"],"acf":[],"yoast_head":"<!-- This site is optimized with the Yoast SEO plugin v26.8 - https:\/\/yoast.com\/product\/yoast-seo-wordpress\/ -->\n<title>R\u00e9seau des SADC et CAE - Transfert d&#039;entreprise \/ repreneuriat<\/title>\n<meta name=\"description\" content=\"Les SADC et CAE vous guident dans le transfert d\u2019entreprise, assurant une transition fluide et p\u00e9renne pour votre rel\u00e8ve entrepreneuriale.\" \/>\n<meta name=\"robots\" content=\"noindex, follow, max-snippet:-1, max-image-preview:large, max-video-preview:-1\" \/>\n<meta property=\"og:locale\" content=\"fr_FR\" \/>\n<meta property=\"og:type\" content=\"article\" \/>\n<meta property=\"og:title\" content=\"R\u00e9seau des SADC et CAE - Transfert d&#039;entreprise \/ repreneuriat\" \/>\n<meta property=\"og:description\" content=\"Les SADC et CAE vous guident dans le transfert d\u2019entreprise, assurant une transition fluide et p\u00e9renne pour votre rel\u00e8ve entrepreneuriale.\" \/>\n<meta property=\"og:url\" content=\"https:\/\/sadcdev.picard.ca\/transfert-et-releve-repreneuriat\/\" \/>\n<meta property=\"og:site_name\" content=\"R\u00e9seau des SADC et CAE\" \/>\n<meta property=\"article:modified_time\" content=\"2024-10-04T14:35:03+00:00\" \/>\n<meta property=\"og:image\" content=\"https:\/\/sadcdev.picard.ca\/wp-content\/uploads\/2024\/07\/sadc-cae-frame.png\" \/>\n<meta name=\"twitter:card\" content=\"summary_large_image\" \/>\n<meta name=\"twitter:label1\" content=\"Dur\u00e9e de lecture estim\u00e9e\" \/>\n\t<meta name=\"twitter:data1\" content=\"2 minutes\" \/>\n<script type=\"application\/ld+json\" class=\"yoast-schema-graph\">{\"@context\":\"https:\/\/schema.org\",\"@graph\":[{\"@type\":\"WebPage\",\"@id\":\"https:\/\/sadcdev.picard.ca\/transfert-et-releve-repreneuriat\/\",\"url\":\"https:\/\/sadcdev.picard.ca\/transfert-et-releve-repreneuriat\/\",\"name\":\"R\u00e9seau des SADC et CAE - Transfert d'entreprise \/ repreneuriat\",\"isPartOf\":{\"@id\":\"https:\/\/sadcdev.picard.ca\/fr\/#website\"},\"primaryImageOfPage\":{\"@id\":\"https:\/\/sadcdev.picard.ca\/transfert-et-releve-repreneuriat\/#primaryimage\"},\"image\":{\"@id\":\"https:\/\/sadcdev.picard.ca\/transfert-et-releve-repreneuriat\/#primaryimage\"},\"thumbnailUrl\":\"https:\/\/sadcdev.picard.ca\/wp-content\/uploads\/2024\/07\/sadc-cae-frame.png\",\"datePublished\":\"2021-04-15T23:58:01+00:00\",\"dateModified\":\"2024-10-04T14:35:03+00:00\",\"description\":\"Les SADC et CAE vous guident dans le transfert d\u2019entreprise, assurant une transition fluide et p\u00e9renne pour votre rel\u00e8ve entrepreneuriale.\",\"breadcrumb\":{\"@id\":\"https:\/\/sadcdev.picard.ca\/transfert-et-releve-repreneuriat\/#breadcrumb\"},\"inLanguage\":\"fr-FR\",\"potentialAction\":[{\"@type\":\"ReadAction\",\"target\":[\"https:\/\/sadcdev.picard.ca\/transfert-et-releve-repreneuriat\/\"]}]},{\"@type\":\"ImageObject\",\"inLanguage\":\"fr-FR\",\"@id\":\"https:\/\/sadcdev.picard.ca\/transfert-et-releve-repreneuriat\/#primaryimage\",\"url\":\"https:\/\/sadcdev.picard.ca\/wp-content\/uploads\/2024\/07\/sadc-cae-frame.png\",\"contentUrl\":\"https:\/\/sadcdev.picard.ca\/wp-content\/uploads\/2024\/07\/sadc-cae-frame.png\"},{\"@type\":\"BreadcrumbList\",\"@id\":\"https:\/\/sadcdev.picard.ca\/transfert-et-releve-repreneuriat\/#breadcrumb\",\"itemListElement\":[{\"@type\":\"ListItem\",\"position\":1,\"name\":\"Accueil\",\"item\":\"https:\/\/sadcdev.picard.ca\/\"},{\"@type\":\"ListItem\",\"position\":2,\"name\":\"Transfert d&rsquo;entreprise \/ repreneuriat\"}]},{\"@type\":\"WebSite\",\"@id\":\"https:\/\/sadcdev.picard.ca\/fr\/#website\",\"url\":\"https:\/\/sadcdev.picard.ca\/fr\/\",\"name\":\"CAE Laprade Trois-Rivi\u00e8res\",\"description\":\"On soutient et finance vos projets locaux\",\"publisher\":{\"@id\":\"https:\/\/sadcdev.picard.ca\/fr\/#organization\"},\"potentialAction\":[{\"@type\":\"SearchAction\",\"target\":{\"@type\":\"EntryPoint\",\"urlTemplate\":\"https:\/\/sadcdev.picard.ca\/fr\/?s={search_term_string}\"},\"query-input\":{\"@type\":\"PropertyValueSpecification\",\"valueRequired\":true,\"valueName\":\"search_term_string\"}}],\"inLanguage\":\"fr-FR\"},{\"@type\":\"Organization\",\"@id\":\"https:\/\/sadcdev.picard.ca\/fr\/#organization\",\"name\":\"CAE Laprade Trois-Rivi\u00e8res Inc.\",\"url\":\"https:\/\/sadcdev.picard.ca\/fr\/\",\"logo\":{\"@type\":\"ImageObject\",\"inLanguage\":\"fr-FR\",\"@id\":\"https:\/\/sadcdev.picard.ca\/fr\/#\/schema\/logo\/image\/\",\"url\":\"https:\/\/sadcdev.picard.ca\/wp-content\/uploads\/2024\/09\/SADC_Facebook_PhotoProfil.jpg\",\"contentUrl\":\"https:\/\/sadcdev.picard.ca\/wp-content\/uploads\/2024\/09\/SADC_Facebook_PhotoProfil.jpg\",\"width\":640,\"height\":640,\"caption\":\"CAE Laprade Trois-Rivi\u00e8res Inc.\"},\"image\":{\"@id\":\"https:\/\/sadcdev.picard.ca\/fr\/#\/schema\/logo\/image\/\"}}]}<\/script>\n<!-- \/ Yoast SEO plugin. -->","yoast_head_json":{"title":"R\u00e9seau des SADC et CAE - Transfert d'entreprise \/ repreneuriat","description":"Les SADC et CAE vous guident dans le transfert d\u2019entreprise, assurant une transition fluide et p\u00e9renne pour votre rel\u00e8ve entrepreneuriale.","robots":{"index":"noindex","follow":"follow","max-snippet":"max-snippet:-1","max-image-preview":"max-image-preview:large","max-video-preview":"max-video-preview:-1"},"og_locale":"fr_FR","og_type":"article","og_title":"R\u00e9seau des SADC et CAE - Transfert d'entreprise \/ repreneuriat","og_description":"Les SADC et CAE vous guident dans le transfert d\u2019entreprise, assurant une transition fluide et p\u00e9renne pour votre rel\u00e8ve entrepreneuriale.","og_url":"https:\/\/sadcdev.picard.ca\/transfert-et-releve-repreneuriat\/","og_site_name":"R\u00e9seau des SADC et CAE","article_modified_time":"2024-10-04T14:35:03+00:00","og_image":[{"url":"https:\/\/sadcdev.picard.ca\/wp-content\/uploads\/2024\/07\/sadc-cae-frame.png","type":"","width":"","height":""}],"twitter_card":"summary_large_image","twitter_misc":{"Dur\u00e9e de lecture estim\u00e9e":"2 minutes"},"schema":{"@context":"https:\/\/schema.org","@graph":[{"@type":"WebPage","@id":"https:\/\/sadcdev.picard.ca\/transfert-et-releve-repreneuriat\/","url":"https:\/\/sadcdev.picard.ca\/transfert-et-releve-repreneuriat\/","name":"R\u00e9seau des SADC et CAE - Transfert d'entreprise \/ repreneuriat","isPartOf":{"@id":"https:\/\/sadcdev.picard.ca\/fr\/#website"},"primaryImageOfPage":{"@id":"https:\/\/sadcdev.picard.ca\/transfert-et-releve-repreneuriat\/#primaryimage"},"image":{"@id":"https:\/\/sadcdev.picard.ca\/transfert-et-releve-repreneuriat\/#primaryimage"},"thumbnailUrl":"https:\/\/sadcdev.picard.ca\/wp-content\/uploads\/2024\/07\/sadc-cae-frame.png","datePublished":"2021-04-15T23:58:01+00:00","dateModified":"2024-10-04T14:35:03+00:00","description":"Les SADC et CAE vous guident dans le transfert d\u2019entreprise, assurant une transition fluide et p\u00e9renne pour votre rel\u00e8ve entrepreneuriale.","breadcrumb":{"@id":"https:\/\/sadcdev.picard.ca\/transfert-et-releve-repreneuriat\/#breadcrumb"},"inLanguage":"fr-FR","potentialAction":[{"@type":"ReadAction","target":["https:\/\/sadcdev.picard.ca\/transfert-et-releve-repreneuriat\/"]}]},{"@type":"ImageObject","inLanguage":"fr-FR","@id":"https:\/\/sadcdev.picard.ca\/transfert-et-releve-repreneuriat\/#primaryimage","url":"https:\/\/sadcdev.picard.ca\/wp-content\/uploads\/2024\/07\/sadc-cae-frame.png","contentUrl":"https:\/\/sadcdev.picard.ca\/wp-content\/uploads\/2024\/07\/sadc-cae-frame.png"},{"@type":"BreadcrumbList","@id":"https:\/\/sadcdev.picard.ca\/transfert-et-releve-repreneuriat\/#breadcrumb","itemListElement":[{"@type":"ListItem","position":1,"name":"Accueil","item":"https:\/\/sadcdev.picard.ca\/"},{"@type":"ListItem","position":2,"name":"Transfert d&rsquo;entreprise \/ repreneuriat"}]},{"@type":"WebSite","@id":"https:\/\/sadcdev.picard.ca\/fr\/#website","url":"https:\/\/sadcdev.picard.ca\/fr\/","name":"CAE Laprade Trois-Rivi\u00e8res","description":"On soutient et finance vos projets locaux","publisher":{"@id":"https:\/\/sadcdev.picard.ca\/fr\/#organization"},"potentialAction":[{"@type":"SearchAction","target":{"@type":"EntryPoint","urlTemplate":"https:\/\/sadcdev.picard.ca\/fr\/?s={search_term_string}"},"query-input":{"@type":"PropertyValueSpecification","valueRequired":true,"valueName":"search_term_string"}}],"inLanguage":"fr-FR"},{"@type":"Organization","@id":"https:\/\/sadcdev.picard.ca\/fr\/#organization","name":"CAE Laprade Trois-Rivi\u00e8res Inc.","url":"https:\/\/sadcdev.picard.ca\/fr\/","logo":{"@type":"ImageObject","inLanguage":"fr-FR","@id":"https:\/\/sadcdev.picard.ca\/fr\/#\/schema\/logo\/image\/","url":"https:\/\/sadcdev.picard.ca\/wp-content\/uploads\/2024\/09\/SADC_Facebook_PhotoProfil.jpg","contentUrl":"https:\/\/sadcdev.picard.ca\/wp-content\/uploads\/2024\/09\/SADC_Facebook_PhotoProfil.jpg","width":640,"height":640,"caption":"CAE Laprade Trois-Rivi\u00e8res Inc."},"image":{"@id":"https:\/\/sadcdev.picard.ca\/fr\/#\/schema\/logo\/image\/"}}]}},"_links":{"self":[{"href":"https:\/\/sadcdev.picard.ca\/fr\/wp-json\/wp\/v2\/pages\/913","targetHints":{"allow":["GET"]}}],"collection":[{"href":"https:\/\/sadcdev.picard.ca\/fr\/wp-json\/wp\/v2\/pages"}],"about":[{"href":"https:\/\/sadcdev.picard.ca\/fr\/wp-json\/wp\/v2\/types\/page"}],"author":[{"embeddable":true,"href":"https:\/\/sadcdev.picard.ca\/fr\/wp-json\/wp\/v2\/users\/2"}],"replies":[{"embeddable":true,"href":"https:\/\/sadcdev.picard.ca\/fr\/wp-json\/wp\/v2\/comments?post=913"}],"version-history":[{"count":0,"href":"https:\/\/sadcdev.picard.ca\/fr\/wp-json\/wp\/v2\/pages\/913\/revisions"}],"wp:attachment":[{"href":"https:\/\/sadcdev.picard.ca\/fr\/wp-json\/wp\/v2\/media?parent=913"}],"curies":[{"name":"wp","href":"https:\/\/api.w.org\/{rel}","templated":true}]}}