{"id":674,"date":"2021-04-01T12:08:22","date_gmt":"2021-04-01T12:08:22","guid":{"rendered":"https:\/\/sadcdev.picard.ca\/documentation\/"},"modified":"2025-06-04T07:17:25","modified_gmt":"2025-06-04T11:17:25","slug":"documentation","status":"publish","type":"page","link":"https:\/\/sadcdev.picard.ca\/fr\/documentation\/","title":{"rendered":"Documentation"},"content":{"rendered":"\t\t<div data-elementor-type=\"wp-page\" data-elementor-id=\"674\" class=\"elementor elementor-674 elementor-567\" data-elementor-post-type=\"page\">\n\t\t\t\t\t\t<section class=\"elementor-section elementor-top-section elementor-element elementor-element-4c34edb3 elementor-section-boxed elementor-section-height-default elementor-section-height-default\" data-id=\"4c34edb3\" data-element_type=\"section\" data-e-type=\"section\">\n\t\t\t\t\t\t<div class=\"elementor-container elementor-column-gap-default\">\n\t\t\t\t\t<div class=\"elementor-column elementor-col-100 elementor-top-column elementor-element elementor-element-713fde89\" data-id=\"713fde89\" data-element_type=\"column\" data-e-type=\"column\">\n\t\t\t<div class=\"elementor-widget-wrap elementor-element-populated\">\n\t\t\t\t\t\t<div class=\"elementor-element elementor-element-610ea22b elementor-widget elementor-widget-text-editor\" data-id=\"610ea22b\" data-element_type=\"widget\" data-e-type=\"widget\" data-widget_type=\"text-editor.default\">\n\t\t\t\t\t\t\t\t\t<div class=\"container-fluid documentation-triangle\"><div class=\"row\"><h1>Documentation<\/h1><\/div><\/div><div class=\"container-fluid documentation-item\"><div class=\"container\"><div class=\"row\"><div class=\"col-md-3\"><img decoding=\"async\" src=\"https:\/\/sadcdev.picard.ca\/wp-content\/uploads\/2021\/04\/v228_9038.png\" \/><\/div><div class=\"col-md-9\"><h1>Rapport annuel 2019-2020<\/h1><p><small>Les SADC et CAE ont fait la diff\u00e9rence<\/small><\/p><p><a href=\"https:\/\/sadcdev.picard.ca\/en\/documentation\/reseausadc_cae_19-20\/\" rel=\"attachment wp-att-2182\">T\u00e9l\u00e9charger le pdf<\/a><\/p><\/div><\/div><p><strong>\u00a0 \u00a0Archives<\/strong><\/p><div class=\"row\"><div class=\"col-md-3\"><ul><li><a href=\"https:\/\/sadcdev.picard.ca\/wp-content\/uploads\/2021\/07\/ReseauSADC_RA_2018-2019-Enpdf.pdf\" target=\"_blank\" rel=\"noopener\">Report 2018-2019<\/a><\/li><li><a href=\"https:\/\/sadcdev.picard.ca\/wp-content\/uploads\/2021\/07\/SADC_RA_2017-2018_ANG.pdf\" target=\"_blank\" rel=\"noopener\">Report 2017-2018<\/a><\/li><li><a href=\"https:\/\/sadcdev.picard.ca\/wp-content\/uploads\/2021\/07\/SADC_RA-2016-2017_EN_.pdf\" target=\"_blank\" rel=\"noopener\">Report 2016-2017<\/a><\/li><li><a href=\"https:\/\/sadcdev.picard.ca\/wp-content\/uploads\/2021\/07\/SADC_RA-AN-2015-2016.pdf\" target=\"_blank\" rel=\"noopener\">Report 2015-2016<\/a><\/li><\/ul><\/div><div class=\"col-md-3\"><ul><li><a href=\"https:\/\/sadcdev.picard.ca\/wp-content\/uploads\/2021\/07\/RAreseau2014-2015_EN.pdf\" target=\"_blank\" rel=\"noopener\">Report 2014-2015<\/a><\/li><li><a href=\"https:\/\/sadcdev.picard.ca\/wp-content\/uploads\/2021\/07\/RAreseau2013-2014_ANG.pdf\" target=\"_blank\" rel=\"noopener\">Report 2013-2014<\/a><\/li><li><a href=\"https:\/\/sadcdev.picard.ca\/wp-content\/uploads\/2021\/07\/SADC_annual_repor2012-2013.pdf\" target=\"_blank\" rel=\"noopener\">Report 2012-2013<\/a><\/li><li><a href=\"https:\/\/sadcdev.picard.ca\/wp-content\/uploads\/2021\/07\/ra_reseausadc_en_2011-2012.pdf\" target=\"_blank\" rel=\"noopener\">Report 2011-2012<\/a><\/li><\/ul><\/div><\/div><\/div><\/div><div class=\"col-md-3\">\u00a0<\/div>\t\t\t\t\t\t\t\t<\/div>\n\t\t\t\t\t<\/div>\n\t\t<\/div>\n\t\t\t\t\t<\/div>\n\t\t<\/section>\n\t\t\t\t<\/div>\n\t\t","protected":false},"excerpt":{"rendered":"<p>Documentation Rapport annuel 2019-2020 Les SADC et CAE ont fait la diff\u00e9rence T\u00e9l\u00e9charger le pdf \u00a0 \u00a0Archives Report 2018-2019 Report 2017-2018 Report 2016-2017 Report 2015-2016 Report 2014-2015 Report 2013-2014 Report 2012-2013 Report 2011-2012<\/p>\n","protected":false},"author":2,"featured_media":10527,"parent":0,"menu_order":0,"comment_status":"closed","ping_status":"closed","template":"template-parts\/documentation.php","meta":{"_acf_changed":false,"footnotes":""},"class_list":["post-674","page","type-page","status-publish","has-post-thumbnail","hentry"],"acf":[],"yoast_head":"<!-- This site is optimized with the Yoast SEO plugin v26.8 - https:\/\/yoast.com\/product\/yoast-seo-wordpress\/ -->\n<title>R\u00e9seau des SADC et CAE - Documentation<\/title>\n<meta name=\"description\" content=\"Acc\u00e9dez \u00e0 une biblioth\u00e8que de documents et de ressources pour mieux comprendre les actions et les r\u00e9sultats du R\u00e9seau des SADC et CAE.\" \/>\n<meta name=\"robots\" content=\"noindex, follow, max-snippet:-1, max-image-preview:large, max-video-preview:-1\" \/>\n<meta property=\"og:locale\" content=\"fr_FR\" \/>\n<meta property=\"og:type\" content=\"article\" \/>\n<meta property=\"og:title\" content=\"R\u00e9seau des SADC et CAE - Documentation\" \/>\n<meta property=\"og:description\" content=\"Acc\u00e9dez \u00e0 une biblioth\u00e8que de documents et de ressources pour mieux comprendre les actions et les r\u00e9sultats du R\u00e9seau des SADC et CAE.\" \/>\n<meta property=\"og:url\" content=\"https:\/\/sadcdev.picard.ca\/documentation\/\" \/>\n<meta property=\"og:site_name\" content=\"R\u00e9seau des SADC et CAE\" \/>\n<meta property=\"article:modified_time\" content=\"2025-06-04T11:17:25+00:00\" \/>\n<meta property=\"og:image\" content=\"https:\/\/sadcdev.picard.ca\/wp-content\/uploads\/2022\/06\/SADC_Rapport_annuel-e1654722073445.png\" \/>\n\t<meta property=\"og:image:width\" content=\"573\" \/>\n\t<meta property=\"og:image:height\" content=\"743\" \/>\n\t<meta property=\"og:image:type\" content=\"image\/png\" \/>\n<meta name=\"twitter:card\" content=\"summary_large_image\" \/>\n<meta name=\"twitter:image\" content=\"https:\/\/sadcdev.picard.ca\/wp-content\/uploads\/2022\/06\/SADC_Rapport_annuel-e1654722073445.png\" \/>\n<meta name=\"twitter:label1\" content=\"Dur\u00e9e de lecture estim\u00e9e\" \/>\n\t<meta name=\"twitter:data1\" content=\"1 minute\" \/>\n<script type=\"application\/ld+json\" class=\"yoast-schema-graph\">{\"@context\":\"https:\/\/schema.org\",\"@graph\":[{\"@type\":\"WebPage\",\"@id\":\"https:\/\/sadcdev.picard.ca\/documentation\/\",\"url\":\"https:\/\/sadcdev.picard.ca\/documentation\/\",\"name\":\"R\u00e9seau des SADC et CAE - Documentation\",\"isPartOf\":{\"@id\":\"https:\/\/sadcdev.picard.ca\/fr\/#website\"},\"primaryImageOfPage\":{\"@id\":\"https:\/\/sadcdev.picard.ca\/documentation\/#primaryimage\"},\"image\":{\"@id\":\"https:\/\/sadcdev.picard.ca\/documentation\/#primaryimage\"},\"thumbnailUrl\":\"https:\/\/sadcdev.picard.ca\/wp-content\/uploads\/2025\/06\/Capture-decran-2025-06-03-155231.png\",\"datePublished\":\"2021-04-01T12:08:22+00:00\",\"dateModified\":\"2025-06-04T11:17:25+00:00\",\"description\":\"Acc\u00e9dez \u00e0 une biblioth\u00e8que de documents et de ressources pour mieux comprendre les actions et les r\u00e9sultats du R\u00e9seau des SADC et CAE.\",\"breadcrumb\":{\"@id\":\"https:\/\/sadcdev.picard.ca\/documentation\/#breadcrumb\"},\"inLanguage\":\"fr-FR\",\"potentialAction\":[{\"@type\":\"ReadAction\",\"target\":[\"https:\/\/sadcdev.picard.ca\/documentation\/\"]}]},{\"@type\":\"ImageObject\",\"inLanguage\":\"fr-FR\",\"@id\":\"https:\/\/sadcdev.picard.ca\/documentation\/#primaryimage\",\"url\":\"https:\/\/sadcdev.picard.ca\/wp-content\/uploads\/2025\/06\/Capture-decran-2025-06-03-155231.png\",\"contentUrl\":\"https:\/\/sadcdev.picard.ca\/wp-content\/uploads\/2025\/06\/Capture-decran-2025-06-03-155231.png\",\"width\":663,\"height\":853},{\"@type\":\"BreadcrumbList\",\"@id\":\"https:\/\/sadcdev.picard.ca\/documentation\/#breadcrumb\",\"itemListElement\":[{\"@type\":\"ListItem\",\"position\":1,\"name\":\"Accueil\",\"item\":\"https:\/\/sadcdev.picard.ca\/\"},{\"@type\":\"ListItem\",\"position\":2,\"name\":\"Documentation\"}]},{\"@type\":\"WebSite\",\"@id\":\"https:\/\/sadcdev.picard.ca\/fr\/#website\",\"url\":\"https:\/\/sadcdev.picard.ca\/fr\/\",\"name\":\"CAE Laprade Trois-Rivi\u00e8res\",\"description\":\"On soutient et finance vos projets locaux\",\"publisher\":{\"@id\":\"https:\/\/sadcdev.picard.ca\/fr\/#organization\"},\"potentialAction\":[{\"@type\":\"SearchAction\",\"target\":{\"@type\":\"EntryPoint\",\"urlTemplate\":\"https:\/\/sadcdev.picard.ca\/fr\/?s={search_term_string}\"},\"query-input\":{\"@type\":\"PropertyValueSpecification\",\"valueRequired\":true,\"valueName\":\"search_term_string\"}}],\"inLanguage\":\"fr-FR\"},{\"@type\":\"Organization\",\"@id\":\"https:\/\/sadcdev.picard.ca\/fr\/#organization\",\"name\":\"CAE Laprade Trois-Rivi\u00e8res Inc.\",\"url\":\"https:\/\/sadcdev.picard.ca\/fr\/\",\"logo\":{\"@type\":\"ImageObject\",\"inLanguage\":\"fr-FR\",\"@id\":\"https:\/\/sadcdev.picard.ca\/fr\/#\/schema\/logo\/image\/\",\"url\":\"https:\/\/sadcdev.picard.ca\/wp-content\/uploads\/2024\/09\/SADC_Facebook_PhotoProfil.jpg\",\"contentUrl\":\"https:\/\/sadcdev.picard.ca\/wp-content\/uploads\/2024\/09\/SADC_Facebook_PhotoProfil.jpg\",\"width\":640,\"height\":640,\"caption\":\"CAE Laprade Trois-Rivi\u00e8res Inc.\"},\"image\":{\"@id\":\"https:\/\/sadcdev.picard.ca\/fr\/#\/schema\/logo\/image\/\"}}]}<\/script>\n<!-- \/ Yoast SEO plugin. -->","yoast_head_json":{"title":"R\u00e9seau des SADC et CAE - Documentation","description":"Acc\u00e9dez \u00e0 une biblioth\u00e8que de documents et de ressources pour mieux comprendre les actions et les r\u00e9sultats du R\u00e9seau des SADC et CAE.","robots":{"index":"noindex","follow":"follow","max-snippet":"max-snippet:-1","max-image-preview":"max-image-preview:large","max-video-preview":"max-video-preview:-1"},"og_locale":"fr_FR","og_type":"article","og_title":"R\u00e9seau des SADC et CAE - Documentation","og_description":"Acc\u00e9dez \u00e0 une biblioth\u00e8que de documents et de ressources pour mieux comprendre les actions et les r\u00e9sultats du R\u00e9seau des SADC et CAE.","og_url":"https:\/\/sadcdev.picard.ca\/documentation\/","og_site_name":"R\u00e9seau des SADC et CAE","article_modified_time":"2025-06-04T11:17:25+00:00","og_image":[{"width":573,"height":743,"url":"https:\/\/sadcdev.picard.ca\/wp-content\/uploads\/2022\/06\/SADC_Rapport_annuel-e1654722073445.png","type":"image\/png"}],"twitter_card":"summary_large_image","twitter_image":"https:\/\/sadcdev.picard.ca\/wp-content\/uploads\/2022\/06\/SADC_Rapport_annuel-e1654722073445.png","twitter_misc":{"Dur\u00e9e de lecture estim\u00e9e":"1 minute"},"schema":{"@context":"https:\/\/schema.org","@graph":[{"@type":"WebPage","@id":"https:\/\/sadcdev.picard.ca\/documentation\/","url":"https:\/\/sadcdev.picard.ca\/documentation\/","name":"R\u00e9seau des SADC et CAE - Documentation","isPartOf":{"@id":"https:\/\/sadcdev.picard.ca\/fr\/#website"},"primaryImageOfPage":{"@id":"https:\/\/sadcdev.picard.ca\/documentation\/#primaryimage"},"image":{"@id":"https:\/\/sadcdev.picard.ca\/documentation\/#primaryimage"},"thumbnailUrl":"https:\/\/sadcdev.picard.ca\/wp-content\/uploads\/2025\/06\/Capture-decran-2025-06-03-155231.png","datePublished":"2021-04-01T12:08:22+00:00","dateModified":"2025-06-04T11:17:25+00:00","description":"Acc\u00e9dez \u00e0 une biblioth\u00e8que de documents et de ressources pour mieux comprendre les actions et les r\u00e9sultats du R\u00e9seau des SADC et CAE.","breadcrumb":{"@id":"https:\/\/sadcdev.picard.ca\/documentation\/#breadcrumb"},"inLanguage":"fr-FR","potentialAction":[{"@type":"ReadAction","target":["https:\/\/sadcdev.picard.ca\/documentation\/"]}]},{"@type":"ImageObject","inLanguage":"fr-FR","@id":"https:\/\/sadcdev.picard.ca\/documentation\/#primaryimage","url":"https:\/\/sadcdev.picard.ca\/wp-content\/uploads\/2025\/06\/Capture-decran-2025-06-03-155231.png","contentUrl":"https:\/\/sadcdev.picard.ca\/wp-content\/uploads\/2025\/06\/Capture-decran-2025-06-03-155231.png","width":663,"height":853},{"@type":"BreadcrumbList","@id":"https:\/\/sadcdev.picard.ca\/documentation\/#breadcrumb","itemListElement":[{"@type":"ListItem","position":1,"name":"Accueil","item":"https:\/\/sadcdev.picard.ca\/"},{"@type":"ListItem","position":2,"name":"Documentation"}]},{"@type":"WebSite","@id":"https:\/\/sadcdev.picard.ca\/fr\/#website","url":"https:\/\/sadcdev.picard.ca\/fr\/","name":"CAE Laprade Trois-Rivi\u00e8res","description":"On soutient et finance vos projets locaux","publisher":{"@id":"https:\/\/sadcdev.picard.ca\/fr\/#organization"},"potentialAction":[{"@type":"SearchAction","target":{"@type":"EntryPoint","urlTemplate":"https:\/\/sadcdev.picard.ca\/fr\/?s={search_term_string}"},"query-input":{"@type":"PropertyValueSpecification","valueRequired":true,"valueName":"search_term_string"}}],"inLanguage":"fr-FR"},{"@type":"Organization","@id":"https:\/\/sadcdev.picard.ca\/fr\/#organization","name":"CAE Laprade Trois-Rivi\u00e8res Inc.","url":"https:\/\/sadcdev.picard.ca\/fr\/","logo":{"@type":"ImageObject","inLanguage":"fr-FR","@id":"https:\/\/sadcdev.picard.ca\/fr\/#\/schema\/logo\/image\/","url":"https:\/\/sadcdev.picard.ca\/wp-content\/uploads\/2024\/09\/SADC_Facebook_PhotoProfil.jpg","contentUrl":"https:\/\/sadcdev.picard.ca\/wp-content\/uploads\/2024\/09\/SADC_Facebook_PhotoProfil.jpg","width":640,"height":640,"caption":"CAE Laprade Trois-Rivi\u00e8res Inc."},"image":{"@id":"https:\/\/sadcdev.picard.ca\/fr\/#\/schema\/logo\/image\/"}}]}},"_links":{"self":[{"href":"https:\/\/sadcdev.picard.ca\/fr\/wp-json\/wp\/v2\/pages\/674","targetHints":{"allow":["GET"]}}],"collection":[{"href":"https:\/\/sadcdev.picard.ca\/fr\/wp-json\/wp\/v2\/pages"}],"about":[{"href":"https:\/\/sadcdev.picard.ca\/fr\/wp-json\/wp\/v2\/types\/page"}],"author":[{"embeddable":true,"href":"https:\/\/sadcdev.picard.ca\/fr\/wp-json\/wp\/v2\/users\/2"}],"replies":[{"embeddable":true,"href":"https:\/\/sadcdev.picard.ca\/fr\/wp-json\/wp\/v2\/comments?post=674"}],"version-history":[{"count":5,"href":"https:\/\/sadcdev.picard.ca\/fr\/wp-json\/wp\/v2\/pages\/674\/revisions"}],"predecessor-version":[{"id":10543,"href":"https:\/\/sadcdev.picard.ca\/fr\/wp-json\/wp\/v2\/pages\/674\/revisions\/10543"}],"wp:featuredmedia":[{"embeddable":true,"href":"https:\/\/sadcdev.picard.ca\/fr\/wp-json\/wp\/v2\/media\/10527"}],"wp:attachment":[{"href":"https:\/\/sadcdev.picard.ca\/fr\/wp-json\/wp\/v2\/media?parent=674"}],"curies":[{"name":"wp","href":"https:\/\/api.w.org\/{rel}","templated":true}]}}