{"id":6075,"date":"2024-07-16T12:32:29","date_gmt":"2024-07-16T16:32:29","guid":{"rendered":"https:\/\/sadcdev.picard.ca\/?page_id=6075"},"modified":"2024-09-13T14:30:19","modified_gmt":"2024-09-13T18:30:19","slug":"transfert-dentreprise","status":"publish","type":"page","link":"https:\/\/sadcdev.picard.ca\/fr\/transfert-dentreprise\/","title":{"rendered":"Transfert d&rsquo;entreprise"},"content":{"rendered":"\t\t<div data-elementor-type=\"wp-page\" data-elementor-id=\"6075\" class=\"elementor elementor-6075\" data-elementor-post-type=\"page\">\n\t\t\t\t\t\t<section class=\"elementor-section elementor-top-section elementor-element elementor-element-9243659 elementor-section-boxed elementor-section-height-default elementor-section-height-default\" data-id=\"9243659\" data-element_type=\"section\" data-e-type=\"section\" data-settings=\"{&quot;background_background&quot;:&quot;classic&quot;}\">\n\t\t\t\t\t\t<div class=\"elementor-container elementor-column-gap-default\">\n\t\t\t\t\t<div class=\"elementor-column elementor-col-100 elementor-top-column elementor-element elementor-element-081bb18\" data-id=\"081bb18\" data-element_type=\"column\" data-e-type=\"column\">\n\t\t\t<div class=\"elementor-widget-wrap elementor-element-populated\">\n\t\t\t\t\t\t<section class=\"elementor-section elementor-inner-section elementor-element elementor-element-84bb300 elementor-section-boxed elementor-section-height-default elementor-section-height-default\" data-id=\"84bb300\" data-element_type=\"section\" data-e-type=\"section\">\n\t\t\t\t\t\t<div class=\"elementor-container elementor-column-gap-default\">\n\t\t\t\t\t<div class=\"elementor-column elementor-col-50 elementor-inner-column elementor-element elementor-element-20a7e88\" data-id=\"20a7e88\" data-element_type=\"column\" data-e-type=\"column\">\n\t\t\t<div class=\"elementor-widget-wrap elementor-element-populated\">\n\t\t\t\t\t\t<div class=\"elementor-element elementor-element-f88d0ab elementor-widget__width-initial elementor-widget elementor-widget-heading\" data-id=\"f88d0ab\" data-element_type=\"widget\" data-e-type=\"widget\" data-widget_type=\"heading.default\">\n\t\t\t\t\t<div class=\"elementor-heading-title elementor-size-default\">Transfert d&rsquo;entreprise<\/div>\t\t\t\t<\/div>\n\t\t\t\t<div class=\"elementor-element elementor-element-b4ee3ad elementor-widget elementor-widget-heading\" data-id=\"b4ee3ad\" data-element_type=\"widget\" data-e-type=\"widget\" data-widget_type=\"heading.default\">\n\t\t\t\t\t<div class=\"elementor-heading-title elementor-size-default\">Tant chez les SADC et CAE qu'au sein du R\u00e9seau, les actions se multiplient pour stimuler la rel\u00e8ve entrepreneuriale et promouvoir le repreneuriat, notamment en sensibilisant les entrepreneurs et les d\u00e9cideurs et en soutenant les entrepreneurs dans leurs d\u00e9marches. <\/div>\t\t\t\t<\/div>\n\t\t\t\t\t<\/div>\n\t\t<\/div>\n\t\t\t\t<div class=\"elementor-column elementor-col-50 elementor-inner-column elementor-element elementor-element-248dfad\" data-id=\"248dfad\" data-element_type=\"column\" data-e-type=\"column\">\n\t\t\t<div class=\"elementor-widget-wrap elementor-element-populated\">\n\t\t\t\t\t\t<div class=\"elementor-element elementor-element-107f6fc elementor-widget__width-auto elementor-widget elementor-widget-button\" data-id=\"107f6fc\" data-element_type=\"widget\" data-e-type=\"widget\" data-widget_type=\"button.default\">\n\t\t\t\t\t\t\t\t\t\t<a class=\"elementor-button elementor-button-link elementor-size-sm\" href=\"\/fr\/trouvez-votre-sadc-cae\/\">\n\t\t\t\t\t\t<span class=\"elementor-button-content-wrapper\">\n\t\t\t\t\t\t\t\t\t<span class=\"elementor-button-text\">Trouvez votre SADC+CAE<\/span>\n\t\t\t\t\t<\/span>\n\t\t\t\t\t<\/a>\n\t\t\t\t\t\t\t\t<\/div>\n\t\t\t\t\t<\/div>\n\t\t<\/div>\n\t\t\t\t\t<\/div>\n\t\t<\/section>\n\t\t\t\t<div class=\"elementor-element elementor-element-05daa32 elementor-widget elementor-widget-image\" data-id=\"05daa32\" data-element_type=\"widget\" data-e-type=\"widget\" data-widget_type=\"image.default\">\n\t\t\t\t\t\t\t\t\t\t\t\t\t\t\t<img fetchpriority=\"high\" decoding=\"async\" width=\"1312\" height=\"669\" src=\"https:\/\/sadcdev.picard.ca\/wp-content\/uploads\/2024\/07\/sadc-cae-frame.png\" class=\"attachment-full size-full wp-image-5578\" alt=\"\" srcset=\"https:\/\/sadcdev.picard.ca\/wp-content\/uploads\/2024\/07\/sadc-cae-frame.png 1312w, https:\/\/sadcdev.picard.ca\/wp-content\/uploads\/2024\/07\/sadc-cae-frame-300x153.png 300w, https:\/\/sadcdev.picard.ca\/wp-content\/uploads\/2024\/07\/sadc-cae-frame-1024x522.png 1024w, https:\/\/sadcdev.picard.ca\/wp-content\/uploads\/2024\/07\/sadc-cae-frame-768x392.png 768w\" sizes=\"(max-width: 1312px) 100vw, 1312px\" \/>\t\t\t\t\t\t\t\t\t\t\t\t\t\t\t<\/div>\n\t\t\t\t\t<\/div>\n\t\t<\/div>\n\t\t\t\t\t<\/div>\n\t\t<\/section>\n\t\t\t\t<section class=\"elementor-section elementor-top-section elementor-element elementor-element-574cda8 single-content elementor-section-boxed elementor-section-height-default elementor-section-height-default\" data-id=\"574cda8\" data-element_type=\"section\" data-e-type=\"section\" data-settings=\"{&quot;background_background&quot;:&quot;classic&quot;}\">\n\t\t\t\t\t\t<div class=\"elementor-container elementor-column-gap-default\">\n\t\t\t\t\t<div class=\"elementor-column elementor-col-100 elementor-top-column elementor-element elementor-element-33a07f0 column-listing\" data-id=\"33a07f0\" data-element_type=\"column\" data-e-type=\"column\">\n\t\t\t<div class=\"elementor-widget-wrap elementor-element-populated\">\n\t\t\t\t\t\t<div class=\"elementor-element elementor-element-6521960 elementor-widget elementor-widget-heading\" data-id=\"6521960\" data-element_type=\"widget\" data-e-type=\"widget\" data-widget_type=\"heading.default\">\n\t\t\t\t\t<div class=\"elementor-heading-title elementor-size-default\">Le repreneuriat pour la vitalit\u00e9 \u00e9conomique de nos r\u00e9gions<\/div>\t\t\t\t<\/div>\n\t\t\t\t<div class=\"elementor-element elementor-element-2cd0ac7 elementor-widget elementor-widget-text-editor\" data-id=\"2cd0ac7\" data-element_type=\"widget\" data-e-type=\"widget\" data-widget_type=\"text-editor.default\">\n\t\t\t\t\t\t\t\t\t<p>Le tissu \u00e9conomique des r\u00e9gions du Qu\u00e9bec repose grandement sur la force de nos PME, dont environ 30 % sont issues d\u2019un transfert d\u2019entreprise. Miser sur le repreneuriat, c\u2019est donc favoriser la vitalit\u00e9 de nos r\u00e9gions. Voil\u00e0 pourquoi nous sommes actifs, avec les principaux acteurs du milieu, pour stimuler cette forme d&rsquo;entreprendre qui promet.\u00a0\u00a0<\/p>\t\t\t\t\t\t\t\t<\/div>\n\t\t\t\t<div class=\"elementor-element elementor-element-ed05002 elementor-widget elementor-widget-heading\" data-id=\"ed05002\" data-element_type=\"widget\" data-e-type=\"widget\" data-widget_type=\"heading.default\">\n\t\t\t\t\t<div class=\"elementor-heading-title elementor-size-default\">Sensibiliser les d\u00e9cideurs et les entrepreneurs <\/div>\t\t\t\t<\/div>\n\t\t\t\t<div class=\"elementor-element elementor-element-6e5987f elementor-widget elementor-widget-text-editor\" data-id=\"6e5987f\" data-element_type=\"widget\" data-e-type=\"widget\" data-widget_type=\"text-editor.default\">\n\t\t\t\t\t\t\t\t\t<p>Le repreneuriat est souvent une option m\u00e9connu des futurs entrepreneurs et les c\u00e9dants tardent encore trop souvent \u00e0 planifier leur rel\u00e8ve. Des 34 000 entrepreneurs qui expriment leur intentions de transf\u00e9rer leur entreprise d&rsquo;ici 2025, 61% d&rsquo;entre eux n&rsquo;ont toujours pas de plan de rel\u00e8ve, un \u00e9l\u00e9ment central \u00e0 la r\u00e9ussite de ce processus. Voil\u00e0 pourquoi le R\u00e9seau travail de concert avec les acteurs du milieu et participe \u00e0 diff\u00e9rentes activit\u00e9s de sensibilisations au repreneurait, notamment \u00e0 la Tourn\u00e9e nationale du repreneuriat orchestr\u00e9e par la FCCQ, le Centre de transfert d\u2019entreprise du Qu\u00e9bec (CTEQ) et d\u2019autres partenaires dont Morency Avocats et Raymond Chabot Grant Thornton. Une dizaine de r\u00e9gions ont \u00e9t\u00e9 parcourues et les entrepreneurs en devenir ont pu obtenir des solutions concr\u00e8tes offertes par des experts du repreneuriat.\u00a0<\/p><p>Sur le terrain, les SADC et CAE, en plus d&rsquo;offrir de l&rsquo;accompagnement et du financement, orchestrent \u00e9galement une foule d&rsquo;activit\u00e9s de sensibilisation et de formation au transfert d&rsquo;entreprise. Bien ancr\u00e9s au sein de leur milieu, ils sont aussi bien plac\u00e9s pour identifier les releveurs et les c\u00e9dants potentiels au sein de leur collectivit\u00e9 !<\/p>\t\t\t\t\t\t\t\t<\/div>\n\t\t\t\t<div class=\"elementor-element elementor-element-ccd0ab9 elementor-widget elementor-widget-button\" data-id=\"ccd0ab9\" data-element_type=\"widget\" data-e-type=\"widget\" data-widget_type=\"button.default\">\n\t\t\t\t\t\t\t\t\t\t<a class=\"elementor-button elementor-button-link elementor-size-sm\" href=\"https:\/\/sadcdev.picard.ca\/transfert-et-releve-repreneuriat\/\">\n\t\t\t\t\t\t<span class=\"elementor-button-content-wrapper\">\n\t\t\t\t\t\t\t\t\t<span class=\"elementor-button-text\">D\u00e9couvrez les services des SADC+CAE en transfert d'entreprise<\/span>\n\t\t\t\t\t<\/span>\n\t\t\t\t\t<\/a>\n\t\t\t\t\t\t\t\t<\/div>\n\t\t\t\t<div class=\"elementor-element elementor-element-35319cb elementor-widget elementor-widget-heading\" data-id=\"35319cb\" data-element_type=\"widget\" data-e-type=\"widget\" data-widget_type=\"heading.default\">\n\t\t\t\t\t<div class=\"elementor-heading-title elementor-size-default\">Stimuler la rel\u00e8ve entrepreneuriale chez les jeunes <\/div>\t\t\t\t<\/div>\n\t\t\t\t<div class=\"elementor-element elementor-element-e952217 elementor-widget elementor-widget-text-editor\" data-id=\"e952217\" data-element_type=\"widget\" data-e-type=\"widget\" data-widget_type=\"text-editor.default\">\n\t\t\t\t\t\t\t\t\t<p>Nous misons sur l&rsquo;entrepreneuriat jeunesse, notamment en assurant la coordination de notre programme cl\u00e9 depuis 1997 : La Strat\u00e9gie jeunesse. Gr\u00e2ce \u00e0 ce programme, mis en place en collaboration avec D\u00e9veloppement \u00e9conomique Canada pour les r\u00e9gions du Qu\u00e9bec, les SADC et CAE accompagnent et financent les entrepreneurs de 39 ans et moins et orchestrent une foule d&rsquo;activit\u00e9s pour les inciter \u00e0 se lancer en affaire en r\u00e9gion.<\/p>\t\t\t\t\t\t\t\t<\/div>\n\t\t\t\t<div class=\"elementor-element elementor-element-75b18a5 elementor-widget elementor-widget-button\" data-id=\"75b18a5\" data-element_type=\"widget\" data-e-type=\"widget\" data-widget_type=\"button.default\">\n\t\t\t\t\t\t\t\t\t\t<a class=\"elementor-button elementor-button-link elementor-size-sm\" href=\"https:\/\/sadcdev.picard.ca\/fonds-strategie-jeunesse\/\">\n\t\t\t\t\t\t<span class=\"elementor-button-content-wrapper\">\n\t\t\t\t\t\t\t\t\t<span class=\"elementor-button-text\">D\u00e9couvrez notre Strat\u00e9gie jeunesse<\/span>\n\t\t\t\t\t<\/span>\n\t\t\t\t\t<\/a>\n\t\t\t\t\t\t\t\t<\/div>\n\t\t\t\t<div class=\"elementor-element elementor-element-f8e4f2d elementor-widget elementor-widget-heading\" data-id=\"f8e4f2d\" data-element_type=\"widget\" data-e-type=\"widget\" data-widget_type=\"heading.default\">\n\t\t\t\t\t<div class=\"elementor-heading-title elementor-size-default\">Aider les nouveaux visages de l'entrepreneuriat : les flexipreneurs<\/div>\t\t\t\t<\/div>\n\t\t\t\t<div class=\"elementor-element elementor-element-d08c470 elementor-widget elementor-widget-text-editor\" data-id=\"d08c470\" data-element_type=\"widget\" data-e-type=\"widget\" data-widget_type=\"text-editor.default\">\n\t\t\t\t\t\t\t\t\t<p>\u00a0<\/p><p>En plus de leur entreprise, les flexipreneurs ont un emploi \u00e0 temps partiel ou m\u00eame \u00e0 temps plein et combinent plusieurs activit\u00e9s \u00e0 la fois : \u00e9tudes, aide \u00e0 un proche, travail saisonnier. On les conna\u00eet peu, car on en parle trop peu au Qu\u00e9bec. Le flexipreneuriat est pourtant un ph\u00e9nom\u00e8ne en croissance surtout chez les femmes. Notre R\u00e9seau et la SADC de Shawinigan ont cr\u00e9\u00e9 le programme d\u2019accompagnement et de financement d\u00e9di\u00e9 \u00e0 cette client\u00e8le en \u00e9mergence pour stimuler le d\u00e9veloppement de leur projet.\u00a0 Les petites entreprises sont au coeur de l\u2019\u00e9conomie des r\u00e9gions et plusieurs, surtout celles \u00e0 propri\u00e9t\u00e9 f\u00e9minine, voient le jour sous forme de projet \u00e0 temps partiel. Il est temps de mettre en lumi\u00e8re cette forme d\u2019entrepreneuriat et d\u2019offrir des mesures flexibles et adapt\u00e9es \u00e0 cette r\u00e9alit\u00e9.<\/p>\t\t\t\t\t\t\t\t<\/div>\n\t\t\t\t<div class=\"elementor-element elementor-element-24a0ea3 elementor-widget elementor-widget-button\" data-id=\"24a0ea3\" data-element_type=\"widget\" data-e-type=\"widget\" data-widget_type=\"button.default\">\n\t\t\t\t\t\t\t\t\t\t<a class=\"elementor-button elementor-button-link elementor-size-sm\" href=\"https:\/\/sadcdev.picard.ca\/flexipret-pour-les-femmes\/\">\n\t\t\t\t\t\t<span class=\"elementor-button-content-wrapper\">\n\t\t\t\t\t\t\t\t\t<span class=\"elementor-button-text\">D\u00e9couvrez le flexipr\u00eat<\/span>\n\t\t\t\t\t<\/span>\n\t\t\t\t\t<\/a>\n\t\t\t\t\t\t\t\t<\/div>\n\t\t\t\t\t<\/div>\n\t\t<\/div>\n\t\t\t\t\t<\/div>\n\t\t<\/section>\n\t\t\t\t<section class=\"elementor-section elementor-top-section elementor-element elementor-element-9a2bd49 elementor-hidden-mobile elementor-section-boxed elementor-section-height-default elementor-section-height-default\" data-id=\"9a2bd49\" data-element_type=\"section\" data-e-type=\"section\" data-settings=\"{&quot;background_background&quot;:&quot;classic&quot;}\">\n\t\t\t\t\t\t\t<div class=\"elementor-background-overlay\"><\/div>\n\t\t\t\t\t\t\t<div class=\"elementor-container elementor-column-gap-default\">\n\t\t\t\t\t<div class=\"elementor-column elementor-col-100 elementor-top-column elementor-element elementor-element-adb9b37 video-slider-wrapper\" data-id=\"adb9b37\" data-element_type=\"column\" data-e-type=\"column\">\n\t\t\t<div class=\"elementor-widget-wrap elementor-element-populated\">\n\t\t\t\t\t\t<div class=\"elementor-element elementor-element-2de8652 elementor-widget__width-auto elementor-widget elementor-widget-heading\" data-id=\"2de8652\" data-element_type=\"widget\" data-e-type=\"widget\" data-widget_type=\"heading.default\">\n\t\t\t\t\t<div class=\"elementor-heading-title elementor-size-default\">Histoire de rel\u00e8ve inspirante\n<\/div>\t\t\t\t<\/div>\n\t\t\t\t<section class=\"elementor-section elementor-inner-section elementor-element elementor-element-87f17c3 elementor-section-height-min-height elementor-section-content-bottom video-wrapper elementor-section-boxed elementor-section-height-default\" data-id=\"87f17c3\" data-element_type=\"section\" data-e-type=\"section\" data-settings=\"{&quot;background_background&quot;:&quot;classic&quot;}\">\n\t\t\t\t\t\t\t<div class=\"elementor-background-overlay\"><\/div>\n\t\t\t\t\t\t\t<div class=\"elementor-container elementor-column-gap-no\">\n\t\t\t\t\t<div class=\"elementor-column elementor-col-100 elementor-inner-column elementor-element elementor-element-d5406ed\" data-id=\"d5406ed\" data-element_type=\"column\" data-e-type=\"column\">\n\t\t\t<div class=\"elementor-widget-wrap elementor-element-populated\">\n\t\t\t\t\t\t<div class=\"elementor-element elementor-element-3034b4c elementor-widget elementor-widget-heading\" data-id=\"3034b4c\" data-element_type=\"widget\" data-e-type=\"widget\" data-widget_type=\"heading.default\">\n\t\t\t\t\t<div class=\"elementor-heading-title elementor-size-default\">De nouveaux horizons pour Viandes Lafrance<\/div>\t\t\t\t<\/div>\n\t\t\t\t<div class=\"elementor-element elementor-element-21db958 elementor-widget__width-initial elementor-widget elementor-widget-text-editor\" data-id=\"21db958\" data-element_type=\"widget\" data-e-type=\"widget\" data-widget_type=\"text-editor.default\">\n\t\t\t\t\t\t\t\t\t<p><i><span style=\"font-family: arial, sans-serif;\">Choisir le repreneuriat pour faire prosp\u00e9rer une entreprise et le travail de ceux qui ont pr\u00e9c\u00e9d\u00e9.<\/span><\/i><\/p>\t\t\t\t\t\t\t\t<\/div>\n\t\t\t\t<div class=\"elementor-element elementor-element-d6dfc58 elementor-widget elementor-widget-video\" data-id=\"d6dfc58\" data-element_type=\"widget\" data-e-type=\"widget\" data-settings=\"{&quot;youtube_url&quot;:&quot;https:\\\/\\\/youtu.be\\\/PKTUftH25yI&quot;,&quot;video_type&quot;:&quot;youtube&quot;,&quot;controls&quot;:&quot;yes&quot;}\" data-widget_type=\"video.default\">\n\t\t\t\t\t\t\t<div class=\"elementor-wrapper elementor-open-inline\">\n\t\t\t<div class=\"elementor-video\"><\/div>\t\t<\/div>\n\t\t\t\t\t\t<\/div>\n\t\t\t\t<div class=\"elementor-element elementor-element-edbeee3 video-play elementor-widget__width-auto elementor-absolute elementor-widget elementor-widget-image\" data-id=\"edbeee3\" data-element_type=\"widget\" data-e-type=\"widget\" data-settings=\"{&quot;_position&quot;:&quot;absolute&quot;}\" data-widget_type=\"image.default\">\n\t\t\t\t\t\t\t\t\t\t\t\t\t\t\t<img decoding=\"async\" width=\"102\" height=\"102\" src=\"https:\/\/sadcdev.picard.ca\/wp-content\/uploads\/2022\/02\/play-video.png\" class=\"attachment-large size-large wp-image-2629\" alt=\"\" \/>\t\t\t\t\t\t\t\t\t\t\t\t\t\t\t<\/div>\n\t\t\t\t\t<\/div>\n\t\t<\/div>\n\t\t\t\t\t<\/div>\n\t\t<\/section>\n\t\t\t\t\t<\/div>\n\t\t<\/div>\n\t\t\t\t\t<\/div>\n\t\t<\/section>\n\t\t\t\t<\/div>\n\t\t","protected":false},"excerpt":{"rendered":"<p>Tant chez les SADC et CAE qu&rsquo;au sein du R\u00e9seau, les actions se multiplient pour stimuler la rel\u00e8ve entrepreneuriale et promouvoir le repreneuriat, notamment en sensibilisant les entrepreneurs et les d\u00e9cideurs et en soutenant les entrepreneurs dans leurs d\u00e9marches. Trouvez votre SADC+CAE Le repreneuriat pour la vitalit\u00e9 \u00e9conomique de nos r\u00e9gions Le tissu \u00e9conomique des [&hellip;]<\/p>\n","protected":false},"author":4,"featured_media":0,"parent":0,"menu_order":0,"comment_status":"closed","ping_status":"closed","template":"","meta":{"_acf_changed":false,"footnotes":""},"class_list":["post-6075","page","type-page","status-publish","hentry"],"acf":[],"yoast_head":"<!-- This site is optimized with the Yoast SEO plugin v26.8 - https:\/\/yoast.com\/product\/yoast-seo-wordpress\/ -->\n<title>R\u00e9seau des SADC et CAE - Transfert d&#039;entreprise<\/title>\n<meta name=\"description\" content=\"Facilitez le transfert d\u2019entreprise avec le soutien des SADC et CAE, pour assurer une rel\u00e8ve r\u00e9ussie et la p\u00e9rennit\u00e9 des affaires locales.\" \/>\n<meta name=\"robots\" content=\"noindex, follow, max-snippet:-1, max-image-preview:large, max-video-preview:-1\" \/>\n<meta property=\"og:locale\" content=\"fr_FR\" \/>\n<meta property=\"og:type\" content=\"article\" \/>\n<meta property=\"og:title\" content=\"R\u00e9seau des SADC et CAE - Transfert d&#039;entreprise\" \/>\n<meta property=\"og:description\" content=\"Facilitez le transfert d\u2019entreprise avec le soutien des SADC et CAE, pour assurer une rel\u00e8ve r\u00e9ussie et la p\u00e9rennit\u00e9 des affaires locales.\" \/>\n<meta property=\"og:url\" content=\"https:\/\/sadcdev.picard.ca\/transfert-dentreprise\/\" \/>\n<meta property=\"og:site_name\" content=\"R\u00e9seau des SADC et CAE\" \/>\n<meta property=\"article:modified_time\" content=\"2024-09-13T18:30:19+00:00\" \/>\n<meta property=\"og:image\" content=\"https:\/\/sadcdev.picard.ca\/wp-content\/uploads\/2024\/07\/sadc-cae-frame.png\" \/>\n<meta name=\"twitter:card\" content=\"summary_large_image\" \/>\n<meta name=\"twitter:label1\" content=\"Dur\u00e9e de lecture estim\u00e9e\" \/>\n\t<meta name=\"twitter:data1\" content=\"4 minutes\" \/>\n<script type=\"application\/ld+json\" class=\"yoast-schema-graph\">{\"@context\":\"https:\/\/schema.org\",\"@graph\":[{\"@type\":\"WebPage\",\"@id\":\"https:\/\/sadcdev.picard.ca\/transfert-dentreprise\/\",\"url\":\"https:\/\/sadcdev.picard.ca\/transfert-dentreprise\/\",\"name\":\"R\u00e9seau des SADC et CAE - Transfert d'entreprise\",\"isPartOf\":{\"@id\":\"https:\/\/sadcdev.picard.ca\/fr\/#website\"},\"primaryImageOfPage\":{\"@id\":\"https:\/\/sadcdev.picard.ca\/transfert-dentreprise\/#primaryimage\"},\"image\":{\"@id\":\"https:\/\/sadcdev.picard.ca\/transfert-dentreprise\/#primaryimage\"},\"thumbnailUrl\":\"https:\/\/sadcdev.picard.ca\/wp-content\/uploads\/2024\/07\/sadc-cae-frame.png\",\"datePublished\":\"2024-07-16T16:32:29+00:00\",\"dateModified\":\"2024-09-13T18:30:19+00:00\",\"description\":\"Facilitez le transfert d\u2019entreprise avec le soutien des SADC et CAE, pour assurer une rel\u00e8ve r\u00e9ussie et la p\u00e9rennit\u00e9 des affaires locales.\",\"breadcrumb\":{\"@id\":\"https:\/\/sadcdev.picard.ca\/transfert-dentreprise\/#breadcrumb\"},\"inLanguage\":\"fr-FR\",\"potentialAction\":[{\"@type\":\"ReadAction\",\"target\":[\"https:\/\/sadcdev.picard.ca\/transfert-dentreprise\/\"]}]},{\"@type\":\"ImageObject\",\"inLanguage\":\"fr-FR\",\"@id\":\"https:\/\/sadcdev.picard.ca\/transfert-dentreprise\/#primaryimage\",\"url\":\"https:\/\/sadcdev.picard.ca\/wp-content\/uploads\/2024\/07\/sadc-cae-frame.png\",\"contentUrl\":\"https:\/\/sadcdev.picard.ca\/wp-content\/uploads\/2024\/07\/sadc-cae-frame.png\"},{\"@type\":\"BreadcrumbList\",\"@id\":\"https:\/\/sadcdev.picard.ca\/transfert-dentreprise\/#breadcrumb\",\"itemListElement\":[{\"@type\":\"ListItem\",\"position\":1,\"name\":\"Accueil\",\"item\":\"https:\/\/sadcdev.picard.ca\/\"},{\"@type\":\"ListItem\",\"position\":2,\"name\":\"Transfert d&rsquo;entreprise\"}]},{\"@type\":\"WebSite\",\"@id\":\"https:\/\/sadcdev.picard.ca\/fr\/#website\",\"url\":\"https:\/\/sadcdev.picard.ca\/fr\/\",\"name\":\"CAE Laprade Trois-Rivi\u00e8res\",\"description\":\"On soutient et finance vos projets locaux\",\"publisher\":{\"@id\":\"https:\/\/sadcdev.picard.ca\/fr\/#organization\"},\"potentialAction\":[{\"@type\":\"SearchAction\",\"target\":{\"@type\":\"EntryPoint\",\"urlTemplate\":\"https:\/\/sadcdev.picard.ca\/fr\/?s={search_term_string}\"},\"query-input\":{\"@type\":\"PropertyValueSpecification\",\"valueRequired\":true,\"valueName\":\"search_term_string\"}}],\"inLanguage\":\"fr-FR\"},{\"@type\":\"Organization\",\"@id\":\"https:\/\/sadcdev.picard.ca\/fr\/#organization\",\"name\":\"CAE Laprade Trois-Rivi\u00e8res Inc.\",\"url\":\"https:\/\/sadcdev.picard.ca\/fr\/\",\"logo\":{\"@type\":\"ImageObject\",\"inLanguage\":\"fr-FR\",\"@id\":\"https:\/\/sadcdev.picard.ca\/fr\/#\/schema\/logo\/image\/\",\"url\":\"https:\/\/sadcdev.picard.ca\/wp-content\/uploads\/2024\/09\/SADC_Facebook_PhotoProfil.jpg\",\"contentUrl\":\"https:\/\/sadcdev.picard.ca\/wp-content\/uploads\/2024\/09\/SADC_Facebook_PhotoProfil.jpg\",\"width\":640,\"height\":640,\"caption\":\"CAE Laprade Trois-Rivi\u00e8res Inc.\"},\"image\":{\"@id\":\"https:\/\/sadcdev.picard.ca\/fr\/#\/schema\/logo\/image\/\"}}]}<\/script>\n<!-- \/ Yoast SEO plugin. -->","yoast_head_json":{"title":"R\u00e9seau des SADC et CAE - Transfert d'entreprise","description":"Facilitez le transfert d\u2019entreprise avec le soutien des SADC et CAE, pour assurer une rel\u00e8ve r\u00e9ussie et la p\u00e9rennit\u00e9 des affaires locales.","robots":{"index":"noindex","follow":"follow","max-snippet":"max-snippet:-1","max-image-preview":"max-image-preview:large","max-video-preview":"max-video-preview:-1"},"og_locale":"fr_FR","og_type":"article","og_title":"R\u00e9seau des SADC et CAE - Transfert d'entreprise","og_description":"Facilitez le transfert d\u2019entreprise avec le soutien des SADC et CAE, pour assurer une rel\u00e8ve r\u00e9ussie et la p\u00e9rennit\u00e9 des affaires locales.","og_url":"https:\/\/sadcdev.picard.ca\/transfert-dentreprise\/","og_site_name":"R\u00e9seau des SADC et CAE","article_modified_time":"2024-09-13T18:30:19+00:00","og_image":[{"url":"https:\/\/sadcdev.picard.ca\/wp-content\/uploads\/2024\/07\/sadc-cae-frame.png","type":"","width":"","height":""}],"twitter_card":"summary_large_image","twitter_misc":{"Dur\u00e9e de lecture estim\u00e9e":"4 minutes"},"schema":{"@context":"https:\/\/schema.org","@graph":[{"@type":"WebPage","@id":"https:\/\/sadcdev.picard.ca\/transfert-dentreprise\/","url":"https:\/\/sadcdev.picard.ca\/transfert-dentreprise\/","name":"R\u00e9seau des SADC et CAE - Transfert d'entreprise","isPartOf":{"@id":"https:\/\/sadcdev.picard.ca\/fr\/#website"},"primaryImageOfPage":{"@id":"https:\/\/sadcdev.picard.ca\/transfert-dentreprise\/#primaryimage"},"image":{"@id":"https:\/\/sadcdev.picard.ca\/transfert-dentreprise\/#primaryimage"},"thumbnailUrl":"https:\/\/sadcdev.picard.ca\/wp-content\/uploads\/2024\/07\/sadc-cae-frame.png","datePublished":"2024-07-16T16:32:29+00:00","dateModified":"2024-09-13T18:30:19+00:00","description":"Facilitez le transfert d\u2019entreprise avec le soutien des SADC et CAE, pour assurer une rel\u00e8ve r\u00e9ussie et la p\u00e9rennit\u00e9 des affaires locales.","breadcrumb":{"@id":"https:\/\/sadcdev.picard.ca\/transfert-dentreprise\/#breadcrumb"},"inLanguage":"fr-FR","potentialAction":[{"@type":"ReadAction","target":["https:\/\/sadcdev.picard.ca\/transfert-dentreprise\/"]}]},{"@type":"ImageObject","inLanguage":"fr-FR","@id":"https:\/\/sadcdev.picard.ca\/transfert-dentreprise\/#primaryimage","url":"https:\/\/sadcdev.picard.ca\/wp-content\/uploads\/2024\/07\/sadc-cae-frame.png","contentUrl":"https:\/\/sadcdev.picard.ca\/wp-content\/uploads\/2024\/07\/sadc-cae-frame.png"},{"@type":"BreadcrumbList","@id":"https:\/\/sadcdev.picard.ca\/transfert-dentreprise\/#breadcrumb","itemListElement":[{"@type":"ListItem","position":1,"name":"Accueil","item":"https:\/\/sadcdev.picard.ca\/"},{"@type":"ListItem","position":2,"name":"Transfert d&rsquo;entreprise"}]},{"@type":"WebSite","@id":"https:\/\/sadcdev.picard.ca\/fr\/#website","url":"https:\/\/sadcdev.picard.ca\/fr\/","name":"CAE Laprade Trois-Rivi\u00e8res","description":"On soutient et finance vos projets locaux","publisher":{"@id":"https:\/\/sadcdev.picard.ca\/fr\/#organization"},"potentialAction":[{"@type":"SearchAction","target":{"@type":"EntryPoint","urlTemplate":"https:\/\/sadcdev.picard.ca\/fr\/?s={search_term_string}"},"query-input":{"@type":"PropertyValueSpecification","valueRequired":true,"valueName":"search_term_string"}}],"inLanguage":"fr-FR"},{"@type":"Organization","@id":"https:\/\/sadcdev.picard.ca\/fr\/#organization","name":"CAE Laprade Trois-Rivi\u00e8res Inc.","url":"https:\/\/sadcdev.picard.ca\/fr\/","logo":{"@type":"ImageObject","inLanguage":"fr-FR","@id":"https:\/\/sadcdev.picard.ca\/fr\/#\/schema\/logo\/image\/","url":"https:\/\/sadcdev.picard.ca\/wp-content\/uploads\/2024\/09\/SADC_Facebook_PhotoProfil.jpg","contentUrl":"https:\/\/sadcdev.picard.ca\/wp-content\/uploads\/2024\/09\/SADC_Facebook_PhotoProfil.jpg","width":640,"height":640,"caption":"CAE Laprade Trois-Rivi\u00e8res Inc."},"image":{"@id":"https:\/\/sadcdev.picard.ca\/fr\/#\/schema\/logo\/image\/"}}]}},"_links":{"self":[{"href":"https:\/\/sadcdev.picard.ca\/fr\/wp-json\/wp\/v2\/pages\/6075","targetHints":{"allow":["GET"]}}],"collection":[{"href":"https:\/\/sadcdev.picard.ca\/fr\/wp-json\/wp\/v2\/pages"}],"about":[{"href":"https:\/\/sadcdev.picard.ca\/fr\/wp-json\/wp\/v2\/types\/page"}],"author":[{"embeddable":true,"href":"https:\/\/sadcdev.picard.ca\/fr\/wp-json\/wp\/v2\/users\/4"}],"replies":[{"embeddable":true,"href":"https:\/\/sadcdev.picard.ca\/fr\/wp-json\/wp\/v2\/comments?post=6075"}],"version-history":[{"count":0,"href":"https:\/\/sadcdev.picard.ca\/fr\/wp-json\/wp\/v2\/pages\/6075\/revisions"}],"wp:attachment":[{"href":"https:\/\/sadcdev.picard.ca\/fr\/wp-json\/wp\/v2\/media?parent=6075"}],"curies":[{"name":"wp","href":"https:\/\/api.w.org\/{rel}","templated":true}]}}