{"id":4913,"date":"2024-05-01T14:25:18","date_gmt":"2024-05-01T18:25:18","guid":{"rendered":"https:\/\/sadcdev.picard.ca\/?page_id=4913"},"modified":"2024-10-04T10:35:37","modified_gmt":"2024-10-04T14:35:37","slug":"financement-aux-petites-entreprises","status":"publish","type":"page","link":"https:\/\/sadcdev.picard.ca\/fr\/financement-aux-petites-entreprises\/","title":{"rendered":"Financement aux petites entreprises"},"content":{"rendered":"\t\t<div data-elementor-type=\"wp-page\" data-elementor-id=\"4913\" class=\"elementor elementor-4913\" data-elementor-post-type=\"page\">\n\t\t\t\t\t\t<section class=\"elementor-section elementor-top-section elementor-element elementor-element-626ad78 elementor-section-boxed elementor-section-height-default elementor-section-height-default\" data-id=\"626ad78\" data-element_type=\"section\" data-e-type=\"section\" data-settings=\"{&quot;background_background&quot;:&quot;classic&quot;}\">\n\t\t\t\t\t\t<div class=\"elementor-container elementor-column-gap-default\">\n\t\t\t\t\t<div class=\"elementor-column elementor-col-100 elementor-top-column elementor-element elementor-element-6bf4e26\" data-id=\"6bf4e26\" data-element_type=\"column\" data-e-type=\"column\">\n\t\t\t<div class=\"elementor-widget-wrap elementor-element-populated\">\n\t\t\t\t\t\t<section class=\"elementor-section elementor-inner-section elementor-element elementor-element-c0626aa elementor-section-boxed elementor-section-height-default elementor-section-height-default\" data-id=\"c0626aa\" data-element_type=\"section\" data-e-type=\"section\">\n\t\t\t\t\t\t<div class=\"elementor-container elementor-column-gap-default\">\n\t\t\t\t\t<div class=\"elementor-column elementor-col-50 elementor-inner-column elementor-element elementor-element-b323503\" data-id=\"b323503\" data-element_type=\"column\" data-e-type=\"column\">\n\t\t\t<div class=\"elementor-widget-wrap elementor-element-populated\">\n\t\t\t\t\t\t<div class=\"elementor-element elementor-element-004d2ce elementor-widget__width-initial elementor-widget elementor-widget-heading\" data-id=\"004d2ce\" data-element_type=\"widget\" data-e-type=\"widget\" data-widget_type=\"heading.default\">\n\t\t\t\t\t<div class=\"elementor-heading-title elementor-size-default\">Financement aux petites entreprises<\/div>\t\t\t\t<\/div>\n\t\t\t\t<div class=\"elementor-element elementor-element-bb11fa1 elementor-widget elementor-widget-heading\" data-id=\"bb11fa1\" data-element_type=\"widget\" data-e-type=\"widget\" data-widget_type=\"heading.default\">\n\t\t\t\t\t<div class=\"elementor-heading-title elementor-size-default\">Les SADC et CAE offrent du financement aux entrepreneurs, et ce, \u00e0 toutes les \u00e9tapes de leur projet, comme le d\u00e9marrage, l\u2019acquisition, l\u2019expansion ou le transfert. De plus, plusieurs d\u00e9veloppent des fonds sp\u00e9ciaux afin de pallier un enjeu particulier au sein de leur milieu. \u200bD\u00e9couvrez ici plus de d\u00e9tails sur notre fonds d\u2019investissement r\u00e9gulier. <\/div>\t\t\t\t<\/div>\n\t\t\t\t\t<\/div>\n\t\t<\/div>\n\t\t\t\t<div class=\"elementor-column elementor-col-50 elementor-inner-column elementor-element elementor-element-2f57d92\" data-id=\"2f57d92\" data-element_type=\"column\" data-e-type=\"column\">\n\t\t\t<div class=\"elementor-widget-wrap elementor-element-populated\">\n\t\t\t\t\t\t<div class=\"elementor-element elementor-element-8c1d8ef elementor-widget__width-auto elementor-widget elementor-widget-button\" data-id=\"8c1d8ef\" data-element_type=\"widget\" data-e-type=\"widget\" data-widget_type=\"button.default\">\n\t\t\t\t\t\t\t\t\t\t<a class=\"elementor-button elementor-button-link elementor-size-sm\" href=\"\/fr\/trouvez-votre-sadc-cae\/\">\n\t\t\t\t\t\t<span class=\"elementor-button-content-wrapper\">\n\t\t\t\t\t\t\t\t\t<span class=\"elementor-button-text\">Trouvez votre SADC + CAE<\/span>\n\t\t\t\t\t<\/span>\n\t\t\t\t\t<\/a>\n\t\t\t\t\t\t\t\t<\/div>\n\t\t\t\t\t<\/div>\n\t\t<\/div>\n\t\t\t\t\t<\/div>\n\t\t<\/section>\n\t\t\t\t<div class=\"elementor-element elementor-element-dcf1a3d elementor-widget elementor-widget-image\" data-id=\"dcf1a3d\" data-element_type=\"widget\" data-e-type=\"widget\" data-widget_type=\"image.default\">\n\t\t\t\t\t\t\t\t\t\t\t\t\t\t\t<img fetchpriority=\"high\" decoding=\"async\" width=\"1312\" height=\"669\" src=\"https:\/\/sadcdev.picard.ca\/wp-content\/uploads\/2024\/07\/sadc-cae-frame.png\" class=\"attachment-full size-full wp-image-5578\" alt=\"\" srcset=\"https:\/\/sadcdev.picard.ca\/wp-content\/uploads\/2024\/07\/sadc-cae-frame.png 1312w, https:\/\/sadcdev.picard.ca\/wp-content\/uploads\/2024\/07\/sadc-cae-frame-300x153.png 300w, https:\/\/sadcdev.picard.ca\/wp-content\/uploads\/2024\/07\/sadc-cae-frame-1024x522.png 1024w, https:\/\/sadcdev.picard.ca\/wp-content\/uploads\/2024\/07\/sadc-cae-frame-768x392.png 768w\" sizes=\"(max-width: 1312px) 100vw, 1312px\" \/>\t\t\t\t\t\t\t\t\t\t\t\t\t\t\t<\/div>\n\t\t\t\t\t<\/div>\n\t\t<\/div>\n\t\t\t\t\t<\/div>\n\t\t<\/section>\n\t\t\t\t<section class=\"elementor-section elementor-top-section elementor-element elementor-element-0b684e3 elementor-section-boxed elementor-section-height-default elementor-section-height-default\" data-id=\"0b684e3\" data-element_type=\"section\" data-e-type=\"section\" data-settings=\"{&quot;background_background&quot;:&quot;classic&quot;}\">\n\t\t\t\t\t\t<div class=\"elementor-container elementor-column-gap-default\">\n\t\t\t\t\t<div class=\"elementor-column elementor-col-50 elementor-top-column elementor-element elementor-element-0bbddf3\" data-id=\"0bbddf3\" data-element_type=\"column\" data-e-type=\"column\">\n\t\t\t<div class=\"elementor-widget-wrap elementor-element-populated\">\n\t\t\t\t\t\t<div class=\"elementor-element elementor-element-c6097f8 elementor-widget__width-auto elementor-widget elementor-widget-heading\" data-id=\"c6097f8\" data-element_type=\"widget\" data-e-type=\"widget\" data-widget_type=\"heading.default\">\n\t\t\t\t\t<div class=\"elementor-heading-title elementor-size-default\">Financement flexible<\/div>\t\t\t\t<\/div>\n\t\t\t\t\t<\/div>\n\t\t<\/div>\n\t\t\t\t<div class=\"elementor-column elementor-col-50 elementor-top-column elementor-element elementor-element-c97edf7 column-listing\" data-id=\"c97edf7\" data-element_type=\"column\" data-e-type=\"column\">\n\t\t\t<div class=\"elementor-widget-wrap elementor-element-populated\">\n\t\t\t\t\t\t<div class=\"elementor-element elementor-element-e365b68 elementor-widget elementor-widget-text-editor\" data-id=\"e365b68\" data-element_type=\"widget\" data-e-type=\"widget\" data-widget_type=\"text-editor.default\">\n\t\t\t\t\t\t\t\t\t<ul><li>Pr\u00eat variant d\u2019un montant minimum de 5 000 $ jusqu\u2019\u00e0 un maximum de 300 000 $<\/li><li>Taux d\u2019int\u00e9r\u00eat \u00e9tabli selon le taux pr\u00e9f\u00e9rentiel de la Banque du Canada major\u00e9 \u00e0 2 %, selon le projet et les garanties<\/li><li>Amortissement maximal de 15 ans<\/li><\/ul><p><b>Les modalit\u00e9s et les fonds\u00a0peuvent varier d\u2019une SADC ou\u00a0d\u2019un CAE \u00e0 l\u2019autre.\u00a0<\/b><\/p>\t\t\t\t\t\t\t\t<\/div>\n\t\t\t\t\t<\/div>\n\t\t<\/div>\n\t\t\t\t\t<\/div>\n\t\t<\/section>\n\t\t\t\t<section class=\"elementor-section elementor-top-section elementor-element elementor-element-9195d5b elementor-section-boxed elementor-section-height-default elementor-section-height-default\" data-id=\"9195d5b\" data-element_type=\"section\" data-e-type=\"section\" data-settings=\"{&quot;background_background&quot;:&quot;classic&quot;}\">\n\t\t\t\t\t\t<div class=\"elementor-container elementor-column-gap-default\">\n\t\t\t\t\t<div class=\"elementor-column elementor-col-50 elementor-top-column elementor-element elementor-element-cba09e2\" data-id=\"cba09e2\" data-element_type=\"column\" data-e-type=\"column\">\n\t\t\t<div class=\"elementor-widget-wrap elementor-element-populated\">\n\t\t\t\t\t\t<div class=\"elementor-element elementor-element-f9a26f4 elementor-widget__width-auto elementor-widget elementor-widget-heading\" data-id=\"f9a26f4\" data-element_type=\"widget\" data-e-type=\"widget\" data-widget_type=\"heading.default\">\n\t\t\t\t\t<div class=\"elementor-heading-title elementor-size-default\">Accompagnement<\/div>\t\t\t\t<\/div>\n\t\t\t\t\t<\/div>\n\t\t<\/div>\n\t\t\t\t<div class=\"elementor-column elementor-col-50 elementor-top-column elementor-element elementor-element-057e786 column-listing\" data-id=\"057e786\" data-element_type=\"column\" data-e-type=\"column\">\n\t\t\t<div class=\"elementor-widget-wrap elementor-element-populated\">\n\t\t\t\t\t\t<div class=\"elementor-element elementor-element-ed926e2 elementor-widget elementor-widget-text-editor\" data-id=\"ed926e2\" data-element_type=\"widget\" data-e-type=\"widget\" data-widget_type=\"text-editor.default\">\n\t\t\t\t\t\t\t\t\t<ul><li>Des conseils sur mesure<\/li><li>Des formations et des conf\u00e9rences adapt\u00e9es \u00e0 votre r\u00e9alit\u00e9<\/li><li>L\u2019acc\u00e8s \u00e0 un vaste r\u00e9seau d\u2019expertise<\/li><\/ul>\t\t\t\t\t\t\t\t<\/div>\n\t\t\t\t\t<\/div>\n\t\t<\/div>\n\t\t\t\t\t<\/div>\n\t\t<\/section>\n\t\t\t\t<section class=\"elementor-section elementor-top-section elementor-element elementor-element-8718702 elementor-section-boxed elementor-section-height-default elementor-section-height-default\" data-id=\"8718702\" data-element_type=\"section\" data-e-type=\"section\" data-settings=\"{&quot;background_background&quot;:&quot;classic&quot;}\">\n\t\t\t\t\t\t<div class=\"elementor-container elementor-column-gap-default\">\n\t\t\t\t\t<div class=\"elementor-column elementor-col-50 elementor-top-column elementor-element elementor-element-d9f6558\" data-id=\"d9f6558\" data-element_type=\"column\" data-e-type=\"column\">\n\t\t\t<div class=\"elementor-widget-wrap elementor-element-populated\">\n\t\t\t\t\t\t<div class=\"elementor-element elementor-element-431d583 elementor-widget__width-auto elementor-widget elementor-widget-heading\" data-id=\"431d583\" data-element_type=\"widget\" data-e-type=\"widget\" data-widget_type=\"heading.default\">\n\t\t\t\t\t<div class=\"elementor-heading-title elementor-size-default\">Est-ce que mon entreprise est admissible ?\n<\/div>\t\t\t\t<\/div>\n\t\t\t\t\t<\/div>\n\t\t<\/div>\n\t\t\t\t<div class=\"elementor-column elementor-col-50 elementor-top-column elementor-element elementor-element-2233177 column-listing\" data-id=\"2233177\" data-element_type=\"column\" data-e-type=\"column\">\n\t\t\t<div class=\"elementor-widget-wrap elementor-element-populated\">\n\t\t\t\t\t\t<div class=\"elementor-element elementor-element-fa1fad3 elementor-widget elementor-widget-text-editor\" data-id=\"fa1fad3\" data-element_type=\"widget\" data-e-type=\"widget\" data-widget_type=\"text-editor.default\">\n\t\t\t\t\t\t\t\t\t<ul><li>Votre entreprise est situ\u00e9e sur le territoire d\u2019une SADC ou d\u2019un CAE<\/li><li>Votre entreprise compte moins de 200 employ\u00e9s\u00a0<\/li><li>Vous avez 18 ans et plus<\/li><\/ul>\t\t\t\t\t\t\t\t<\/div>\n\t\t\t\t\t<\/div>\n\t\t<\/div>\n\t\t\t\t\t<\/div>\n\t\t<\/section>\n\t\t\t\t<section class=\"elementor-section elementor-top-section elementor-element elementor-element-96564c8 elementor-section-boxed elementor-section-height-default elementor-section-height-default\" data-id=\"96564c8\" data-element_type=\"section\" data-e-type=\"section\" data-settings=\"{&quot;background_background&quot;:&quot;classic&quot;}\">\n\t\t\t\t\t\t<div class=\"elementor-container elementor-column-gap-default\">\n\t\t\t\t\t<div class=\"elementor-column elementor-col-100 elementor-top-column elementor-element elementor-element-db5ca46\" data-id=\"db5ca46\" data-element_type=\"column\" data-e-type=\"column\">\n\t\t\t<div class=\"elementor-widget-wrap elementor-element-populated\">\n\t\t\t\t\t\t<section class=\"elementor-section elementor-inner-section elementor-element elementor-element-9f3645a elementor-section-boxed elementor-section-height-default elementor-section-height-default\" data-id=\"9f3645a\" data-element_type=\"section\" data-e-type=\"section\">\n\t\t\t\t\t\t<div class=\"elementor-container elementor-column-gap-default\">\n\t\t\t\t\t<div class=\"elementor-column elementor-col-33 elementor-inner-column elementor-element elementor-element-d4d6972\" data-id=\"d4d6972\" data-element_type=\"column\" data-e-type=\"column\">\n\t\t\t<div class=\"elementor-widget-wrap elementor-element-populated\">\n\t\t\t\t\t\t<div class=\"elementor-element elementor-element-179eeab elementor-widget elementor-widget-heading\" data-id=\"179eeab\" data-element_type=\"widget\" data-e-type=\"widget\" data-widget_type=\"heading.default\">\n\t\t\t\t\t<div class=\"elementor-heading-title elementor-size-default\">Faites une demande via votre SADC et CAE\n<\/div>\t\t\t\t<\/div>\n\t\t\t\t<div class=\"elementor-element elementor-element-79293ac elementor-widget elementor-widget-heading\" data-id=\"79293ac\" data-element_type=\"widget\" data-e-type=\"widget\" data-widget_type=\"heading.default\">\n\t\t\t\t\t<div class=\"elementor-heading-title elementor-size-default\">Chaque ann\u00e9e + de 10 000 entrepreneurs sont accompagn\u00e9s et financ\u00e9s par les SADC et CAE.<\/div>\t\t\t\t<\/div>\n\t\t\t\t<div class=\"elementor-element elementor-element-b7bcaf5 elementor-widget elementor-widget-button\" data-id=\"b7bcaf5\" data-element_type=\"widget\" data-e-type=\"widget\" data-widget_type=\"button.default\">\n\t\t\t\t\t\t\t\t\t\t<a class=\"elementor-button elementor-button-link elementor-size-sm\" href=\"https:\/\/sadcdev.picard.ca\/fr\/trouvez-votre-sadc-cae\/\">\n\t\t\t\t\t\t<span class=\"elementor-button-content-wrapper\">\n\t\t\t\t\t\t\t\t\t<span class=\"elementor-button-text\">Trouvez votre SADC et CAE<\/span>\n\t\t\t\t\t<\/span>\n\t\t\t\t\t<\/a>\n\t\t\t\t\t\t\t\t<\/div>\n\t\t\t\t\t<\/div>\n\t\t<\/div>\n\t\t\t\t<div class=\"elementor-column elementor-col-33 elementor-inner-column elementor-element elementor-element-1c6407a elementor-hidden-tablet elementor-hidden-mobile\" data-id=\"1c6407a\" data-element_type=\"column\" data-e-type=\"column\">\n\t\t\t<div class=\"elementor-widget-wrap\">\n\t\t\t\t\t\t\t<\/div>\n\t\t<\/div>\n\t\t\t\t<div class=\"elementor-column elementor-col-33 elementor-inner-column elementor-element elementor-element-fe0d40a\" data-id=\"fe0d40a\" data-element_type=\"column\" data-e-type=\"column\" data-settings=\"{&quot;background_background&quot;:&quot;classic&quot;}\">\n\t\t\t<div class=\"elementor-widget-wrap elementor-element-populated\">\n\t\t\t\t\t\t<div class=\"elementor-element elementor-element-53ea796 elementor-widget elementor-widget-image\" data-id=\"53ea796\" data-element_type=\"widget\" data-e-type=\"widget\" data-widget_type=\"image.default\">\n\t\t\t\t\t\t\t\t\t\t\t\t\t\t\t<img decoding=\"async\" width=\"462\" height=\"462\" src=\"https:\/\/sadcdev.picard.ca\/wp-content\/uploads\/2024\/03\/triangle.svg\" class=\"attachment-large size-large wp-image-4656\" alt=\"\" \/>\t\t\t\t\t\t\t\t\t\t\t\t\t\t\t<\/div>\n\t\t\t\t\t<\/div>\n\t\t<\/div>\n\t\t\t\t\t<\/div>\n\t\t<\/section>\n\t\t\t\t\t<\/div>\n\t\t<\/div>\n\t\t\t\t\t<\/div>\n\t\t<\/section>\n\t\t\t\t<\/div>\n\t\t","protected":false},"excerpt":{"rendered":"<p>Les SADC et CAE offrent du financement aux entrepreneurs, et ce, \u00e0 toutes les \u00e9tapes de leur projet, comme le d\u00e9marrage, l\u2019acquisition, l\u2019expansion ou le transfert. De plus, plusieurs d\u00e9veloppent des fonds sp\u00e9ciaux afin de pallier un enjeu particulier au sein de leur milieu. \u200bD\u00e9couvrez ici plus de d\u00e9tails sur notre fonds d\u2019investissement r\u00e9gulier. Trouvez [&hellip;]<\/p>\n","protected":false},"author":2,"featured_media":0,"parent":0,"menu_order":0,"comment_status":"closed","ping_status":"closed","template":"","meta":{"_acf_changed":false,"footnotes":""},"class_list":["post-4913","page","type-page","status-publish","hentry","services-financement"],"acf":[],"yoast_head":"<!-- This site is optimized with the Yoast SEO plugin v26.8 - https:\/\/yoast.com\/product\/yoast-seo-wordpress\/ -->\n<title>R\u00e9seau des SADC et CAE - Financement aux petites entreprises<\/title>\n<meta name=\"description\" content=\"Les SADC et CAE offrent des solutions de financement adapt\u00e9es aux petites entreprises pour soutenir leur d\u00e9veloppement et leur succ\u00e8s.\" \/>\n<meta name=\"robots\" content=\"noindex, follow, max-snippet:-1, max-image-preview:large, max-video-preview:-1\" \/>\n<meta property=\"og:locale\" content=\"fr_FR\" \/>\n<meta property=\"og:type\" content=\"article\" \/>\n<meta property=\"og:title\" content=\"R\u00e9seau des SADC et CAE - Financement aux petites entreprises\" \/>\n<meta property=\"og:description\" content=\"Les SADC et CAE offrent des solutions de financement adapt\u00e9es aux petites entreprises pour soutenir leur d\u00e9veloppement et leur succ\u00e8s.\" \/>\n<meta property=\"og:url\" content=\"https:\/\/sadcdev.picard.ca\/financement-aux-petites-entreprises\/\" \/>\n<meta property=\"og:site_name\" content=\"R\u00e9seau des SADC et CAE\" \/>\n<meta property=\"article:modified_time\" content=\"2024-10-04T14:35:37+00:00\" \/>\n<meta property=\"og:image\" content=\"https:\/\/sadcdev.picard.ca\/wp-content\/uploads\/2024\/07\/sadc-cae-frame.png\" \/>\n<meta name=\"twitter:card\" content=\"summary_large_image\" \/>\n<meta name=\"twitter:label1\" content=\"Dur\u00e9e de lecture estim\u00e9e\" \/>\n\t<meta name=\"twitter:data1\" content=\"2 minutes\" \/>\n<script type=\"application\/ld+json\" class=\"yoast-schema-graph\">{\"@context\":\"https:\/\/schema.org\",\"@graph\":[{\"@type\":\"WebPage\",\"@id\":\"https:\/\/sadcdev.picard.ca\/financement-aux-petites-entreprises\/\",\"url\":\"https:\/\/sadcdev.picard.ca\/financement-aux-petites-entreprises\/\",\"name\":\"R\u00e9seau des SADC et CAE - Financement aux petites entreprises\",\"isPartOf\":{\"@id\":\"https:\/\/sadcdev.picard.ca\/fr\/#website\"},\"primaryImageOfPage\":{\"@id\":\"https:\/\/sadcdev.picard.ca\/financement-aux-petites-entreprises\/#primaryimage\"},\"image\":{\"@id\":\"https:\/\/sadcdev.picard.ca\/financement-aux-petites-entreprises\/#primaryimage\"},\"thumbnailUrl\":\"https:\/\/sadcdev.picard.ca\/wp-content\/uploads\/2024\/07\/sadc-cae-frame.png\",\"datePublished\":\"2024-05-01T18:25:18+00:00\",\"dateModified\":\"2024-10-04T14:35:37+00:00\",\"description\":\"Les SADC et CAE offrent des solutions de financement adapt\u00e9es aux petites entreprises pour soutenir leur d\u00e9veloppement et leur succ\u00e8s.\",\"breadcrumb\":{\"@id\":\"https:\/\/sadcdev.picard.ca\/financement-aux-petites-entreprises\/#breadcrumb\"},\"inLanguage\":\"fr-FR\",\"potentialAction\":[{\"@type\":\"ReadAction\",\"target\":[\"https:\/\/sadcdev.picard.ca\/financement-aux-petites-entreprises\/\"]}]},{\"@type\":\"ImageObject\",\"inLanguage\":\"fr-FR\",\"@id\":\"https:\/\/sadcdev.picard.ca\/financement-aux-petites-entreprises\/#primaryimage\",\"url\":\"https:\/\/sadcdev.picard.ca\/wp-content\/uploads\/2024\/07\/sadc-cae-frame.png\",\"contentUrl\":\"https:\/\/sadcdev.picard.ca\/wp-content\/uploads\/2024\/07\/sadc-cae-frame.png\"},{\"@type\":\"BreadcrumbList\",\"@id\":\"https:\/\/sadcdev.picard.ca\/financement-aux-petites-entreprises\/#breadcrumb\",\"itemListElement\":[{\"@type\":\"ListItem\",\"position\":1,\"name\":\"Accueil\",\"item\":\"https:\/\/sadcdev.picard.ca\/\"},{\"@type\":\"ListItem\",\"position\":2,\"name\":\"Financement aux petites entreprises\"}]},{\"@type\":\"WebSite\",\"@id\":\"https:\/\/sadcdev.picard.ca\/fr\/#website\",\"url\":\"https:\/\/sadcdev.picard.ca\/fr\/\",\"name\":\"CAE Laprade Trois-Rivi\u00e8res\",\"description\":\"On soutient et finance vos projets locaux\",\"publisher\":{\"@id\":\"https:\/\/sadcdev.picard.ca\/fr\/#organization\"},\"potentialAction\":[{\"@type\":\"SearchAction\",\"target\":{\"@type\":\"EntryPoint\",\"urlTemplate\":\"https:\/\/sadcdev.picard.ca\/fr\/?s={search_term_string}\"},\"query-input\":{\"@type\":\"PropertyValueSpecification\",\"valueRequired\":true,\"valueName\":\"search_term_string\"}}],\"inLanguage\":\"fr-FR\"},{\"@type\":\"Organization\",\"@id\":\"https:\/\/sadcdev.picard.ca\/fr\/#organization\",\"name\":\"CAE Laprade Trois-Rivi\u00e8res Inc.\",\"url\":\"https:\/\/sadcdev.picard.ca\/fr\/\",\"logo\":{\"@type\":\"ImageObject\",\"inLanguage\":\"fr-FR\",\"@id\":\"https:\/\/sadcdev.picard.ca\/fr\/#\/schema\/logo\/image\/\",\"url\":\"https:\/\/sadcdev.picard.ca\/wp-content\/uploads\/2024\/09\/SADC_Facebook_PhotoProfil.jpg\",\"contentUrl\":\"https:\/\/sadcdev.picard.ca\/wp-content\/uploads\/2024\/09\/SADC_Facebook_PhotoProfil.jpg\",\"width\":640,\"height\":640,\"caption\":\"CAE Laprade Trois-Rivi\u00e8res Inc.\"},\"image\":{\"@id\":\"https:\/\/sadcdev.picard.ca\/fr\/#\/schema\/logo\/image\/\"}}]}<\/script>\n<!-- \/ Yoast SEO plugin. -->","yoast_head_json":{"title":"R\u00e9seau des SADC et CAE - Financement aux petites entreprises","description":"Les SADC et CAE offrent des solutions de financement adapt\u00e9es aux petites entreprises pour soutenir leur d\u00e9veloppement et leur succ\u00e8s.","robots":{"index":"noindex","follow":"follow","max-snippet":"max-snippet:-1","max-image-preview":"max-image-preview:large","max-video-preview":"max-video-preview:-1"},"og_locale":"fr_FR","og_type":"article","og_title":"R\u00e9seau des SADC et CAE - Financement aux petites entreprises","og_description":"Les SADC et CAE offrent des solutions de financement adapt\u00e9es aux petites entreprises pour soutenir leur d\u00e9veloppement et leur succ\u00e8s.","og_url":"https:\/\/sadcdev.picard.ca\/financement-aux-petites-entreprises\/","og_site_name":"R\u00e9seau des SADC et CAE","article_modified_time":"2024-10-04T14:35:37+00:00","og_image":[{"url":"https:\/\/sadcdev.picard.ca\/wp-content\/uploads\/2024\/07\/sadc-cae-frame.png","type":"","width":"","height":""}],"twitter_card":"summary_large_image","twitter_misc":{"Dur\u00e9e de lecture estim\u00e9e":"2 minutes"},"schema":{"@context":"https:\/\/schema.org","@graph":[{"@type":"WebPage","@id":"https:\/\/sadcdev.picard.ca\/financement-aux-petites-entreprises\/","url":"https:\/\/sadcdev.picard.ca\/financement-aux-petites-entreprises\/","name":"R\u00e9seau des SADC et CAE - Financement aux petites entreprises","isPartOf":{"@id":"https:\/\/sadcdev.picard.ca\/fr\/#website"},"primaryImageOfPage":{"@id":"https:\/\/sadcdev.picard.ca\/financement-aux-petites-entreprises\/#primaryimage"},"image":{"@id":"https:\/\/sadcdev.picard.ca\/financement-aux-petites-entreprises\/#primaryimage"},"thumbnailUrl":"https:\/\/sadcdev.picard.ca\/wp-content\/uploads\/2024\/07\/sadc-cae-frame.png","datePublished":"2024-05-01T18:25:18+00:00","dateModified":"2024-10-04T14:35:37+00:00","description":"Les SADC et CAE offrent des solutions de financement adapt\u00e9es aux petites entreprises pour soutenir leur d\u00e9veloppement et leur succ\u00e8s.","breadcrumb":{"@id":"https:\/\/sadcdev.picard.ca\/financement-aux-petites-entreprises\/#breadcrumb"},"inLanguage":"fr-FR","potentialAction":[{"@type":"ReadAction","target":["https:\/\/sadcdev.picard.ca\/financement-aux-petites-entreprises\/"]}]},{"@type":"ImageObject","inLanguage":"fr-FR","@id":"https:\/\/sadcdev.picard.ca\/financement-aux-petites-entreprises\/#primaryimage","url":"https:\/\/sadcdev.picard.ca\/wp-content\/uploads\/2024\/07\/sadc-cae-frame.png","contentUrl":"https:\/\/sadcdev.picard.ca\/wp-content\/uploads\/2024\/07\/sadc-cae-frame.png"},{"@type":"BreadcrumbList","@id":"https:\/\/sadcdev.picard.ca\/financement-aux-petites-entreprises\/#breadcrumb","itemListElement":[{"@type":"ListItem","position":1,"name":"Accueil","item":"https:\/\/sadcdev.picard.ca\/"},{"@type":"ListItem","position":2,"name":"Financement aux petites entreprises"}]},{"@type":"WebSite","@id":"https:\/\/sadcdev.picard.ca\/fr\/#website","url":"https:\/\/sadcdev.picard.ca\/fr\/","name":"CAE Laprade Trois-Rivi\u00e8res","description":"On soutient et finance vos projets locaux","publisher":{"@id":"https:\/\/sadcdev.picard.ca\/fr\/#organization"},"potentialAction":[{"@type":"SearchAction","target":{"@type":"EntryPoint","urlTemplate":"https:\/\/sadcdev.picard.ca\/fr\/?s={search_term_string}"},"query-input":{"@type":"PropertyValueSpecification","valueRequired":true,"valueName":"search_term_string"}}],"inLanguage":"fr-FR"},{"@type":"Organization","@id":"https:\/\/sadcdev.picard.ca\/fr\/#organization","name":"CAE Laprade Trois-Rivi\u00e8res Inc.","url":"https:\/\/sadcdev.picard.ca\/fr\/","logo":{"@type":"ImageObject","inLanguage":"fr-FR","@id":"https:\/\/sadcdev.picard.ca\/fr\/#\/schema\/logo\/image\/","url":"https:\/\/sadcdev.picard.ca\/wp-content\/uploads\/2024\/09\/SADC_Facebook_PhotoProfil.jpg","contentUrl":"https:\/\/sadcdev.picard.ca\/wp-content\/uploads\/2024\/09\/SADC_Facebook_PhotoProfil.jpg","width":640,"height":640,"caption":"CAE Laprade Trois-Rivi\u00e8res Inc."},"image":{"@id":"https:\/\/sadcdev.picard.ca\/fr\/#\/schema\/logo\/image\/"}}]}},"_links":{"self":[{"href":"https:\/\/sadcdev.picard.ca\/fr\/wp-json\/wp\/v2\/pages\/4913","targetHints":{"allow":["GET"]}}],"collection":[{"href":"https:\/\/sadcdev.picard.ca\/fr\/wp-json\/wp\/v2\/pages"}],"about":[{"href":"https:\/\/sadcdev.picard.ca\/fr\/wp-json\/wp\/v2\/types\/page"}],"author":[{"embeddable":true,"href":"https:\/\/sadcdev.picard.ca\/fr\/wp-json\/wp\/v2\/users\/2"}],"replies":[{"embeddable":true,"href":"https:\/\/sadcdev.picard.ca\/fr\/wp-json\/wp\/v2\/comments?post=4913"}],"version-history":[{"count":0,"href":"https:\/\/sadcdev.picard.ca\/fr\/wp-json\/wp\/v2\/pages\/4913\/revisions"}],"wp:attachment":[{"href":"https:\/\/sadcdev.picard.ca\/fr\/wp-json\/wp\/v2\/media?parent=4913"}],"curies":[{"name":"wp","href":"https:\/\/api.w.org\/{rel}","templated":true}]}}