{"id":4907,"date":"2024-05-01T14:23:08","date_gmt":"2024-05-01T18:23:08","guid":{"rendered":"https:\/\/sadcdev.picard.ca\/?page_id=4907"},"modified":"2024-10-04T10:34:53","modified_gmt":"2024-10-04T14:34:53","slug":"croissance","status":"publish","type":"page","link":"https:\/\/sadcdev.picard.ca\/fr\/croissance\/","title":{"rendered":"Croissance"},"content":{"rendered":"\t\t<div data-elementor-type=\"wp-page\" data-elementor-id=\"4907\" class=\"elementor elementor-4907\" data-elementor-post-type=\"page\">\n\t\t\t\t\t\t<section class=\"elementor-section elementor-top-section elementor-element elementor-element-b62e60d elementor-section-boxed elementor-section-height-default elementor-section-height-default\" data-id=\"b62e60d\" data-element_type=\"section\" data-e-type=\"section\" data-settings=\"{&quot;background_background&quot;:&quot;classic&quot;}\">\n\t\t\t\t\t\t<div class=\"elementor-container elementor-column-gap-default\">\n\t\t\t\t\t<div class=\"elementor-column elementor-col-100 elementor-top-column elementor-element elementor-element-a302c83\" data-id=\"a302c83\" data-element_type=\"column\" data-e-type=\"column\">\n\t\t\t<div class=\"elementor-widget-wrap elementor-element-populated\">\n\t\t\t\t\t\t<section class=\"elementor-section elementor-inner-section elementor-element elementor-element-7e1c0ad elementor-section-boxed elementor-section-height-default elementor-section-height-default\" data-id=\"7e1c0ad\" data-element_type=\"section\" data-e-type=\"section\">\n\t\t\t\t\t\t<div class=\"elementor-container elementor-column-gap-default\">\n\t\t\t\t\t<div class=\"elementor-column elementor-col-50 elementor-inner-column elementor-element elementor-element-81e7945\" data-id=\"81e7945\" data-element_type=\"column\" data-e-type=\"column\">\n\t\t\t<div class=\"elementor-widget-wrap elementor-element-populated\">\n\t\t\t\t\t\t<div class=\"elementor-element elementor-element-575b7ff elementor-widget__width-initial elementor-widget elementor-widget-heading\" data-id=\"575b7ff\" data-element_type=\"widget\" data-e-type=\"widget\" data-widget_type=\"heading.default\">\n\t\t\t\t\t<div class=\"elementor-heading-title elementor-size-default\">Croissance<\/div>\t\t\t\t<\/div>\n\t\t\t\t<div class=\"elementor-element elementor-element-b7b976c elementor-widget elementor-widget-heading\" data-id=\"b7b976c\" data-element_type=\"widget\" data-e-type=\"widget\" data-widget_type=\"heading.default\">\n\t\t\t\t\t<div class=\"elementor-heading-title elementor-size-default\">L\u2019expansion et la croissance d\u2019une PME, \u00e7a se planifie. Bien entendu, de nouvelles opportunit\u00e9s se pr\u00e9sentent parfois de fa\u00e7on inattendue. R\u00e8gle g\u00e9n\u00e9rale, une saine croissance d\u2019entreprise se pr\u00e9pare et s\u2019inscrit dans un plan strat\u00e9gique \u00e0 moyen et long terme. Dans un plan d\u2019affaires ax\u00e9 sur sa croissance, une entreprise doit consid\u00e9rer les diff\u00e9rents volets de ses op\u00e9rations (et op\u00e9rations futures) :<\/div>\t\t\t\t<\/div>\n\t\t\t\t\t<\/div>\n\t\t<\/div>\n\t\t\t\t<div class=\"elementor-column elementor-col-50 elementor-inner-column elementor-element elementor-element-13cce5e\" data-id=\"13cce5e\" data-element_type=\"column\" data-e-type=\"column\">\n\t\t\t<div class=\"elementor-widget-wrap elementor-element-populated\">\n\t\t\t\t\t\t<div class=\"elementor-element elementor-element-11a3e37 elementor-widget__width-auto elementor-widget elementor-widget-button\" data-id=\"11a3e37\" data-element_type=\"widget\" data-e-type=\"widget\" data-widget_type=\"button.default\">\n\t\t\t\t\t\t\t\t\t\t<a class=\"elementor-button elementor-button-link elementor-size-sm\" href=\"\/fr\/trouvez-votre-sadc-cae\/\">\n\t\t\t\t\t\t<span class=\"elementor-button-content-wrapper\">\n\t\t\t\t\t\t\t\t\t<span class=\"elementor-button-text\">Trouvez votre SADC+CAE<\/span>\n\t\t\t\t\t<\/span>\n\t\t\t\t\t<\/a>\n\t\t\t\t\t\t\t\t<\/div>\n\t\t\t\t\t<\/div>\n\t\t<\/div>\n\t\t\t\t\t<\/div>\n\t\t<\/section>\n\t\t\t\t\t<\/div>\n\t\t<\/div>\n\t\t\t\t\t<\/div>\n\t\t<\/section>\n\t\t\t\t<section class=\"elementor-section elementor-top-section elementor-element elementor-element-059c332 elementor-section-boxed elementor-section-height-default elementor-section-height-default\" data-id=\"059c332\" data-element_type=\"section\" data-e-type=\"section\">\n\t\t\t\t\t\t<div class=\"elementor-container elementor-column-gap-default\">\n\t\t\t\t\t<div class=\"elementor-column elementor-col-100 elementor-top-column elementor-element elementor-element-dfe8009\" data-id=\"dfe8009\" data-element_type=\"column\" data-e-type=\"column\">\n\t\t\t<div class=\"elementor-widget-wrap elementor-element-populated\">\n\t\t\t\t\t\t<div class=\"elementor-element elementor-element-6c47319 elementor-widget elementor-widget-image\" data-id=\"6c47319\" data-element_type=\"widget\" data-e-type=\"widget\" data-widget_type=\"image.default\">\n\t\t\t\t\t\t\t\t\t\t\t\t\t\t\t<img fetchpriority=\"high\" decoding=\"async\" width=\"1312\" height=\"669\" src=\"https:\/\/sadcdev.picard.ca\/wp-content\/uploads\/2024\/07\/sadc-cae-frame.png\" class=\"attachment-full size-full wp-image-5578\" alt=\"\" srcset=\"https:\/\/sadcdev.picard.ca\/wp-content\/uploads\/2024\/07\/sadc-cae-frame.png 1312w, https:\/\/sadcdev.picard.ca\/wp-content\/uploads\/2024\/07\/sadc-cae-frame-300x153.png 300w, https:\/\/sadcdev.picard.ca\/wp-content\/uploads\/2024\/07\/sadc-cae-frame-1024x522.png 1024w, https:\/\/sadcdev.picard.ca\/wp-content\/uploads\/2024\/07\/sadc-cae-frame-768x392.png 768w\" sizes=\"(max-width: 1312px) 100vw, 1312px\" \/>\t\t\t\t\t\t\t\t\t\t\t\t\t\t\t<\/div>\n\t\t\t\t\t<\/div>\n\t\t<\/div>\n\t\t\t\t\t<\/div>\n\t\t<\/section>\n\t\t\t\t<section class=\"elementor-section elementor-top-section elementor-element elementor-element-dabf437 elementor-section-boxed elementor-section-height-default elementor-section-height-default\" data-id=\"dabf437\" data-element_type=\"section\" data-e-type=\"section\" data-settings=\"{&quot;background_background&quot;:&quot;classic&quot;}\">\n\t\t\t\t\t\t<div class=\"elementor-container elementor-column-gap-default\">\n\t\t\t\t\t<div class=\"elementor-column elementor-col-50 elementor-top-column elementor-element elementor-element-438be8c\" data-id=\"438be8c\" data-element_type=\"column\" data-e-type=\"column\">\n\t\t\t<div class=\"elementor-widget-wrap elementor-element-populated\">\n\t\t\t\t\t\t<div class=\"elementor-element elementor-element-4bddcda elementor-widget__width-auto elementor-widget elementor-widget-heading\" data-id=\"4bddcda\" data-element_type=\"widget\" data-e-type=\"widget\" data-widget_type=\"heading.default\">\n\t\t\t\t\t<div class=\"elementor-heading-title elementor-size-default\">Accompagnement \nsur-mesure<\/div>\t\t\t\t<\/div>\n\t\t\t\t\t<\/div>\n\t\t<\/div>\n\t\t\t\t<div class=\"elementor-column elementor-col-50 elementor-top-column elementor-element elementor-element-371a8c7 column-listing\" data-id=\"371a8c7\" data-element_type=\"column\" data-e-type=\"column\">\n\t\t\t<div class=\"elementor-widget-wrap elementor-element-populated\">\n\t\t\t\t\t\t<div class=\"elementor-element elementor-element-1e9c84c elementor-widget elementor-widget-text-editor\" data-id=\"1e9c84c\" data-element_type=\"widget\" data-e-type=\"widget\" data-widget_type=\"text-editor.default\">\n\t\t\t\t\t\t\t\t\t<p>\u00ab Avez-vous pens\u00e9 \u00e0 \u00e7a? \u00bb C\u2019est peut-\u00eatre la question que vous poseront le plus souvent les conseillers de votre SADC ou CAE local. Pour vous accompagner efficacement dans la croissance de votre entreprise, notre \u00e9quipe met tout en \u0153uvre pour vous guider dans la r\u00e9flexion strat\u00e9gique \u00e0 r\u00e9aliser. Comme elle travaille avec de nombreux entrepreneurs et qu\u2019elle est pr\u00e8s des collectivit\u00e9s, elle jouit d\u2019une perspective unique.<\/p><p>Besoin d\u2019\u00eatre mis en contact avec un acteur du milieu des affaires de votre r\u00e9gion? Besoin d\u2019aide pour d\u00e9nicher les subventions sp\u00e9cifiquement destin\u00e9es \u00e0 l\u2019expansion et la croissance d\u2019une entreprise? Besoin de pr\u00e9parer un montage financier \u00e0 pr\u00e9senter \u00e0 un partenaire d\u2019affaires ou une institution financi\u00e8re? Ce sont toutes des \u00e9tapes que nos conseillers peuvent vous aider \u00e0 franchir.<\/p>\t\t\t\t\t\t\t\t<\/div>\n\t\t\t\t\t<\/div>\n\t\t<\/div>\n\t\t\t\t\t<\/div>\n\t\t<\/section>\n\t\t\t\t<section class=\"elementor-section elementor-top-section elementor-element elementor-element-c07032c elementor-section-boxed elementor-section-height-default elementor-section-height-default\" data-id=\"c07032c\" data-element_type=\"section\" data-e-type=\"section\" data-settings=\"{&quot;background_background&quot;:&quot;classic&quot;}\">\n\t\t\t\t\t\t<div class=\"elementor-container elementor-column-gap-default\">\n\t\t\t\t\t<div class=\"elementor-column elementor-col-100 elementor-top-column elementor-element elementor-element-64fdaa5\" data-id=\"64fdaa5\" data-element_type=\"column\" data-e-type=\"column\">\n\t\t\t<div class=\"elementor-widget-wrap elementor-element-populated\">\n\t\t\t\t\t\t<section class=\"elementor-section elementor-inner-section elementor-element elementor-element-4a0fa5d elementor-section-boxed elementor-section-height-default elementor-section-height-default\" data-id=\"4a0fa5d\" data-element_type=\"section\" data-e-type=\"section\">\n\t\t\t\t\t\t<div class=\"elementor-container elementor-column-gap-default\">\n\t\t\t\t\t<div class=\"elementor-column elementor-col-33 elementor-inner-column elementor-element elementor-element-52799af\" data-id=\"52799af\" data-element_type=\"column\" data-e-type=\"column\" data-settings=\"{&quot;background_background&quot;:&quot;classic&quot;}\">\n\t\t\t<div class=\"elementor-widget-wrap elementor-element-populated\">\n\t\t\t\t\t\t<div class=\"elementor-element elementor-element-c684afb elementor-widget elementor-widget-image\" data-id=\"c684afb\" data-element_type=\"widget\" data-e-type=\"widget\" data-widget_type=\"image.default\">\n\t\t\t\t\t\t\t\t\t\t\t\t\t\t\t<img decoding=\"async\" width=\"462\" height=\"462\" src=\"https:\/\/sadcdev.picard.ca\/wp-content\/uploads\/2024\/03\/triangle.svg\" class=\"attachment-large size-large wp-image-4656\" alt=\"\" \/>\t\t\t\t\t\t\t\t\t\t\t\t\t\t\t<\/div>\n\t\t\t\t\t<\/div>\n\t\t<\/div>\n\t\t\t\t<div class=\"elementor-column elementor-col-33 elementor-inner-column elementor-element elementor-element-c46c76a\" data-id=\"c46c76a\" data-element_type=\"column\" data-e-type=\"column\">\n\t\t\t<div class=\"elementor-widget-wrap\">\n\t\t\t\t\t\t\t<\/div>\n\t\t<\/div>\n\t\t\t\t<div class=\"elementor-column elementor-col-33 elementor-inner-column elementor-element elementor-element-fc7e55f\" data-id=\"fc7e55f\" data-element_type=\"column\" data-e-type=\"column\">\n\t\t\t<div class=\"elementor-widget-wrap elementor-element-populated\">\n\t\t\t\t\t\t<div class=\"elementor-element elementor-element-940bab5 elementor-widget elementor-widget-heading\" data-id=\"940bab5\" data-element_type=\"widget\" data-e-type=\"widget\" data-widget_type=\"heading.default\">\n\t\t\t\t\t<div class=\"elementor-heading-title elementor-size-default\">Conseils : Croissance<\/div>\t\t\t\t<\/div>\n\t\t\t\t<div class=\"elementor-element elementor-element-14ea08f elementor-widget elementor-widget-heading\" data-id=\"14ea08f\" data-element_type=\"widget\" data-e-type=\"widget\" data-widget_type=\"heading.default\">\n\t\t\t\t\t<div class=\"elementor-heading-title elementor-size-default\">\u00c0 toutes les \u00e9tapes du d\u00e9marrage d\u2019une entreprise, les bons conseils peuvent grandement faciliter vos d\u00e9marches.\n<\/div>\t\t\t\t<\/div>\n\t\t\t\t<div class=\"elementor-element elementor-element-4514418 elementor-widget elementor-widget-button\" data-id=\"4514418\" data-element_type=\"widget\" data-e-type=\"widget\" data-widget_type=\"button.default\">\n\t\t\t\t\t\t\t\t\t\t<a class=\"elementor-button elementor-button-link elementor-size-sm\" href=\"\/fr\/conseils-et-outils\/croissance\/\">\n\t\t\t\t\t\t<span class=\"elementor-button-content-wrapper\">\n\t\t\t\t\t\t\t\t\t<span class=\"elementor-button-text\">En savoir plus<\/span>\n\t\t\t\t\t<\/span>\n\t\t\t\t\t<\/a>\n\t\t\t\t\t\t\t\t<\/div>\n\t\t\t\t\t<\/div>\n\t\t<\/div>\n\t\t\t\t\t<\/div>\n\t\t<\/section>\n\t\t\t\t\t<\/div>\n\t\t<\/div>\n\t\t\t\t\t<\/div>\n\t\t<\/section>\n\t\t\t\t<section class=\"elementor-section elementor-top-section elementor-element elementor-element-5029c15 elementor-hidden-mobile elementor-section-boxed elementor-section-height-default elementor-section-height-default\" data-id=\"5029c15\" data-element_type=\"section\" data-e-type=\"section\" data-settings=\"{&quot;background_background&quot;:&quot;classic&quot;}\">\n\t\t\t\t\t\t\t<div class=\"elementor-background-overlay\"><\/div>\n\t\t\t\t\t\t\t<div class=\"elementor-container elementor-column-gap-default\">\n\t\t\t\t\t<div class=\"elementor-column elementor-col-100 elementor-top-column elementor-element elementor-element-5ee39b9 video-slider-wrapper\" data-id=\"5ee39b9\" data-element_type=\"column\" data-e-type=\"column\">\n\t\t\t<div class=\"elementor-widget-wrap elementor-element-populated\">\n\t\t\t\t\t\t<section class=\"elementor-section elementor-inner-section elementor-element elementor-element-a6eb1d8 elementor-section-height-min-height elementor-section-content-bottom video-wrapper elementor-section-boxed elementor-section-height-default\" data-id=\"a6eb1d8\" data-element_type=\"section\" data-e-type=\"section\" data-settings=\"{&quot;background_background&quot;:&quot;classic&quot;}\">\n\t\t\t\t\t\t\t<div class=\"elementor-background-overlay\"><\/div>\n\t\t\t\t\t\t\t<div class=\"elementor-container elementor-column-gap-no\">\n\t\t\t\t\t<div class=\"elementor-column elementor-col-100 elementor-inner-column elementor-element elementor-element-71ef9fb\" data-id=\"71ef9fb\" data-element_type=\"column\" data-e-type=\"column\">\n\t\t\t<div class=\"elementor-widget-wrap elementor-element-populated\">\n\t\t\t\t\t\t<div class=\"elementor-element elementor-element-3a78c11 elementor-widget elementor-widget-heading\" data-id=\"3a78c11\" data-element_type=\"widget\" data-e-type=\"widget\" data-widget_type=\"heading.default\">\n\t\t\t\t\t<div class=\"elementor-heading-title elementor-size-default\">La recette du succ\u00e8s de Cr\u00e8me Boulangerie P\u00e2tisserie <\/div>\t\t\t\t<\/div>\n\t\t\t\t<div class=\"elementor-element elementor-element-e153235 elementor-widget__width-initial elementor-widget elementor-widget-text-editor\" data-id=\"e153235\" data-element_type=\"widget\" data-e-type=\"widget\" data-widget_type=\"text-editor.default\">\n\t\t\t\t\t\t\t\t\t<p><span style=\"font-weight: 400;\">Lorsque trois amies mettent la main \u00e0 la p\u00e2te, il n\u2019en faut pas beaucoup pour que le g\u00e2teau l\u00e8ve.<\/span><\/p>\t\t\t\t\t\t\t\t<\/div>\n\t\t\t\t<div class=\"elementor-element elementor-element-f6a9525 elementor-widget elementor-widget-video\" data-id=\"f6a9525\" data-element_type=\"widget\" data-e-type=\"widget\" data-settings=\"{&quot;youtube_url&quot;:&quot;https:\\\/\\\/youtu.be\\\/n8eAkHMxXmY&quot;,&quot;video_type&quot;:&quot;youtube&quot;,&quot;controls&quot;:&quot;yes&quot;}\" data-widget_type=\"video.default\">\n\t\t\t\t\t\t\t<div class=\"elementor-wrapper elementor-open-inline\">\n\t\t\t<div class=\"elementor-video\"><\/div>\t\t<\/div>\n\t\t\t\t\t\t<\/div>\n\t\t\t\t<div class=\"elementor-element elementor-element-513c668 video-play elementor-widget__width-auto elementor-absolute elementor-widget elementor-widget-image\" data-id=\"513c668\" data-element_type=\"widget\" data-e-type=\"widget\" data-settings=\"{&quot;_position&quot;:&quot;absolute&quot;}\" data-widget_type=\"image.default\">\n\t\t\t\t\t\t\t\t\t\t\t\t\t\t\t<img decoding=\"async\" width=\"102\" height=\"102\" src=\"https:\/\/sadcdev.picard.ca\/wp-content\/uploads\/2022\/02\/play-video.png\" class=\"attachment-large size-large wp-image-2629\" alt=\"\" \/>\t\t\t\t\t\t\t\t\t\t\t\t\t\t\t<\/div>\n\t\t\t\t\t<\/div>\n\t\t<\/div>\n\t\t\t\t\t<\/div>\n\t\t<\/section>\n\t\t\t\t\t<\/div>\n\t\t<\/div>\n\t\t\t\t\t<\/div>\n\t\t<\/section>\n\t\t\t\t<\/div>\n\t\t","protected":false},"excerpt":{"rendered":"<p>L\u2019expansion et la croissance d\u2019une PME, \u00e7a se planifie. Bien entendu, de nouvelles opportunit\u00e9s se pr\u00e9sentent parfois de fa\u00e7on inattendue. R\u00e8gle g\u00e9n\u00e9rale, une saine croissance d\u2019entreprise se pr\u00e9pare et s\u2019inscrit dans un plan strat\u00e9gique \u00e0 moyen et long terme. Dans un plan d\u2019affaires ax\u00e9 sur sa croissance, une entreprise doit consid\u00e9rer les diff\u00e9rents volets de [&hellip;]<\/p>\n","protected":false},"author":2,"featured_media":0,"parent":0,"menu_order":0,"comment_status":"closed","ping_status":"closed","template":"","meta":{"_acf_changed":false,"footnotes":""},"class_list":["post-4907","page","type-page","status-publish","hentry","services-accompagnement-aux-entreprises"],"acf":[],"yoast_head":"<!-- This site is optimized with the Yoast SEO plugin v26.8 - https:\/\/yoast.com\/product\/yoast-seo-wordpress\/ -->\n<title>R\u00e9seau des SADC et CAE - Croissance<\/title>\n<meta name=\"description\" content=\"Les SADC et CAE accompagnent les entreprises en phase de croissance, offrant des conseils et des solutions pour maximiser leur expansion.\" \/>\n<meta name=\"robots\" content=\"noindex, follow, max-snippet:-1, max-image-preview:large, max-video-preview:-1\" \/>\n<meta property=\"og:locale\" content=\"fr_FR\" \/>\n<meta property=\"og:type\" content=\"article\" \/>\n<meta property=\"og:title\" content=\"R\u00e9seau des SADC et CAE - Croissance\" \/>\n<meta property=\"og:description\" content=\"Les SADC et CAE accompagnent les entreprises en phase de croissance, offrant des conseils et des solutions pour maximiser leur expansion.\" \/>\n<meta property=\"og:url\" content=\"https:\/\/sadcdev.picard.ca\/croissance\/\" \/>\n<meta property=\"og:site_name\" content=\"R\u00e9seau des SADC et CAE\" \/>\n<meta property=\"article:modified_time\" content=\"2024-10-04T14:34:53+00:00\" \/>\n<meta property=\"og:image\" content=\"https:\/\/sadcdev.picard.ca\/wp-content\/uploads\/2024\/07\/sadc-cae-frame.png\" \/>\n<meta name=\"twitter:card\" content=\"summary_large_image\" \/>\n<meta name=\"twitter:label1\" content=\"Dur\u00e9e de lecture estim\u00e9e\" \/>\n\t<meta name=\"twitter:data1\" content=\"2 minutes\" \/>\n<script type=\"application\/ld+json\" class=\"yoast-schema-graph\">{\"@context\":\"https:\/\/schema.org\",\"@graph\":[{\"@type\":\"WebPage\",\"@id\":\"https:\/\/sadcdev.picard.ca\/croissance\/\",\"url\":\"https:\/\/sadcdev.picard.ca\/croissance\/\",\"name\":\"R\u00e9seau des SADC et CAE - Croissance\",\"isPartOf\":{\"@id\":\"https:\/\/sadcdev.picard.ca\/fr\/#website\"},\"primaryImageOfPage\":{\"@id\":\"https:\/\/sadcdev.picard.ca\/croissance\/#primaryimage\"},\"image\":{\"@id\":\"https:\/\/sadcdev.picard.ca\/croissance\/#primaryimage\"},\"thumbnailUrl\":\"https:\/\/sadcdev.picard.ca\/wp-content\/uploads\/2024\/07\/sadc-cae-frame.png\",\"datePublished\":\"2024-05-01T18:23:08+00:00\",\"dateModified\":\"2024-10-04T14:34:53+00:00\",\"description\":\"Les SADC et CAE accompagnent les entreprises en phase de croissance, offrant des conseils et des solutions pour maximiser leur expansion.\",\"breadcrumb\":{\"@id\":\"https:\/\/sadcdev.picard.ca\/croissance\/#breadcrumb\"},\"inLanguage\":\"fr-FR\",\"potentialAction\":[{\"@type\":\"ReadAction\",\"target\":[\"https:\/\/sadcdev.picard.ca\/croissance\/\"]}]},{\"@type\":\"ImageObject\",\"inLanguage\":\"fr-FR\",\"@id\":\"https:\/\/sadcdev.picard.ca\/croissance\/#primaryimage\",\"url\":\"https:\/\/sadcdev.picard.ca\/wp-content\/uploads\/2024\/07\/sadc-cae-frame.png\",\"contentUrl\":\"https:\/\/sadcdev.picard.ca\/wp-content\/uploads\/2024\/07\/sadc-cae-frame.png\"},{\"@type\":\"BreadcrumbList\",\"@id\":\"https:\/\/sadcdev.picard.ca\/croissance\/#breadcrumb\",\"itemListElement\":[{\"@type\":\"ListItem\",\"position\":1,\"name\":\"Accueil\",\"item\":\"https:\/\/sadcdev.picard.ca\/\"},{\"@type\":\"ListItem\",\"position\":2,\"name\":\"Croissance\"}]},{\"@type\":\"WebSite\",\"@id\":\"https:\/\/sadcdev.picard.ca\/fr\/#website\",\"url\":\"https:\/\/sadcdev.picard.ca\/fr\/\",\"name\":\"CAE Laprade Trois-Rivi\u00e8res\",\"description\":\"On soutient et finance vos projets locaux\",\"publisher\":{\"@id\":\"https:\/\/sadcdev.picard.ca\/fr\/#organization\"},\"potentialAction\":[{\"@type\":\"SearchAction\",\"target\":{\"@type\":\"EntryPoint\",\"urlTemplate\":\"https:\/\/sadcdev.picard.ca\/fr\/?s={search_term_string}\"},\"query-input\":{\"@type\":\"PropertyValueSpecification\",\"valueRequired\":true,\"valueName\":\"search_term_string\"}}],\"inLanguage\":\"fr-FR\"},{\"@type\":\"Organization\",\"@id\":\"https:\/\/sadcdev.picard.ca\/fr\/#organization\",\"name\":\"CAE Laprade Trois-Rivi\u00e8res Inc.\",\"url\":\"https:\/\/sadcdev.picard.ca\/fr\/\",\"logo\":{\"@type\":\"ImageObject\",\"inLanguage\":\"fr-FR\",\"@id\":\"https:\/\/sadcdev.picard.ca\/fr\/#\/schema\/logo\/image\/\",\"url\":\"https:\/\/sadcdev.picard.ca\/wp-content\/uploads\/2024\/09\/SADC_Facebook_PhotoProfil.jpg\",\"contentUrl\":\"https:\/\/sadcdev.picard.ca\/wp-content\/uploads\/2024\/09\/SADC_Facebook_PhotoProfil.jpg\",\"width\":640,\"height\":640,\"caption\":\"CAE Laprade Trois-Rivi\u00e8res Inc.\"},\"image\":{\"@id\":\"https:\/\/sadcdev.picard.ca\/fr\/#\/schema\/logo\/image\/\"}}]}<\/script>\n<!-- \/ Yoast SEO plugin. -->","yoast_head_json":{"title":"R\u00e9seau des SADC et CAE - Croissance","description":"Les SADC et CAE accompagnent les entreprises en phase de croissance, offrant des conseils et des solutions pour maximiser leur expansion.","robots":{"index":"noindex","follow":"follow","max-snippet":"max-snippet:-1","max-image-preview":"max-image-preview:large","max-video-preview":"max-video-preview:-1"},"og_locale":"fr_FR","og_type":"article","og_title":"R\u00e9seau des SADC et CAE - Croissance","og_description":"Les SADC et CAE accompagnent les entreprises en phase de croissance, offrant des conseils et des solutions pour maximiser leur expansion.","og_url":"https:\/\/sadcdev.picard.ca\/croissance\/","og_site_name":"R\u00e9seau des SADC et CAE","article_modified_time":"2024-10-04T14:34:53+00:00","og_image":[{"url":"https:\/\/sadcdev.picard.ca\/wp-content\/uploads\/2024\/07\/sadc-cae-frame.png","type":"","width":"","height":""}],"twitter_card":"summary_large_image","twitter_misc":{"Dur\u00e9e de lecture estim\u00e9e":"2 minutes"},"schema":{"@context":"https:\/\/schema.org","@graph":[{"@type":"WebPage","@id":"https:\/\/sadcdev.picard.ca\/croissance\/","url":"https:\/\/sadcdev.picard.ca\/croissance\/","name":"R\u00e9seau des SADC et CAE - Croissance","isPartOf":{"@id":"https:\/\/sadcdev.picard.ca\/fr\/#website"},"primaryImageOfPage":{"@id":"https:\/\/sadcdev.picard.ca\/croissance\/#primaryimage"},"image":{"@id":"https:\/\/sadcdev.picard.ca\/croissance\/#primaryimage"},"thumbnailUrl":"https:\/\/sadcdev.picard.ca\/wp-content\/uploads\/2024\/07\/sadc-cae-frame.png","datePublished":"2024-05-01T18:23:08+00:00","dateModified":"2024-10-04T14:34:53+00:00","description":"Les SADC et CAE accompagnent les entreprises en phase de croissance, offrant des conseils et des solutions pour maximiser leur expansion.","breadcrumb":{"@id":"https:\/\/sadcdev.picard.ca\/croissance\/#breadcrumb"},"inLanguage":"fr-FR","potentialAction":[{"@type":"ReadAction","target":["https:\/\/sadcdev.picard.ca\/croissance\/"]}]},{"@type":"ImageObject","inLanguage":"fr-FR","@id":"https:\/\/sadcdev.picard.ca\/croissance\/#primaryimage","url":"https:\/\/sadcdev.picard.ca\/wp-content\/uploads\/2024\/07\/sadc-cae-frame.png","contentUrl":"https:\/\/sadcdev.picard.ca\/wp-content\/uploads\/2024\/07\/sadc-cae-frame.png"},{"@type":"BreadcrumbList","@id":"https:\/\/sadcdev.picard.ca\/croissance\/#breadcrumb","itemListElement":[{"@type":"ListItem","position":1,"name":"Accueil","item":"https:\/\/sadcdev.picard.ca\/"},{"@type":"ListItem","position":2,"name":"Croissance"}]},{"@type":"WebSite","@id":"https:\/\/sadcdev.picard.ca\/fr\/#website","url":"https:\/\/sadcdev.picard.ca\/fr\/","name":"CAE Laprade Trois-Rivi\u00e8res","description":"On soutient et finance vos projets locaux","publisher":{"@id":"https:\/\/sadcdev.picard.ca\/fr\/#organization"},"potentialAction":[{"@type":"SearchAction","target":{"@type":"EntryPoint","urlTemplate":"https:\/\/sadcdev.picard.ca\/fr\/?s={search_term_string}"},"query-input":{"@type":"PropertyValueSpecification","valueRequired":true,"valueName":"search_term_string"}}],"inLanguage":"fr-FR"},{"@type":"Organization","@id":"https:\/\/sadcdev.picard.ca\/fr\/#organization","name":"CAE Laprade Trois-Rivi\u00e8res Inc.","url":"https:\/\/sadcdev.picard.ca\/fr\/","logo":{"@type":"ImageObject","inLanguage":"fr-FR","@id":"https:\/\/sadcdev.picard.ca\/fr\/#\/schema\/logo\/image\/","url":"https:\/\/sadcdev.picard.ca\/wp-content\/uploads\/2024\/09\/SADC_Facebook_PhotoProfil.jpg","contentUrl":"https:\/\/sadcdev.picard.ca\/wp-content\/uploads\/2024\/09\/SADC_Facebook_PhotoProfil.jpg","width":640,"height":640,"caption":"CAE Laprade Trois-Rivi\u00e8res Inc."},"image":{"@id":"https:\/\/sadcdev.picard.ca\/fr\/#\/schema\/logo\/image\/"}}]}},"_links":{"self":[{"href":"https:\/\/sadcdev.picard.ca\/fr\/wp-json\/wp\/v2\/pages\/4907","targetHints":{"allow":["GET"]}}],"collection":[{"href":"https:\/\/sadcdev.picard.ca\/fr\/wp-json\/wp\/v2\/pages"}],"about":[{"href":"https:\/\/sadcdev.picard.ca\/fr\/wp-json\/wp\/v2\/types\/page"}],"author":[{"embeddable":true,"href":"https:\/\/sadcdev.picard.ca\/fr\/wp-json\/wp\/v2\/users\/2"}],"replies":[{"embeddable":true,"href":"https:\/\/sadcdev.picard.ca\/fr\/wp-json\/wp\/v2\/comments?post=4907"}],"version-history":[{"count":0,"href":"https:\/\/sadcdev.picard.ca\/fr\/wp-json\/wp\/v2\/pages\/4907\/revisions"}],"wp:attachment":[{"href":"https:\/\/sadcdev.picard.ca\/fr\/wp-json\/wp\/v2\/media?parent=4907"}],"curies":[{"name":"wp","href":"https:\/\/api.w.org\/{rel}","templated":true}]}}