{"id":6482,"date":"2024-05-01T14:23:20","date_gmt":"2024-05-01T18:23:20","guid":{"rendered":"https:\/\/sadcdev.picard.ca\/gestion\/"},"modified":"2024-10-08T14:05:32","modified_gmt":"2024-10-08T18:05:32","slug":"management","status":"publish","type":"page","link":"https:\/\/sadcdev.picard.ca\/en\/management\/","title":{"rendered":"Management"},"content":{"rendered":"\t\t<div data-elementor-type=\"wp-page\" data-elementor-id=\"6482\" class=\"elementor elementor-6482 elementor-4908\" data-elementor-post-type=\"page\">\n\t\t\t\t\t\t<section class=\"elementor-section elementor-top-section elementor-element elementor-element-ae0502f elementor-section-boxed elementor-section-height-default elementor-section-height-default\" data-id=\"ae0502f\" data-element_type=\"section\" data-e-type=\"section\" data-settings=\"{&quot;background_background&quot;:&quot;classic&quot;}\">\n\t\t\t\t\t\t<div class=\"elementor-container elementor-column-gap-default\">\n\t\t\t\t\t<div class=\"elementor-column elementor-col-100 elementor-top-column elementor-element elementor-element-5ed7937\" data-id=\"5ed7937\" data-element_type=\"column\" data-e-type=\"column\">\n\t\t\t<div class=\"elementor-widget-wrap elementor-element-populated\">\n\t\t\t\t\t\t<section class=\"elementor-section elementor-inner-section elementor-element elementor-element-87c06d6 elementor-section-boxed elementor-section-height-default elementor-section-height-default\" data-id=\"87c06d6\" data-element_type=\"section\" data-e-type=\"section\">\n\t\t\t\t\t\t<div class=\"elementor-container elementor-column-gap-default\">\n\t\t\t\t\t<div class=\"elementor-column elementor-col-50 elementor-inner-column elementor-element elementor-element-5735271\" data-id=\"5735271\" data-element_type=\"column\" data-e-type=\"column\">\n\t\t\t<div class=\"elementor-widget-wrap elementor-element-populated\">\n\t\t\t\t\t\t<div class=\"elementor-element elementor-element-36a87dc elementor-widget__width-initial elementor-widget elementor-widget-heading\" data-id=\"36a87dc\" data-element_type=\"widget\" data-e-type=\"widget\" data-widget_type=\"heading.default\">\n\t\t\t\t\t<div class=\"elementor-heading-title elementor-size-default\">Management<\/div>\t\t\t\t<\/div>\n\t\t\t\t<div class=\"elementor-element elementor-element-f4ab0b2 elementor-widget elementor-widget-heading\" data-id=\"f4ab0b2\" data-element_type=\"widget\" data-e-type=\"widget\" data-widget_type=\"heading.default\">\n\t\t\t\t\t<div class=\"elementor-heading-title elementor-size-default\">Managing a business to maximize its human and material potential is a significant challenge. Take advantage of management consulting services to ensure you achieve your goals and results.<\/div>\t\t\t\t<\/div>\n\t\t\t\t\t<\/div>\n\t\t<\/div>\n\t\t\t\t<div class=\"elementor-column elementor-col-50 elementor-inner-column elementor-element elementor-element-a57a3ec\" data-id=\"a57a3ec\" data-element_type=\"column\" data-e-type=\"column\">\n\t\t\t<div class=\"elementor-widget-wrap elementor-element-populated\">\n\t\t\t\t\t\t<div class=\"elementor-element elementor-element-c198dc1 elementor-widget__width-auto elementor-widget elementor-widget-button\" data-id=\"c198dc1\" data-element_type=\"widget\" data-e-type=\"widget\" data-widget_type=\"button.default\">\n\t\t\t\t\t\t\t\t\t\t<a class=\"elementor-button elementor-button-link elementor-size-sm\" href=\"\/fr\/trouvez-votre-sadc-cae\/\">\n\t\t\t\t\t\t<span class=\"elementor-button-content-wrapper\">\n\t\t\t\t\t\t\t\t\t<span class=\"elementor-button-text\">Find your SADC+CAE<\/span>\n\t\t\t\t\t<\/span>\n\t\t\t\t\t<\/a>\n\t\t\t\t\t\t\t\t<\/div>\n\t\t\t\t\t<\/div>\n\t\t<\/div>\n\t\t\t\t\t<\/div>\n\t\t<\/section>\n\t\t\t\t<div class=\"elementor-element elementor-element-90cc5b8 elementor-widget elementor-widget-image\" data-id=\"90cc5b8\" data-element_type=\"widget\" data-e-type=\"widget\" data-widget_type=\"image.default\">\n\t\t\t\t\t\t\t\t\t\t\t\t\t\t\t<img fetchpriority=\"high\" decoding=\"async\" width=\"1312\" height=\"669\" src=\"https:\/\/sadcdev.picard.ca\/wp-content\/uploads\/2024\/07\/sadc-cae-frame.png\" class=\"attachment-full size-full wp-image-5579\" alt=\"\" srcset=\"https:\/\/sadcdev.picard.ca\/wp-content\/uploads\/2024\/07\/sadc-cae-frame.png 1312w, https:\/\/sadcdev.picard.ca\/wp-content\/uploads\/2024\/07\/sadc-cae-frame-300x153.png 300w, https:\/\/sadcdev.picard.ca\/wp-content\/uploads\/2024\/07\/sadc-cae-frame-1024x522.png 1024w, https:\/\/sadcdev.picard.ca\/wp-content\/uploads\/2024\/07\/sadc-cae-frame-768x392.png 768w\" sizes=\"(max-width: 1312px) 100vw, 1312px\" \/>\t\t\t\t\t\t\t\t\t\t\t\t\t\t\t<\/div>\n\t\t\t\t\t<\/div>\n\t\t<\/div>\n\t\t\t\t\t<\/div>\n\t\t<\/section>\n\t\t\t\t<section class=\"elementor-section elementor-top-section elementor-element elementor-element-852839a elementor-section-boxed elementor-section-height-default elementor-section-height-default\" data-id=\"852839a\" data-element_type=\"section\" data-e-type=\"section\" data-settings=\"{&quot;background_background&quot;:&quot;classic&quot;}\">\n\t\t\t\t\t\t<div class=\"elementor-container elementor-column-gap-default\">\n\t\t\t\t\t<div class=\"elementor-column elementor-col-50 elementor-top-column elementor-element elementor-element-5e2d8ab\" data-id=\"5e2d8ab\" data-element_type=\"column\" data-e-type=\"column\">\n\t\t\t<div class=\"elementor-widget-wrap elementor-element-populated\">\n\t\t\t\t\t\t<div class=\"elementor-element elementor-element-004a77b elementor-widget__width-initial elementor-widget elementor-widget-heading\" data-id=\"004a77b\" data-element_type=\"widget\" data-e-type=\"widget\" data-widget_type=\"heading.default\">\n\t\t\t\t\t<div class=\"elementor-heading-title elementor-size-default\">The SADCs + CAEs guide you<\/div>\t\t\t\t<\/div>\n\t\t\t\t\t<\/div>\n\t\t<\/div>\n\t\t\t\t<div class=\"elementor-column elementor-col-50 elementor-top-column elementor-element elementor-element-8d2cc1a column-listing\" data-id=\"8d2cc1a\" data-element_type=\"column\" data-e-type=\"column\">\n\t\t\t<div class=\"elementor-widget-wrap elementor-element-populated\">\n\t\t\t\t\t\t<div class=\"elementor-element elementor-element-8304721 elementor-widget elementor-widget-text-editor\" data-id=\"8304721\" data-element_type=\"widget\" data-e-type=\"widget\" data-widget_type=\"text-editor.default\">\n\t\t\t\t\t\t\t\t\t<p>Managing a business encompasses many aspects, each holding its significance. For an entrepreneur, it can be challenging to handle all these aspects at the same time.<\/p><p>How to identify the right resources? The advisors from SADCs and CAEs assist you at every stage of managing your business, guiding you towards solutions tailored to your unique situation.<\/p>\t\t\t\t\t\t\t\t<\/div>\n\t\t\t\t\t<\/div>\n\t\t<\/div>\n\t\t\t\t\t<\/div>\n\t\t<\/section>\n\t\t\t\t<section class=\"elementor-section elementor-top-section elementor-element elementor-element-0041ccb elementor-section-boxed elementor-section-height-default elementor-section-height-default\" data-id=\"0041ccb\" data-element_type=\"section\" data-e-type=\"section\" data-settings=\"{&quot;background_background&quot;:&quot;classic&quot;}\">\n\t\t\t\t\t\t<div class=\"elementor-container elementor-column-gap-default\">\n\t\t\t\t\t<div class=\"elementor-column elementor-col-100 elementor-top-column elementor-element elementor-element-a02f020\" data-id=\"a02f020\" data-element_type=\"column\" data-e-type=\"column\">\n\t\t\t<div class=\"elementor-widget-wrap elementor-element-populated\">\n\t\t\t\t\t\t<section class=\"elementor-section elementor-inner-section elementor-element elementor-element-1a75dd7 elementor-section-boxed elementor-section-height-default elementor-section-height-default\" data-id=\"1a75dd7\" data-element_type=\"section\" data-e-type=\"section\">\n\t\t\t\t\t\t<div class=\"elementor-container elementor-column-gap-default\">\n\t\t\t\t\t<div class=\"elementor-column elementor-col-33 elementor-inner-column elementor-element elementor-element-5aa939c\" data-id=\"5aa939c\" data-element_type=\"column\" data-e-type=\"column\" data-settings=\"{&quot;background_background&quot;:&quot;classic&quot;}\">\n\t\t\t<div class=\"elementor-widget-wrap elementor-element-populated\">\n\t\t\t\t\t\t<div class=\"elementor-element elementor-element-3ef928f elementor-widget elementor-widget-image\" data-id=\"3ef928f\" data-element_type=\"widget\" data-e-type=\"widget\" data-widget_type=\"image.default\">\n\t\t\t\t\t\t\t\t\t\t\t\t\t\t\t<img decoding=\"async\" width=\"1\" height=\"1\" src=\"https:\/\/sadcdev.picard.ca\/wp-content\/uploads\/2024\/03\/triangle.svg\" class=\"attachment-large size-large wp-image-4657\" alt=\"\" \/>\t\t\t\t\t\t\t\t\t\t\t\t\t\t\t<\/div>\n\t\t\t\t\t<\/div>\n\t\t<\/div>\n\t\t\t\t<div class=\"elementor-column elementor-col-33 elementor-inner-column elementor-element elementor-element-f712172\" data-id=\"f712172\" data-element_type=\"column\" data-e-type=\"column\">\n\t\t\t<div class=\"elementor-widget-wrap\">\n\t\t\t\t\t\t\t<\/div>\n\t\t<\/div>\n\t\t\t\t<div class=\"elementor-column elementor-col-33 elementor-inner-column elementor-element elementor-element-60ed455\" data-id=\"60ed455\" data-element_type=\"column\" data-e-type=\"column\">\n\t\t\t<div class=\"elementor-widget-wrap elementor-element-populated\">\n\t\t\t\t\t\t<div class=\"elementor-element elementor-element-52af7f8 elementor-widget elementor-widget-heading\" data-id=\"52af7f8\" data-element_type=\"widget\" data-e-type=\"widget\" data-widget_type=\"heading.default\">\n\t\t\t\t\t<div class=\"elementor-heading-title elementor-size-default\">Tips: Management<\/div>\t\t\t\t<\/div>\n\t\t\t\t<div class=\"elementor-element elementor-element-b2228f0 elementor-widget elementor-widget-heading\" data-id=\"b2228f0\" data-element_type=\"widget\" data-e-type=\"widget\" data-widget_type=\"heading.default\">\n\t\t\t\t\t<div class=\"elementor-heading-title elementor-size-default\">\u00c0 toutes les \u00e9tapes du d\u00e9marrage d\u2019une entreprise, les bons conseils peuvent grandement faciliter vos d\u00e9marches.\n<\/div>\t\t\t\t<\/div>\n\t\t\t\t<div class=\"elementor-element elementor-element-1f99a3f elementor-widget elementor-widget-button\" data-id=\"1f99a3f\" data-element_type=\"widget\" data-e-type=\"widget\" data-widget_type=\"button.default\">\n\t\t\t\t\t\t\t\t\t\t<a class=\"elementor-button elementor-button-link elementor-size-sm\" href=\"\/fr\/conseils-et-outils\/gestion\/\">\n\t\t\t\t\t\t<span class=\"elementor-button-content-wrapper\">\n\t\t\t\t\t\t\t\t\t<span class=\"elementor-button-text\">Learn more<\/span>\n\t\t\t\t\t<\/span>\n\t\t\t\t\t<\/a>\n\t\t\t\t\t\t\t\t<\/div>\n\t\t\t\t\t<\/div>\n\t\t<\/div>\n\t\t\t\t\t<\/div>\n\t\t<\/section>\n\t\t\t\t\t<\/div>\n\t\t<\/div>\n\t\t\t\t\t<\/div>\n\t\t<\/section>\n\t\t\t\t<section class=\"elementor-section elementor-top-section elementor-element elementor-element-67858f9 elementor-hidden-mobile elementor-section-boxed elementor-section-height-default elementor-section-height-default\" data-id=\"67858f9\" data-element_type=\"section\" data-e-type=\"section\" data-settings=\"{&quot;background_background&quot;:&quot;classic&quot;}\">\n\t\t\t\t\t\t\t<div class=\"elementor-background-overlay\"><\/div>\n\t\t\t\t\t\t\t<div class=\"elementor-container elementor-column-gap-default\">\n\t\t\t\t\t<div class=\"elementor-column elementor-col-100 elementor-top-column elementor-element elementor-element-cab072c video-slider-wrapper\" data-id=\"cab072c\" data-element_type=\"column\" data-e-type=\"column\">\n\t\t\t<div class=\"elementor-widget-wrap elementor-element-populated\">\n\t\t\t\t\t\t<section class=\"elementor-section elementor-inner-section elementor-element elementor-element-39fba52 elementor-section-height-min-height elementor-section-content-bottom video-wrapper elementor-section-boxed elementor-section-height-default\" data-id=\"39fba52\" data-element_type=\"section\" data-e-type=\"section\" data-settings=\"{&quot;background_background&quot;:&quot;classic&quot;}\">\n\t\t\t\t\t\t\t<div class=\"elementor-background-overlay\"><\/div>\n\t\t\t\t\t\t\t<div class=\"elementor-container elementor-column-gap-no\">\n\t\t\t\t\t<div class=\"elementor-column elementor-col-100 elementor-inner-column elementor-element elementor-element-8af7e4f\" data-id=\"8af7e4f\" data-element_type=\"column\" data-e-type=\"column\">\n\t\t\t<div class=\"elementor-widget-wrap elementor-element-populated\">\n\t\t\t\t\t\t<div class=\"elementor-element elementor-element-3e8bff1 elementor-widget elementor-widget-heading\" data-id=\"3e8bff1\" data-element_type=\"widget\" data-e-type=\"widget\" data-widget_type=\"heading.default\">\n\t\t\t\t\t<div class=\"elementor-heading-title elementor-size-default\">De nouveaux horizons pour Viandes Lafrance<\/div>\t\t\t\t<\/div>\n\t\t\t\t<div class=\"elementor-element elementor-element-796b259 elementor-widget__width-initial elementor-widget elementor-widget-text-editor\" data-id=\"796b259\" data-element_type=\"widget\" data-e-type=\"widget\" data-widget_type=\"text-editor.default\">\n\t\t\t\t\t\t\t\t\t<p><i><span style=\"font-family: arial, sans-serif;\">Choisir le repreneuriat pour faire prosp\u00e9rer une entreprise et le travail de ceux qui ont pr\u00e9c\u00e9d\u00e9.<\/span><\/i><\/p>\t\t\t\t\t\t\t\t<\/div>\n\t\t\t\t<div class=\"elementor-element elementor-element-da6e053 elementor-widget elementor-widget-video\" data-id=\"da6e053\" data-element_type=\"widget\" data-e-type=\"widget\" data-settings=\"{&quot;youtube_url&quot;:&quot;https:\\\/\\\/youtu.be\\\/PKTUftH25yI&quot;,&quot;video_type&quot;:&quot;youtube&quot;,&quot;controls&quot;:&quot;yes&quot;}\" data-widget_type=\"video.default\">\n\t\t\t\t\t\t\t<div class=\"elementor-wrapper elementor-open-inline\">\n\t\t\t<div class=\"elementor-video\"><\/div>\t\t<\/div>\n\t\t\t\t\t\t<\/div>\n\t\t\t\t<div class=\"elementor-element elementor-element-d3db6ce video-play elementor-widget__width-auto elementor-absolute elementor-widget elementor-widget-image\" data-id=\"d3db6ce\" data-element_type=\"widget\" data-e-type=\"widget\" data-settings=\"{&quot;_position&quot;:&quot;absolute&quot;}\" data-widget_type=\"image.default\">\n\t\t\t\t\t\t\t\t\t\t\t\t\t\t\t<img decoding=\"async\" width=\"102\" height=\"102\" src=\"https:\/\/sadcdev.picard.ca\/wp-content\/uploads\/2022\/02\/play-video.png\" class=\"attachment-large size-large wp-image-2630\" alt=\"\" \/>\t\t\t\t\t\t\t\t\t\t\t\t\t\t\t<\/div>\n\t\t\t\t\t<\/div>\n\t\t<\/div>\n\t\t\t\t\t<\/div>\n\t\t<\/section>\n\t\t\t\t\t<\/div>\n\t\t<\/div>\n\t\t\t\t\t<\/div>\n\t\t<\/section>\n\t\t\t\t<\/div>\n\t\t","protected":false},"excerpt":{"rendered":"<p>Managing a business to maximize its human and material potential is a significant challenge. Take advantage of management consulting services to ensure you achieve your goals and results. Find your SADC+CAE The SADCs + CAEs guide you Managing a business encompasses many aspects, each holding its significance. For an entrepreneur, it can be challenging to [&hellip;]<\/p>\n","protected":false},"author":2,"featured_media":0,"parent":0,"menu_order":0,"comment_status":"closed","ping_status":"closed","template":"","meta":{"_acf_changed":false,"footnotes":""},"class_list":["post-6482","page","type-page","status-publish","hentry","services-accompagnement-aux-entreprises"],"acf":[],"yoast_head":"<!-- This site is optimized with the Yoast SEO plugin v26.8 - https:\/\/yoast.com\/product\/yoast-seo-wordpress\/ -->\n<title>SADC-CAE - Management<\/title>\n<meta name=\"robots\" content=\"noindex, follow, max-snippet:-1, max-image-preview:large, max-video-preview:-1\" \/>\n<meta property=\"og:locale\" content=\"en_US\" \/>\n<meta property=\"og:type\" content=\"article\" \/>\n<meta property=\"og:title\" content=\"SADC-CAE - Management\" \/>\n<meta property=\"og:description\" content=\"Managing a business to maximize its human and material potential is a significant challenge. Take advantage of management consulting services to ensure you achieve your goals and results. Find your SADC+CAE The SADCs + CAEs guide you Managing a business encompasses many aspects, each holding its significance. For an entrepreneur, it can be challenging to [&hellip;]\" \/>\n<meta property=\"og:url\" content=\"https:\/\/sadcdev.picard.ca\/en\/management\/\" \/>\n<meta property=\"og:site_name\" content=\"SADC-CAE\" \/>\n<meta property=\"article:modified_time\" content=\"2024-10-08T18:05:32+00:00\" \/>\n<meta property=\"og:image\" content=\"https:\/\/sadcdev.picard.ca\/wp-content\/uploads\/2024\/07\/sadc-cae-frame.png\" \/>\n<meta name=\"twitter:card\" content=\"summary_large_image\" \/>\n<meta name=\"twitter:label1\" content=\"Est. reading time\" \/>\n\t<meta name=\"twitter:data1\" content=\"2 minutes\" \/>\n<script type=\"application\/ld+json\" class=\"yoast-schema-graph\">{\"@context\":\"https:\/\/schema.org\",\"@graph\":[{\"@type\":\"WebPage\",\"@id\":\"https:\/\/sadcdev.picard.ca\/en\/management\/\",\"url\":\"https:\/\/sadcdev.picard.ca\/en\/management\/\",\"name\":\"SADC-CAE - Management\",\"isPartOf\":{\"@id\":\"https:\/\/sadcdev.picard.ca\/fr\/#website\"},\"primaryImageOfPage\":{\"@id\":\"https:\/\/sadcdev.picard.ca\/en\/management\/#primaryimage\"},\"image\":{\"@id\":\"https:\/\/sadcdev.picard.ca\/en\/management\/#primaryimage\"},\"thumbnailUrl\":\"https:\/\/sadcdev.picard.ca\/wp-content\/uploads\/2024\/07\/sadc-cae-frame.png\",\"datePublished\":\"2024-05-01T18:23:20+00:00\",\"dateModified\":\"2024-10-08T18:05:32+00:00\",\"breadcrumb\":{\"@id\":\"https:\/\/sadcdev.picard.ca\/en\/management\/#breadcrumb\"},\"inLanguage\":\"en-US\",\"potentialAction\":[{\"@type\":\"ReadAction\",\"target\":[\"https:\/\/sadcdev.picard.ca\/en\/management\/\"]}]},{\"@type\":\"ImageObject\",\"inLanguage\":\"en-US\",\"@id\":\"https:\/\/sadcdev.picard.ca\/en\/management\/#primaryimage\",\"url\":\"https:\/\/sadcdev.picard.ca\/wp-content\/uploads\/2024\/07\/sadc-cae-frame.png\",\"contentUrl\":\"https:\/\/sadcdev.picard.ca\/wp-content\/uploads\/2024\/07\/sadc-cae-frame.png\"},{\"@type\":\"BreadcrumbList\",\"@id\":\"https:\/\/sadcdev.picard.ca\/en\/management\/#breadcrumb\",\"itemListElement\":[{\"@type\":\"ListItem\",\"position\":1,\"name\":\"Accueil\",\"item\":\"https:\/\/sadcdev.picard.ca\/\"},{\"@type\":\"ListItem\",\"position\":2,\"name\":\"Management\"}]},{\"@type\":\"WebSite\",\"@id\":\"https:\/\/sadcdev.picard.ca\/fr\/#website\",\"url\":\"https:\/\/sadcdev.picard.ca\/fr\/\",\"name\":\"CAE Laprade Trois-Rivi\u00e8res\",\"description\":\"On soutient et finance vos projets locaux\",\"publisher\":{\"@id\":\"https:\/\/sadcdev.picard.ca\/fr\/#organization\"},\"potentialAction\":[{\"@type\":\"SearchAction\",\"target\":{\"@type\":\"EntryPoint\",\"urlTemplate\":\"https:\/\/sadcdev.picard.ca\/fr\/?s={search_term_string}\"},\"query-input\":{\"@type\":\"PropertyValueSpecification\",\"valueRequired\":true,\"valueName\":\"search_term_string\"}}],\"inLanguage\":\"en-US\"},{\"@type\":\"Organization\",\"@id\":\"https:\/\/sadcdev.picard.ca\/fr\/#organization\",\"name\":\"CAE Laprade Trois-Rivi\u00e8res Inc.\",\"url\":\"https:\/\/sadcdev.picard.ca\/fr\/\",\"logo\":{\"@type\":\"ImageObject\",\"inLanguage\":\"en-US\",\"@id\":\"https:\/\/sadcdev.picard.ca\/fr\/#\/schema\/logo\/image\/\",\"url\":\"https:\/\/sadcdev.picard.ca\/wp-content\/uploads\/2024\/09\/SADC_Facebook_PhotoProfil.jpg\",\"contentUrl\":\"https:\/\/sadcdev.picard.ca\/wp-content\/uploads\/2024\/09\/SADC_Facebook_PhotoProfil.jpg\",\"width\":640,\"height\":640,\"caption\":\"CAE Laprade Trois-Rivi\u00e8res Inc.\"},\"image\":{\"@id\":\"https:\/\/sadcdev.picard.ca\/fr\/#\/schema\/logo\/image\/\"}}]}<\/script>\n<!-- \/ Yoast SEO plugin. -->","yoast_head_json":{"title":"SADC-CAE - Management","robots":{"index":"noindex","follow":"follow","max-snippet":"max-snippet:-1","max-image-preview":"max-image-preview:large","max-video-preview":"max-video-preview:-1"},"og_locale":"en_US","og_type":"article","og_title":"SADC-CAE - Management","og_description":"Managing a business to maximize its human and material potential is a significant challenge. Take advantage of management consulting services to ensure you achieve your goals and results. Find your SADC+CAE The SADCs + CAEs guide you Managing a business encompasses many aspects, each holding its significance. For an entrepreneur, it can be challenging to [&hellip;]","og_url":"https:\/\/sadcdev.picard.ca\/en\/management\/","og_site_name":"SADC-CAE","article_modified_time":"2024-10-08T18:05:32+00:00","og_image":[{"url":"https:\/\/sadcdev.picard.ca\/wp-content\/uploads\/2024\/07\/sadc-cae-frame.png","type":"","width":"","height":""}],"twitter_card":"summary_large_image","twitter_misc":{"Est. reading time":"2 minutes"},"schema":{"@context":"https:\/\/schema.org","@graph":[{"@type":"WebPage","@id":"https:\/\/sadcdev.picard.ca\/en\/management\/","url":"https:\/\/sadcdev.picard.ca\/en\/management\/","name":"SADC-CAE - Management","isPartOf":{"@id":"https:\/\/sadcdev.picard.ca\/fr\/#website"},"primaryImageOfPage":{"@id":"https:\/\/sadcdev.picard.ca\/en\/management\/#primaryimage"},"image":{"@id":"https:\/\/sadcdev.picard.ca\/en\/management\/#primaryimage"},"thumbnailUrl":"https:\/\/sadcdev.picard.ca\/wp-content\/uploads\/2024\/07\/sadc-cae-frame.png","datePublished":"2024-05-01T18:23:20+00:00","dateModified":"2024-10-08T18:05:32+00:00","breadcrumb":{"@id":"https:\/\/sadcdev.picard.ca\/en\/management\/#breadcrumb"},"inLanguage":"en-US","potentialAction":[{"@type":"ReadAction","target":["https:\/\/sadcdev.picard.ca\/en\/management\/"]}]},{"@type":"ImageObject","inLanguage":"en-US","@id":"https:\/\/sadcdev.picard.ca\/en\/management\/#primaryimage","url":"https:\/\/sadcdev.picard.ca\/wp-content\/uploads\/2024\/07\/sadc-cae-frame.png","contentUrl":"https:\/\/sadcdev.picard.ca\/wp-content\/uploads\/2024\/07\/sadc-cae-frame.png"},{"@type":"BreadcrumbList","@id":"https:\/\/sadcdev.picard.ca\/en\/management\/#breadcrumb","itemListElement":[{"@type":"ListItem","position":1,"name":"Accueil","item":"https:\/\/sadcdev.picard.ca\/"},{"@type":"ListItem","position":2,"name":"Management"}]},{"@type":"WebSite","@id":"https:\/\/sadcdev.picard.ca\/fr\/#website","url":"https:\/\/sadcdev.picard.ca\/fr\/","name":"CAE Laprade Trois-Rivi\u00e8res","description":"On soutient et finance vos projets locaux","publisher":{"@id":"https:\/\/sadcdev.picard.ca\/fr\/#organization"},"potentialAction":[{"@type":"SearchAction","target":{"@type":"EntryPoint","urlTemplate":"https:\/\/sadcdev.picard.ca\/fr\/?s={search_term_string}"},"query-input":{"@type":"PropertyValueSpecification","valueRequired":true,"valueName":"search_term_string"}}],"inLanguage":"en-US"},{"@type":"Organization","@id":"https:\/\/sadcdev.picard.ca\/fr\/#organization","name":"CAE Laprade Trois-Rivi\u00e8res Inc.","url":"https:\/\/sadcdev.picard.ca\/fr\/","logo":{"@type":"ImageObject","inLanguage":"en-US","@id":"https:\/\/sadcdev.picard.ca\/fr\/#\/schema\/logo\/image\/","url":"https:\/\/sadcdev.picard.ca\/wp-content\/uploads\/2024\/09\/SADC_Facebook_PhotoProfil.jpg","contentUrl":"https:\/\/sadcdev.picard.ca\/wp-content\/uploads\/2024\/09\/SADC_Facebook_PhotoProfil.jpg","width":640,"height":640,"caption":"CAE Laprade Trois-Rivi\u00e8res Inc."},"image":{"@id":"https:\/\/sadcdev.picard.ca\/fr\/#\/schema\/logo\/image\/"}}]}},"_links":{"self":[{"href":"https:\/\/sadcdev.picard.ca\/en\/wp-json\/wp\/v2\/pages\/6482","targetHints":{"allow":["GET"]}}],"collection":[{"href":"https:\/\/sadcdev.picard.ca\/en\/wp-json\/wp\/v2\/pages"}],"about":[{"href":"https:\/\/sadcdev.picard.ca\/en\/wp-json\/wp\/v2\/types\/page"}],"author":[{"embeddable":true,"href":"https:\/\/sadcdev.picard.ca\/en\/wp-json\/wp\/v2\/users\/2"}],"replies":[{"embeddable":true,"href":"https:\/\/sadcdev.picard.ca\/en\/wp-json\/wp\/v2\/comments?post=6482"}],"version-history":[{"count":0,"href":"https:\/\/sadcdev.picard.ca\/en\/wp-json\/wp\/v2\/pages\/6482\/revisions"}],"wp:attachment":[{"href":"https:\/\/sadcdev.picard.ca\/en\/wp-json\/wp\/v2\/media?parent=6482"}],"curies":[{"name":"wp","href":"https:\/\/api.w.org\/{rel}","templated":true}]}}