{"id":1569,"date":"2021-04-15T23:58:01","date_gmt":"2021-04-15T23:58:01","guid":{"rendered":"https:\/\/sadccae.wpengine.com\/transfert-et-releve\/"},"modified":"2024-12-19T14:13:09","modified_gmt":"2024-12-19T19:13:09","slug":"businessess-transfert-repreneuriat","status":"publish","type":"page","link":"https:\/\/sadcdev.picard.ca\/en\/businessess-transfert-repreneuriat\/","title":{"rendered":"Businesses Transfer \/ repreneuriat"},"content":{"rendered":"\t\t<div data-elementor-type=\"wp-page\" data-elementor-id=\"1569\" class=\"elementor elementor-1569 elementor-913\" data-elementor-post-type=\"page\">\n\t\t\t\t\t\t<section class=\"elementor-section elementor-top-section elementor-element elementor-element-9243659 elementor-section-boxed elementor-section-height-default elementor-section-height-default\" data-id=\"9243659\" data-element_type=\"section\" data-e-type=\"section\" data-settings=\"{&quot;background_background&quot;:&quot;classic&quot;}\">\n\t\t\t\t\t\t<div class=\"elementor-container elementor-column-gap-default\">\n\t\t\t\t\t<div class=\"elementor-column elementor-col-100 elementor-top-column elementor-element elementor-element-081bb18\" data-id=\"081bb18\" data-element_type=\"column\" data-e-type=\"column\">\n\t\t\t<div class=\"elementor-widget-wrap elementor-element-populated\">\n\t\t\t\t\t\t<section class=\"elementor-section elementor-inner-section elementor-element elementor-element-84bb300 elementor-section-boxed elementor-section-height-default elementor-section-height-default\" data-id=\"84bb300\" data-element_type=\"section\" data-e-type=\"section\">\n\t\t\t\t\t\t<div class=\"elementor-container elementor-column-gap-default\">\n\t\t\t\t\t<div class=\"elementor-column elementor-col-50 elementor-inner-column elementor-element elementor-element-20a7e88\" data-id=\"20a7e88\" data-element_type=\"column\" data-e-type=\"column\">\n\t\t\t<div class=\"elementor-widget-wrap elementor-element-populated\">\n\t\t\t\t\t\t<div class=\"elementor-element elementor-element-f88d0ab elementor-widget__width-initial elementor-widget elementor-widget-heading\" data-id=\"f88d0ab\" data-element_type=\"widget\" data-e-type=\"widget\" data-widget_type=\"heading.default\">\n\t\t\t\t\t<div class=\"elementor-heading-title elementor-size-default\">Businesses Transfer \/ repreneuriat<\/div>\t\t\t\t<\/div>\n\t\t\t\t<div class=\"elementor-element elementor-element-b4ee3ad elementor-widget elementor-widget-heading\" data-id=\"b4ee3ad\" data-element_type=\"widget\" data-e-type=\"widget\" data-widget_type=\"heading.default\">\n\t\t\t\t\t<div class=\"elementor-heading-title elementor-size-default\">Leading a business to maximize its human and material potential is a significant challenge. Benefit from management consulting services to ensure you achieve your goals and results.<\/div>\t\t\t\t<\/div>\n\t\t\t\t\t<\/div>\n\t\t<\/div>\n\t\t\t\t<div class=\"elementor-column elementor-col-50 elementor-inner-column elementor-element elementor-element-248dfad\" data-id=\"248dfad\" data-element_type=\"column\" data-e-type=\"column\">\n\t\t\t<div class=\"elementor-widget-wrap elementor-element-populated\">\n\t\t\t\t\t\t<div class=\"elementor-element elementor-element-107f6fc elementor-widget__width-auto elementor-widget elementor-widget-button\" data-id=\"107f6fc\" data-element_type=\"widget\" data-e-type=\"widget\" data-widget_type=\"button.default\">\n\t\t\t\t\t\t\t\t\t\t<a class=\"elementor-button elementor-button-link elementor-size-sm\" href=\"https:\/\/sadcdev.picard.ca\/en\/find-your-sadc-and-cae\/\">\n\t\t\t\t\t\t<span class=\"elementor-button-content-wrapper\">\n\t\t\t\t\t\t\t\t\t<span class=\"elementor-button-text\">Find your SADC+CAE<\/span>\n\t\t\t\t\t<\/span>\n\t\t\t\t\t<\/a>\n\t\t\t\t\t\t\t\t<\/div>\n\t\t\t\t\t<\/div>\n\t\t<\/div>\n\t\t\t\t\t<\/div>\n\t\t<\/section>\n\t\t\t\t<div class=\"elementor-element elementor-element-05daa32 elementor-widget elementor-widget-image\" data-id=\"05daa32\" data-element_type=\"widget\" data-e-type=\"widget\" data-widget_type=\"image.default\">\n\t\t\t\t\t\t\t\t\t\t\t\t\t\t\t<img fetchpriority=\"high\" decoding=\"async\" width=\"1312\" height=\"669\" src=\"https:\/\/sadcdev.picard.ca\/wp-content\/uploads\/2024\/07\/sadc-cae-frame.png\" class=\"attachment-full size-full wp-image-5579\" alt=\"\" srcset=\"https:\/\/sadcdev.picard.ca\/wp-content\/uploads\/2024\/07\/sadc-cae-frame.png 1312w, https:\/\/sadcdev.picard.ca\/wp-content\/uploads\/2024\/07\/sadc-cae-frame-300x153.png 300w, https:\/\/sadcdev.picard.ca\/wp-content\/uploads\/2024\/07\/sadc-cae-frame-1024x522.png 1024w, https:\/\/sadcdev.picard.ca\/wp-content\/uploads\/2024\/07\/sadc-cae-frame-768x392.png 768w\" sizes=\"(max-width: 1312px) 100vw, 1312px\" \/>\t\t\t\t\t\t\t\t\t\t\t\t\t\t\t<\/div>\n\t\t\t\t\t<\/div>\n\t\t<\/div>\n\t\t\t\t\t<\/div>\n\t\t<\/section>\n\t\t\t\t<section class=\"elementor-section elementor-top-section elementor-element elementor-element-b7c3ae4 elementor-section-boxed elementor-section-height-default elementor-section-height-default\" data-id=\"b7c3ae4\" data-element_type=\"section\" data-e-type=\"section\" data-settings=\"{&quot;background_background&quot;:&quot;classic&quot;}\">\n\t\t\t\t\t\t<div class=\"elementor-container elementor-column-gap-default\">\n\t\t\t\t\t<div class=\"elementor-column elementor-col-50 elementor-top-column elementor-element elementor-element-5baa8d2\" data-id=\"5baa8d2\" data-element_type=\"column\" data-e-type=\"column\">\n\t\t\t<div class=\"elementor-widget-wrap elementor-element-populated\">\n\t\t\t\t\t\t<div class=\"elementor-element elementor-element-7b48b32 elementor-widget__width-auto elementor-widget elementor-widget-heading\" data-id=\"7b48b32\" data-element_type=\"widget\" data-e-type=\"widget\" data-widget_type=\"heading.default\">\n\t\t\t\t\t<div class=\"elementor-heading-title elementor-size-default\">To succeed in your transfer<\/div>\t\t\t\t<\/div>\n\t\t\t\t\t<\/div>\n\t\t<\/div>\n\t\t\t\t<div class=\"elementor-column elementor-col-50 elementor-top-column elementor-element elementor-element-d8a2dff column-listing\" data-id=\"d8a2dff\" data-element_type=\"column\" data-e-type=\"column\">\n\t\t\t<div class=\"elementor-widget-wrap elementor-element-populated\">\n\t\t\t\t\t\t<div class=\"elementor-element elementor-element-90ce366 elementor-widget elementor-widget-text-editor\" data-id=\"90ce366\" data-element_type=\"widget\" data-e-type=\"widget\" data-widget_type=\"text-editor.default\">\n\t\t\t\t\t\t\t\t\t<p>The SADC and CAE are here to facilitate your processes. Whether you are the transferring owner or the new successor, you need a succession plan. The transfer of ownership goes beyond taxation and financing, and the SADC or CAE in your region is well aware of all the steps to take to successfully complete your transfer harmoniously.<\/p>\t\t\t\t\t\t\t\t<\/div>\n\t\t\t\t\t<\/div>\n\t\t<\/div>\n\t\t\t\t\t<\/div>\n\t\t<\/section>\n\t\t\t\t<section class=\"elementor-section elementor-top-section elementor-element elementor-element-18bc3e2 elementor-section-boxed elementor-section-height-default elementor-section-height-default\" data-id=\"18bc3e2\" data-element_type=\"section\" data-e-type=\"section\" data-settings=\"{&quot;background_background&quot;:&quot;classic&quot;}\">\n\t\t\t\t\t\t<div class=\"elementor-container elementor-column-gap-default\">\n\t\t\t\t\t<div class=\"elementor-column elementor-col-50 elementor-top-column elementor-element elementor-element-935895b\" data-id=\"935895b\" data-element_type=\"column\" data-e-type=\"column\">\n\t\t\t<div class=\"elementor-widget-wrap elementor-element-populated\">\n\t\t\t\t\t\t<div class=\"elementor-element elementor-element-d517a4b elementor-widget__width-auto elementor-widget elementor-widget-heading\" data-id=\"d517a4b\" data-element_type=\"widget\" data-e-type=\"widget\" data-widget_type=\"heading.default\">\n\t\t\t\t\t<div class=\"elementor-heading-title elementor-size-default\">Our expertise<\/div>\t\t\t\t<\/div>\n\t\t\t\t\t<\/div>\n\t\t<\/div>\n\t\t\t\t<div class=\"elementor-column elementor-col-50 elementor-top-column elementor-element elementor-element-e7fbc94 column-listing\" data-id=\"e7fbc94\" data-element_type=\"column\" data-e-type=\"column\">\n\t\t\t<div class=\"elementor-widget-wrap elementor-element-populated\">\n\t\t\t\t\t\t<div class=\"elementor-element elementor-element-005df06 elementor-widget elementor-widget-text-editor\" data-id=\"005df06\" data-element_type=\"widget\" data-e-type=\"widget\" data-widget_type=\"text-editor.default\">\n\t\t\t\t\t\t\t\t\t<p>You can benefit from ongoing support and you will be able to:<\/p><ul><li>Access specialized consultants<\/li><li>Obtain specific funding<\/li><li>Receive training<\/li><li>Get support after the transfer<\/li><\/ul>\t\t\t\t\t\t\t\t<\/div>\n\t\t\t\t\t<\/div>\n\t\t<\/div>\n\t\t\t\t\t<\/div>\n\t\t<\/section>\n\t\t\t\t<section class=\"elementor-section elementor-top-section elementor-element elementor-element-f5ab469 elementor-section-boxed elementor-section-height-default elementor-section-height-default\" data-id=\"f5ab469\" data-element_type=\"section\" data-e-type=\"section\" data-settings=\"{&quot;background_background&quot;:&quot;classic&quot;}\">\n\t\t\t\t\t\t<div class=\"elementor-container elementor-column-gap-default\">\n\t\t\t\t\t<div class=\"elementor-column elementor-col-100 elementor-top-column elementor-element elementor-element-f322df8\" data-id=\"f322df8\" data-element_type=\"column\" data-e-type=\"column\">\n\t\t\t<div class=\"elementor-widget-wrap elementor-element-populated\">\n\t\t\t\t\t\t<section class=\"elementor-section elementor-inner-section elementor-element elementor-element-ce1e579 elementor-section-boxed elementor-section-height-default elementor-section-height-default\" data-id=\"ce1e579\" data-element_type=\"section\" data-e-type=\"section\">\n\t\t\t\t\t\t<div class=\"elementor-container elementor-column-gap-default\">\n\t\t\t\t\t<div class=\"elementor-column elementor-col-33 elementor-inner-column elementor-element elementor-element-674e2ab\" data-id=\"674e2ab\" data-element_type=\"column\" data-e-type=\"column\" data-settings=\"{&quot;background_background&quot;:&quot;classic&quot;}\">\n\t\t\t<div class=\"elementor-widget-wrap elementor-element-populated\">\n\t\t\t\t\t\t<div class=\"elementor-element elementor-element-b6e1383 elementor-widget elementor-widget-image\" data-id=\"b6e1383\" data-element_type=\"widget\" data-e-type=\"widget\" data-widget_type=\"image.default\">\n\t\t\t\t\t\t\t\t\t\t\t\t\t\t\t<img decoding=\"async\" width=\"1\" height=\"1\" src=\"https:\/\/sadcdev.picard.ca\/wp-content\/uploads\/2024\/03\/triangle.svg\" class=\"attachment-large size-large wp-image-4657\" alt=\"\" \/>\t\t\t\t\t\t\t\t\t\t\t\t\t\t\t<\/div>\n\t\t\t\t\t<\/div>\n\t\t<\/div>\n\t\t\t\t<div class=\"elementor-column elementor-col-33 elementor-inner-column elementor-element elementor-element-8ff06cb\" data-id=\"8ff06cb\" data-element_type=\"column\" data-e-type=\"column\">\n\t\t\t<div class=\"elementor-widget-wrap\">\n\t\t\t\t\t\t\t<\/div>\n\t\t<\/div>\n\t\t\t\t<div class=\"elementor-column elementor-col-33 elementor-inner-column elementor-element elementor-element-453148f\" data-id=\"453148f\" data-element_type=\"column\" data-e-type=\"column\">\n\t\t\t<div class=\"elementor-widget-wrap elementor-element-populated\">\n\t\t\t\t\t\t<div class=\"elementor-element elementor-element-736cb37 elementor-widget elementor-widget-heading\" data-id=\"736cb37\" data-element_type=\"widget\" data-e-type=\"widget\" data-widget_type=\"heading.default\">\n\t\t\t\t\t<div class=\"elementor-heading-title elementor-size-default\">Advice: Business Transfer and Takeover<\/div>\t\t\t\t<\/div>\n\t\t\t\t<div class=\"elementor-element elementor-element-30a42a0 elementor-widget elementor-widget-heading\" data-id=\"30a42a0\" data-element_type=\"widget\" data-e-type=\"widget\" data-widget_type=\"heading.default\">\n\t\t\t\t\t<div class=\"elementor-heading-title elementor-size-default\">At all stages of starting a business, good advice can greatly simplify your processes.<\/div>\t\t\t\t<\/div>\n\t\t\t\t<div class=\"elementor-element elementor-element-0a9a209 elementor-widget elementor-widget-button\" data-id=\"0a9a209\" data-element_type=\"widget\" data-e-type=\"widget\" data-widget_type=\"button.default\">\n\t\t\t\t\t\t\t\t\t\t<a class=\"elementor-button elementor-button-link elementor-size-sm\" href=\"https:\/\/sadcdev.picard.ca\/en\/conseils-et-outils\/transfer-and-succession\/\">\n\t\t\t\t\t\t<span class=\"elementor-button-content-wrapper\">\n\t\t\t\t\t\t\t\t\t<span class=\"elementor-button-text\">Learn more<\/span>\n\t\t\t\t\t<\/span>\n\t\t\t\t\t<\/a>\n\t\t\t\t\t\t\t\t<\/div>\n\t\t\t\t\t<\/div>\n\t\t<\/div>\n\t\t\t\t\t<\/div>\n\t\t<\/section>\n\t\t\t\t\t<\/div>\n\t\t<\/div>\n\t\t\t\t\t<\/div>\n\t\t<\/section>\n\t\t\t\t<section class=\"elementor-section elementor-top-section elementor-element elementor-element-9a2bd49 elementor-hidden-mobile elementor-section-boxed elementor-section-height-default elementor-section-height-default\" data-id=\"9a2bd49\" data-element_type=\"section\" data-e-type=\"section\" data-settings=\"{&quot;background_background&quot;:&quot;classic&quot;}\">\n\t\t\t\t\t\t\t<div class=\"elementor-background-overlay\"><\/div>\n\t\t\t\t\t\t\t<div class=\"elementor-container elementor-column-gap-default\">\n\t\t\t\t\t<div class=\"elementor-column elementor-col-100 elementor-top-column elementor-element elementor-element-adb9b37 video-slider-wrapper\" data-id=\"adb9b37\" data-element_type=\"column\" data-e-type=\"column\">\n\t\t\t<div class=\"elementor-widget-wrap elementor-element-populated\">\n\t\t\t\t\t\t<section class=\"elementor-section elementor-inner-section elementor-element elementor-element-87f17c3 elementor-section-height-min-height elementor-section-content-bottom video-wrapper elementor-section-boxed elementor-section-height-default\" data-id=\"87f17c3\" data-element_type=\"section\" data-e-type=\"section\" data-settings=\"{&quot;background_background&quot;:&quot;classic&quot;}\">\n\t\t\t\t\t\t\t<div class=\"elementor-background-overlay\"><\/div>\n\t\t\t\t\t\t\t<div class=\"elementor-container elementor-column-gap-no\">\n\t\t\t\t\t<div class=\"elementor-column elementor-col-100 elementor-inner-column elementor-element elementor-element-d5406ed\" data-id=\"d5406ed\" data-element_type=\"column\" data-e-type=\"column\">\n\t\t\t<div class=\"elementor-widget-wrap elementor-element-populated\">\n\t\t\t\t\t\t<div class=\"elementor-element elementor-element-3034b4c elementor-widget elementor-widget-heading\" data-id=\"3034b4c\" data-element_type=\"widget\" data-e-type=\"widget\" data-widget_type=\"heading.default\">\n\t\t\t\t\t<div class=\"elementor-heading-title elementor-size-default\">De nouveaux horizons pour Viandes Lafrance<\/div>\t\t\t\t<\/div>\n\t\t\t\t<div class=\"elementor-element elementor-element-21db958 elementor-widget__width-initial elementor-widget elementor-widget-text-editor\" data-id=\"21db958\" data-element_type=\"widget\" data-e-type=\"widget\" data-widget_type=\"text-editor.default\">\n\t\t\t\t\t\t\t\t\t<p><i><span style=\"font-family: arial, sans-serif;\">Choisir le repreneuriat pour faire prosp\u00e9rer une entreprise et le travail de ceux qui ont pr\u00e9c\u00e9d\u00e9.<\/span><\/i><\/p>\t\t\t\t\t\t\t\t<\/div>\n\t\t\t\t<div class=\"elementor-element elementor-element-d6dfc58 elementor-widget elementor-widget-video\" data-id=\"d6dfc58\" data-element_type=\"widget\" data-e-type=\"widget\" data-settings=\"{&quot;youtube_url&quot;:&quot;https:\\\/\\\/youtu.be\\\/PKTUftH25yI&quot;,&quot;video_type&quot;:&quot;youtube&quot;,&quot;controls&quot;:&quot;yes&quot;}\" data-widget_type=\"video.default\">\n\t\t\t\t\t\t\t<div class=\"elementor-wrapper elementor-open-inline\">\n\t\t\t<div class=\"elementor-video\"><\/div>\t\t<\/div>\n\t\t\t\t\t\t<\/div>\n\t\t\t\t<div class=\"elementor-element elementor-element-edbeee3 video-play elementor-widget__width-auto elementor-absolute elementor-widget elementor-widget-image\" data-id=\"edbeee3\" data-element_type=\"widget\" data-e-type=\"widget\" data-settings=\"{&quot;_position&quot;:&quot;absolute&quot;}\" data-widget_type=\"image.default\">\n\t\t\t\t\t\t\t\t\t\t\t\t\t\t\t<img decoding=\"async\" width=\"102\" height=\"102\" src=\"https:\/\/sadcdev.picard.ca\/wp-content\/uploads\/2022\/02\/play-video.png\" class=\"attachment-large size-large wp-image-2630\" alt=\"\" \/>\t\t\t\t\t\t\t\t\t\t\t\t\t\t\t<\/div>\n\t\t\t\t\t<\/div>\n\t\t<\/div>\n\t\t\t\t\t<\/div>\n\t\t<\/section>\n\t\t\t\t\t<\/div>\n\t\t<\/div>\n\t\t\t\t\t<\/div>\n\t\t<\/section>\n\t\t\t\t<\/div>\n\t\t","protected":false},"excerpt":{"rendered":"<p>Leading a business to maximize its human and material potential is a significant challenge. Benefit from management consulting services to ensure you achieve your goals and results. Find your SADC+CAE To succeed in your transfer The SADC and CAE are here to facilitate your processes. Whether you are the transferring owner or the new successor, [&hellip;]<\/p>\n","protected":false},"author":2,"featured_media":0,"parent":0,"menu_order":0,"comment_status":"closed","ping_status":"closed","template":"","meta":{"_acf_changed":false,"footnotes":""},"class_list":["post-1569","page","type-page","status-publish","hentry","services-accompagnement-aux-entreprises"],"acf":[],"yoast_head":"<!-- This site is optimized with the Yoast SEO plugin v26.8 - https:\/\/yoast.com\/product\/yoast-seo-wordpress\/ -->\n<title>SADC-CAE - Businesses Transfer \/ repreneuriat<\/title>\n<meta name=\"description\" content=\"Planifiez votre rel\u00e8ve d&#039;entreprise avec les conseils de votre SADC ou CAE.\" \/>\n<meta name=\"robots\" content=\"noindex, follow, max-snippet:-1, max-image-preview:large, max-video-preview:-1\" \/>\n<meta property=\"og:locale\" content=\"en_US\" \/>\n<meta property=\"og:type\" content=\"article\" \/>\n<meta property=\"og:title\" content=\"SADC-CAE - Businesses Transfer \/ repreneuriat\" \/>\n<meta property=\"og:description\" content=\"Planifiez votre rel\u00e8ve d&#039;entreprise avec les conseils de votre SADC ou CAE.\" \/>\n<meta property=\"og:url\" content=\"https:\/\/sadcdev.picard.ca\/en\/businessess-transfert-repreneuriat\/\" \/>\n<meta property=\"og:site_name\" content=\"SADC-CAE\" \/>\n<meta property=\"article:modified_time\" content=\"2024-12-19T19:13:09+00:00\" \/>\n<meta property=\"og:image\" content=\"https:\/\/sadcdev.picard.ca\/wp-content\/uploads\/2024\/07\/sadc-cae-frame.png\" \/>\n<meta name=\"twitter:card\" content=\"summary_large_image\" \/>\n<meta name=\"twitter:label1\" content=\"Est. reading time\" \/>\n\t<meta name=\"twitter:data1\" content=\"2 minutes\" \/>\n<script type=\"application\/ld+json\" class=\"yoast-schema-graph\">{\"@context\":\"https:\/\/schema.org\",\"@graph\":[{\"@type\":\"WebPage\",\"@id\":\"https:\/\/sadcdev.picard.ca\/en\/businessess-transfert-repreneuriat\/\",\"url\":\"https:\/\/sadcdev.picard.ca\/en\/businessess-transfert-repreneuriat\/\",\"name\":\"SADC-CAE - Businesses Transfer \/ repreneuriat\",\"isPartOf\":{\"@id\":\"https:\/\/sadcdev.picard.ca\/fr\/#website\"},\"primaryImageOfPage\":{\"@id\":\"https:\/\/sadcdev.picard.ca\/en\/businessess-transfert-repreneuriat\/#primaryimage\"},\"image\":{\"@id\":\"https:\/\/sadcdev.picard.ca\/en\/businessess-transfert-repreneuriat\/#primaryimage\"},\"thumbnailUrl\":\"https:\/\/sadcdev.picard.ca\/wp-content\/uploads\/2024\/07\/sadc-cae-frame.png\",\"datePublished\":\"2021-04-15T23:58:01+00:00\",\"dateModified\":\"2024-12-19T19:13:09+00:00\",\"description\":\"Planifiez votre rel\u00e8ve d'entreprise avec les conseils de votre SADC ou CAE.\",\"breadcrumb\":{\"@id\":\"https:\/\/sadcdev.picard.ca\/en\/businessess-transfert-repreneuriat\/#breadcrumb\"},\"inLanguage\":\"en-US\",\"potentialAction\":[{\"@type\":\"ReadAction\",\"target\":[\"https:\/\/sadcdev.picard.ca\/en\/businessess-transfert-repreneuriat\/\"]}]},{\"@type\":\"ImageObject\",\"inLanguage\":\"en-US\",\"@id\":\"https:\/\/sadcdev.picard.ca\/en\/businessess-transfert-repreneuriat\/#primaryimage\",\"url\":\"https:\/\/sadcdev.picard.ca\/wp-content\/uploads\/2024\/07\/sadc-cae-frame.png\",\"contentUrl\":\"https:\/\/sadcdev.picard.ca\/wp-content\/uploads\/2024\/07\/sadc-cae-frame.png\"},{\"@type\":\"BreadcrumbList\",\"@id\":\"https:\/\/sadcdev.picard.ca\/en\/businessess-transfert-repreneuriat\/#breadcrumb\",\"itemListElement\":[{\"@type\":\"ListItem\",\"position\":1,\"name\":\"Accueil\",\"item\":\"https:\/\/sadcdev.picard.ca\/\"},{\"@type\":\"ListItem\",\"position\":2,\"name\":\"Businesses Transfer \/ repreneuriat\"}]},{\"@type\":\"WebSite\",\"@id\":\"https:\/\/sadcdev.picard.ca\/fr\/#website\",\"url\":\"https:\/\/sadcdev.picard.ca\/fr\/\",\"name\":\"CAE Laprade Trois-Rivi\u00e8res\",\"description\":\"On soutient et finance vos projets locaux\",\"publisher\":{\"@id\":\"https:\/\/sadcdev.picard.ca\/fr\/#organization\"},\"potentialAction\":[{\"@type\":\"SearchAction\",\"target\":{\"@type\":\"EntryPoint\",\"urlTemplate\":\"https:\/\/sadcdev.picard.ca\/fr\/?s={search_term_string}\"},\"query-input\":{\"@type\":\"PropertyValueSpecification\",\"valueRequired\":true,\"valueName\":\"search_term_string\"}}],\"inLanguage\":\"en-US\"},{\"@type\":\"Organization\",\"@id\":\"https:\/\/sadcdev.picard.ca\/fr\/#organization\",\"name\":\"CAE Laprade Trois-Rivi\u00e8res Inc.\",\"url\":\"https:\/\/sadcdev.picard.ca\/fr\/\",\"logo\":{\"@type\":\"ImageObject\",\"inLanguage\":\"en-US\",\"@id\":\"https:\/\/sadcdev.picard.ca\/fr\/#\/schema\/logo\/image\/\",\"url\":\"https:\/\/sadcdev.picard.ca\/wp-content\/uploads\/2024\/09\/SADC_Facebook_PhotoProfil.jpg\",\"contentUrl\":\"https:\/\/sadcdev.picard.ca\/wp-content\/uploads\/2024\/09\/SADC_Facebook_PhotoProfil.jpg\",\"width\":640,\"height\":640,\"caption\":\"CAE Laprade Trois-Rivi\u00e8res Inc.\"},\"image\":{\"@id\":\"https:\/\/sadcdev.picard.ca\/fr\/#\/schema\/logo\/image\/\"}}]}<\/script>\n<!-- \/ Yoast SEO plugin. -->","yoast_head_json":{"title":"SADC-CAE - Businesses Transfer \/ repreneuriat","description":"Planifiez votre rel\u00e8ve d'entreprise avec les conseils de votre SADC ou CAE.","robots":{"index":"noindex","follow":"follow","max-snippet":"max-snippet:-1","max-image-preview":"max-image-preview:large","max-video-preview":"max-video-preview:-1"},"og_locale":"en_US","og_type":"article","og_title":"SADC-CAE - Businesses Transfer \/ repreneuriat","og_description":"Planifiez votre rel\u00e8ve d'entreprise avec les conseils de votre SADC ou CAE.","og_url":"https:\/\/sadcdev.picard.ca\/en\/businessess-transfert-repreneuriat\/","og_site_name":"SADC-CAE","article_modified_time":"2024-12-19T19:13:09+00:00","og_image":[{"url":"https:\/\/sadcdev.picard.ca\/wp-content\/uploads\/2024\/07\/sadc-cae-frame.png","type":"","width":"","height":""}],"twitter_card":"summary_large_image","twitter_misc":{"Est. reading time":"2 minutes"},"schema":{"@context":"https:\/\/schema.org","@graph":[{"@type":"WebPage","@id":"https:\/\/sadcdev.picard.ca\/en\/businessess-transfert-repreneuriat\/","url":"https:\/\/sadcdev.picard.ca\/en\/businessess-transfert-repreneuriat\/","name":"SADC-CAE - Businesses Transfer \/ repreneuriat","isPartOf":{"@id":"https:\/\/sadcdev.picard.ca\/fr\/#website"},"primaryImageOfPage":{"@id":"https:\/\/sadcdev.picard.ca\/en\/businessess-transfert-repreneuriat\/#primaryimage"},"image":{"@id":"https:\/\/sadcdev.picard.ca\/en\/businessess-transfert-repreneuriat\/#primaryimage"},"thumbnailUrl":"https:\/\/sadcdev.picard.ca\/wp-content\/uploads\/2024\/07\/sadc-cae-frame.png","datePublished":"2021-04-15T23:58:01+00:00","dateModified":"2024-12-19T19:13:09+00:00","description":"Planifiez votre rel\u00e8ve d'entreprise avec les conseils de votre SADC ou CAE.","breadcrumb":{"@id":"https:\/\/sadcdev.picard.ca\/en\/businessess-transfert-repreneuriat\/#breadcrumb"},"inLanguage":"en-US","potentialAction":[{"@type":"ReadAction","target":["https:\/\/sadcdev.picard.ca\/en\/businessess-transfert-repreneuriat\/"]}]},{"@type":"ImageObject","inLanguage":"en-US","@id":"https:\/\/sadcdev.picard.ca\/en\/businessess-transfert-repreneuriat\/#primaryimage","url":"https:\/\/sadcdev.picard.ca\/wp-content\/uploads\/2024\/07\/sadc-cae-frame.png","contentUrl":"https:\/\/sadcdev.picard.ca\/wp-content\/uploads\/2024\/07\/sadc-cae-frame.png"},{"@type":"BreadcrumbList","@id":"https:\/\/sadcdev.picard.ca\/en\/businessess-transfert-repreneuriat\/#breadcrumb","itemListElement":[{"@type":"ListItem","position":1,"name":"Accueil","item":"https:\/\/sadcdev.picard.ca\/"},{"@type":"ListItem","position":2,"name":"Businesses Transfer \/ repreneuriat"}]},{"@type":"WebSite","@id":"https:\/\/sadcdev.picard.ca\/fr\/#website","url":"https:\/\/sadcdev.picard.ca\/fr\/","name":"CAE Laprade Trois-Rivi\u00e8res","description":"On soutient et finance vos projets locaux","publisher":{"@id":"https:\/\/sadcdev.picard.ca\/fr\/#organization"},"potentialAction":[{"@type":"SearchAction","target":{"@type":"EntryPoint","urlTemplate":"https:\/\/sadcdev.picard.ca\/fr\/?s={search_term_string}"},"query-input":{"@type":"PropertyValueSpecification","valueRequired":true,"valueName":"search_term_string"}}],"inLanguage":"en-US"},{"@type":"Organization","@id":"https:\/\/sadcdev.picard.ca\/fr\/#organization","name":"CAE Laprade Trois-Rivi\u00e8res Inc.","url":"https:\/\/sadcdev.picard.ca\/fr\/","logo":{"@type":"ImageObject","inLanguage":"en-US","@id":"https:\/\/sadcdev.picard.ca\/fr\/#\/schema\/logo\/image\/","url":"https:\/\/sadcdev.picard.ca\/wp-content\/uploads\/2024\/09\/SADC_Facebook_PhotoProfil.jpg","contentUrl":"https:\/\/sadcdev.picard.ca\/wp-content\/uploads\/2024\/09\/SADC_Facebook_PhotoProfil.jpg","width":640,"height":640,"caption":"CAE Laprade Trois-Rivi\u00e8res Inc."},"image":{"@id":"https:\/\/sadcdev.picard.ca\/fr\/#\/schema\/logo\/image\/"}}]}},"_links":{"self":[{"href":"https:\/\/sadcdev.picard.ca\/en\/wp-json\/wp\/v2\/pages\/1569","targetHints":{"allow":["GET"]}}],"collection":[{"href":"https:\/\/sadcdev.picard.ca\/en\/wp-json\/wp\/v2\/pages"}],"about":[{"href":"https:\/\/sadcdev.picard.ca\/en\/wp-json\/wp\/v2\/types\/page"}],"author":[{"embeddable":true,"href":"https:\/\/sadcdev.picard.ca\/en\/wp-json\/wp\/v2\/users\/2"}],"replies":[{"embeddable":true,"href":"https:\/\/sadcdev.picard.ca\/en\/wp-json\/wp\/v2\/comments?post=1569"}],"version-history":[{"count":0,"href":"https:\/\/sadcdev.picard.ca\/en\/wp-json\/wp\/v2\/pages\/1569\/revisions"}],"wp:attachment":[{"href":"https:\/\/sadcdev.picard.ca\/en\/wp-json\/wp\/v2\/media?parent=1569"}],"curies":[{"name":"wp","href":"https:\/\/api.w.org\/{rel}","templated":true}]}}